{"id":6722,"date":"2017-05-17T19:59:40","date_gmt":"2017-05-17T17:59:40","guid":{"rendered":"http:\/\/klubmamgdynia.pl\/index.php\/produkt\/elodie-details-pokrowiec-na-przewijak-desert-rain-2-szt\/"},"modified":"2026-04-30T15:49:05","modified_gmt":"2026-04-30T13:49:05","slug":"elodie-details-pokrowiec-na-przewijak-desert-rain-2-szt","status":"publish","type":"product","link":"http:\/\/klubmamgdynia.pl\/index.php\/produkt\/elodie-details-pokrowiec-na-przewijak-desert-rain-2-szt\/","title":{"rendered":"Elodie Details Pokrowiec Na Przewijak Desert Rain 2 Szt."},"content":{"rendered":"<p>Pokrowiec na przewijak dla niemowl\u0105t i ma\u0142ych dzieci to wspania\u0142e rozwi\u0105zanie dla rodzic\u00f3w, kt\u00f3rzy nie chc\u0105 przewija\u0107 dziecka na zimnym przewijaku z ceraty. Opr\u00f3cz walor\u00f3w funkcjonalnych, pokrowce na przewijak Elodie Details dodadz\u0105 nieco stylu i uatrakcyjni\u0105 k\u0105cik dziecka. Prze\u015bcierad\u0142a na przewijak wykonane s\u0105 z certyfikowanej bawe\u0142ny, niezwykle \u0142agodnej dla wra\u017cliwej sk\u00f3ry niemowlaka. Elastyczny sp\u00f3d mo\u017cna \u0142atwo dopasowa\u0107 do wi\u0119kszo\u015bci dost\u0119pnych na rynku modeli mat do przewijania oraz przewijak\u00f3w. W opakowaniu znajduj\u0105 si\u0119 dwa pokrowce, dzi\u0119ki temu jeden z nich b\u0119dzie zawsze pod r\u0119k\u0105, podczas gdy drugi b\u0119dzie znajdowa\u0142 si\u0119 w pralce. Charakterystyka produktu Wymiary: 74&#215;48 cm Wz\u00f3r: desert rain Materia\u0142: 100% certyfikowana bawe\u0142na Oeko-Tex Liczba sztuk w opakowaniu: 2 Gwarancja: 24 miesi\u0105ce<\/p>\n<h2>Elodie Details Pokrowiec Na Przewijak Desert Rain 2 Szt. Elodie Details<\/h2>\n<p>darmowe kolorowanki kolorowanki dla dziewczynek, liwia imi\u0119, ach \u015bpij kochanie tekst, kolorowanki do druku zwierz\u0119ta, zabawki na roczek, cytaty przyja\u017a\u0144, iwo imi\u0119, quiz o \u015bwi\u0119tach, jasmin imi\u0119, p\u0142onie ognisko w lesie, pokemon kolorowanki do druku, sporty po francusku, \u015bwinka peppa do druku, atrakcje dla dzieci wroc\u0142aw<\/p>\n<p>yyyyy<\/p>\n<p>&nbsp;<\/p>\n","protected":false},"excerpt":{"rendered":"<p>Pokrowiec na przewijak dla niemowl\u0105t i ma\u0142ych dzieci to wspania\u0142e rozwi\u0105zanie dla rodzic\u00f3w, kt\u00f3rzy nie chc\u0105 przewija\u0107 dziecka na zimnym przewijaku z ceraty. Opr\u00f3cz walor\u00f3w funkcjonalnych, pokrowce na przewijak Elodie Details dodadz\u0105 nieco stylu i uatrakcyjni\u0105 k\u0105cik dziecka. Prze\u015bcierad\u0142a na przewijak wykonane s\u0105 z certyfikowanej bawe\u0142ny, niezwykle \u0142agodnej dla wra\u017cliwej sk\u00f3ry niemowlaka. Elastyczny sp\u00f3d mo\u017cna [&hellip;]<\/p>\n","protected":false},"featured_media":6723,"comment_status":"closed","ping_status":"open","template":"","meta":[],"product_cat":[1235,142],"product_tag":[705,647,623],"class_list":["post-6722","product","type-product","status-publish","has-post-thumbnail","hentry","product_cat-elodie-details","product_cat-przescieradla-dla-dzieci","product_tag-prezent-na-roczek-dla-chlopca","product_tag-warszawa-z-dzieckiem","product_tag-zagadki-logiczne-smieszne"],"_links":{"self":[{"href":"http:\/\/klubmamgdynia.pl\/index.php\/wp-json\/wp\/v2\/product\/6722","targetHints":{"allow":["GET"]}}],"collection":[{"href":"http:\/\/klubmamgdynia.pl\/index.php\/wp-json\/wp\/v2\/product"}],"about":[{"href":"http:\/\/klubmamgdynia.pl\/index.php\/wp-json\/wp\/v2\/types\/product"}],"replies":[{"embeddable":true,"href":"http:\/\/klubmamgdynia.pl\/index.php\/wp-json\/wp\/v2\/comments?post=6722"}],"wp:featuredmedia":[{"embeddable":true,"href":"http:\/\/klubmamgdynia.pl\/index.php\/wp-json\/wp\/v2\/media\/6723"}],"wp:attachment":[{"href":"http:\/\/klubmamgdynia.pl\/index.php\/wp-json\/wp\/v2\/media?parent=6722"}],"wp:term":[{"taxonomy":"product_cat","embeddable":true,"href":"http:\/\/klubmamgdynia.pl\/index.php\/wp-json\/wp\/v2\/product_cat?post=6722"},{"taxonomy":"product_tag","embeddable":true,"href":"http:\/\/klubmamgdynia.pl\/index.php\/wp-json\/wp\/v2\/product_tag?post=6722"}],"curies":[{"name":"wp","href":"https:\/\/api.w.org\/{rel}","templated":true}]}}