{"id":6724,"date":"2014-12-02T06:16:20","date_gmt":"2014-12-02T05:16:20","guid":{"rendered":"http:\/\/klubmamgdynia.pl\/index.php\/produkt\/double-eagle-woz-strazacki-z-drabina-120-dee517003\/"},"modified":"2026-05-17T22:42:59","modified_gmt":"2026-05-17T20:42:59","slug":"double-eagle-woz-strazacki-z-drabina-120-dee517003","status":"publish","type":"product","link":"http:\/\/klubmamgdynia.pl\/index.php\/produkt\/double-eagle-woz-strazacki-z-drabina-120-dee517003\/","title":{"rendered":"Double Eagle W\u00f3z stra\u017cacki z drabin\u0105 (1:20) (DEE517003)"},"content":{"rendered":"<p>Samochodziki w\u00f3z stra\u017cacki \u2014 r\u00f3\u017cne rodzajeTw\u00f3j synek marzy o tym, by w przysz\u0142o\u015bci zosta\u0107 stra\u017cakiem? A mo\u017ce c\u00f3rce imponuj\u0105 ogromne wozy stra\u017cackie i ryzykowna praca dzielnych m\u0119\u017cczyzn? Z prezentowan\u0105 zabawk\u0105 sprawisz dziecku ogromn\u0105 frajd\u0119, daj\u0105c mo\u017cliwo\u015b\u0107 wczucia si\u0119 w rol\u0119 dzielnego kierowcy i prawdziwego poskromiciela ognia!Prezentowane wozy stra\u017cackie wykonano w skali 1:32. Ich wielko\u015b\u0107 umo\u017cliwia dok\u0142adne odwzorowanie rzeczywistego wozu stra\u017cackiego, a tak\u017ce zaznaczenie najwa\u017cniejszych element\u00f3w jego wyposa\u017cenia. Napisy, niebieskie \u015bwiat\u0142a i detale, takie jak charakterystyczne dla tego typu pojazd\u00f3w napisy, wskazuj\u0105 na wiele podobie\u0144stw z prawdziwymi maszynami. Autka wykonane s\u0105 wysokogatunkowego materia\u0142u, kt\u00f3ry gwarantuje d\u0142ug\u0105 \u017cywotno\u015b\u0107 zabawki, a tak\u017ce solidno\u015b\u0107 i przyjemno\u015b\u0107 p\u0142yn\u0105c\u0105 z u\u017cytkowania. Gumowane ko\u0142a pojazd\u00f3w s\u0105 obrotowe, co pozwala na weso\u0142\u0105 zabaw\u0119 na r\u00f3\u017cnych pod\u0142o\u017cach, natomiast g\u0142\u00f3wne elementy wyposa\u017cenia, takie jak armatka wodna lub drabina, s\u0105 ruchome.Stra\u017cacka zabawka przeznaczona jest dla dzieci, kt\u00f3re osi\u0105gn\u0119\u0142y3. rok \u017cycia. To idealna propozycja nie tylko do codziennej zabawy z r\u00f3wie\u015bnikami, ale i jako urozmaicenie kolekcji r\u00f3\u017cnorodnych pojazd\u00f3w. Jeste\u015bmy przekonani, \u017ce wozy stra\u017cackie zadowol\u0105 nawet bardzo wymagaj\u0105cego malucha. Zabawki zapakowane s\u0105 w estetyczne kartoniki z witrynkami.Wymiary autka:- 16,5 cm x 4,5 cm x 6,5 cm.Wymiary opakowania:- 19 cm x 7 cm x 8,5 cm.Po zakupieniu samochodziku prosimy o informacj\u0119, kt\u00f3ry model Pa\u0144stwo wybieraj\u0105.<\/p>\n<h2>Double Eagle W\u00f3z stra\u017cacki z drabin\u0105 (1:20) (DEE517003) Lean<\/h2>\n<p>litery kolorowanka, jak narysowa\u0107, quiz kajko i kokosz szko\u0142a latania, natan imi\u0119<\/p>\n<p>yyyyy<\/p>\n<p>&nbsp;<\/p>\n","protected":false},"excerpt":{"rendered":"<p>Samochodziki w\u00f3z stra\u017cacki \u2014 r\u00f3\u017cne rodzajeTw\u00f3j synek marzy o tym, by w przysz\u0142o\u015bci zosta\u0107 stra\u017cakiem? A mo\u017ce c\u00f3rce imponuj\u0105 ogromne wozy stra\u017cackie i ryzykowna praca dzielnych m\u0119\u017cczyzn? Z prezentowan\u0105 zabawk\u0105 sprawisz dziecku ogromn\u0105 frajd\u0119, daj\u0105c mo\u017cliwo\u015b\u0107 wczucia si\u0119 w rol\u0119 dzielnego kierowcy i prawdziwego poskromiciela ognia!Prezentowane wozy stra\u017cackie wykonano w skali 1:32. Ich wielko\u015b\u0107 umo\u017cliwia [&hellip;]<\/p>\n","protected":false},"featured_media":6725,"comment_status":"closed","ping_status":"open","template":"","meta":[],"product_cat":[1067,337],"product_tag":[825,691,674,633],"class_list":["post-6724","product","type-product","status-publish","has-post-thumbnail","hentry","product_cat-lean","product_cat-zabawki-zdalnie-sterowane","product_tag-bajka-na-dobranoc-do-czytania","product_tag-gabriel","product_tag-miasto-dzieci","product_tag-zagadki-z-odpowiedziami"],"_links":{"self":[{"href":"http:\/\/klubmamgdynia.pl\/index.php\/wp-json\/wp\/v2\/product\/6724","targetHints":{"allow":["GET"]}}],"collection":[{"href":"http:\/\/klubmamgdynia.pl\/index.php\/wp-json\/wp\/v2\/product"}],"about":[{"href":"http:\/\/klubmamgdynia.pl\/index.php\/wp-json\/wp\/v2\/types\/product"}],"replies":[{"embeddable":true,"href":"http:\/\/klubmamgdynia.pl\/index.php\/wp-json\/wp\/v2\/comments?post=6724"}],"wp:featuredmedia":[{"embeddable":true,"href":"http:\/\/klubmamgdynia.pl\/index.php\/wp-json\/wp\/v2\/media\/6725"}],"wp:attachment":[{"href":"http:\/\/klubmamgdynia.pl\/index.php\/wp-json\/wp\/v2\/media?parent=6724"}],"wp:term":[{"taxonomy":"product_cat","embeddable":true,"href":"http:\/\/klubmamgdynia.pl\/index.php\/wp-json\/wp\/v2\/product_cat?post=6724"},{"taxonomy":"product_tag","embeddable":true,"href":"http:\/\/klubmamgdynia.pl\/index.php\/wp-json\/wp\/v2\/product_tag?post=6724"}],"curies":[{"name":"wp","href":"https:\/\/api.w.org\/{rel}","templated":true}]}}