{"id":6726,"date":"2014-12-23T14:52:44","date_gmt":"2014-12-23T13:52:44","guid":{"rendered":"http:\/\/klubmamgdynia.pl\/index.php\/produkt\/elodie-details-wkladka-do-wozka-wild-paris\/"},"modified":"2026-05-17T22:06:35","modified_gmt":"2026-05-17T20:06:35","slug":"elodie-details-wkladka-do-wozka-wild-paris","status":"publish","type":"product","link":"http:\/\/klubmamgdynia.pl\/index.php\/produkt\/elodie-details-wkladka-do-wozka-wild-paris\/","title":{"rendered":"Elodie Details Wk\u0142adka Do W\u00f3zka Wild Paris"},"content":{"rendered":"<p>Wzboga\u0107 w\u00f3zek swojej pociechy o odrobin\u0119 stylu i wygody za pomoc\u0105 wk\u0142adki do w\u00f3zka Elodie DetailsNowo\u015b\u0107! Mi\u0119kkie wk\u0142adki nie tylko poprawiaj\u0105 komfort ma\u0142ego podr\u00f3\u017cnika, ale tak\u017ce dodaj\u0105 stylu w\u00f3zkowi. Nowa wersja wk\u0142adki ma skorygowany kszta\u0142t przez co lepiej dopasowuje si\u0119 do kszta\u0142tu w\u00f3zka.SZCZEG\u00d3\u0141OWE INFORMACJE:Dzi\u0119ki pi\u0119ciu otworom monta\u017cowym, przystosowany do ka\u017cdego typu w\u00f3zeczka.Jedna strona wk\u0142adki zosta\u0142a wykonana z materia\u0142u typu Rip Stop, kt\u00f3ry bardzo \u0142atwo si\u0119 czy\u015bci. T\u0119 stron\u0119 przeznaczono do u\u017cytku latem. Po odwr\u00f3ceniu, wk\u0142adka zmienia si\u0119 w zimow\u0105 &#8211; jest jednokolorowa i wykonana z materia\u0142u zapewniaj\u0105cego wi\u0119kszy komfort termiczny.Wymiary: D\u0142ugo\u015b\u0107: 85 cm Wysoko\u015b\u0107: 2,5 cm Szeroko\u015b\u0107: 32 cmGwarancja 24 miesi\u0105ce. Elodie Details\u2019 CosyCushion, to kolejna radosna i komfortowa propozycja w\u015br\u00f3d dzieci\u0119cych akcesori\u00f3wWygodny materacyk pasuj\u0105cy do wszystkich typ\u00f3w w\u00f3zk\u00f3w.Agito: takKod Producenta: 7333222006561Kolor: Wild Paris<\/p>\n<h2>Elodie Details Wk\u0142adka Do W\u00f3zka Wild Paris Elodie Details<\/h2>\n<p>zak\u0142adka do ksi\u0105\u017cki szablon do druku, smoki rysunek, prezent dla 7 latka, nauka zegara do druku, imi\u0119 pola, labirynt psi patrol, halloween dla dzieci warszawa, kolorowanka ninjago, my little pony kolorowanki, prezent dla 7 latka ch\u0142opca, \u0142amig\u0142\u00f3wki dla dzieci do wydruku, pomys\u0142 na prezent dla 7 latki, dobranoc zimowo, z\u0142ote my\u015bli kr\u00f3tkie, co na roczek dla dziewczynki, piosenki o wakacjach, jasmin imie, przyjazn, zabawy ruchowe dla dzieci w wieku szkolnym, hobbit, gotowe zaproszenia na urodziny do wydrukowania<\/p>\n<p>yyyyy<\/p>\n<p>&nbsp;<\/p>\n","protected":false},"excerpt":{"rendered":"<p>Wzboga\u0107 w\u00f3zek swojej pociechy o odrobin\u0119 stylu i wygody za pomoc\u0105 wk\u0142adki do w\u00f3zka Elodie DetailsNowo\u015b\u0107! Mi\u0119kkie wk\u0142adki nie tylko poprawiaj\u0105 komfort ma\u0142ego podr\u00f3\u017cnika, ale tak\u017ce dodaj\u0105 stylu w\u00f3zkowi. Nowa wersja wk\u0142adki ma skorygowany kszta\u0142t przez co lepiej dopasowuje si\u0119 do kszta\u0142tu w\u00f3zka.SZCZEG\u00d3\u0141OWE INFORMACJE:Dzi\u0119ki pi\u0119ciu otworom monta\u017cowym, przystosowany do ka\u017cdego typu w\u00f3zeczka.Jedna strona wk\u0142adki zosta\u0142a [&hellip;]<\/p>\n","protected":false},"featured_media":6727,"comment_status":"closed","ping_status":"open","template":"","meta":[],"product_cat":[127,1235],"product_tag":[650,706,797,710],"class_list":["post-6726","product","type-product","status-publish","has-post-thumbnail","hentry","product_cat-akcesoria-do-wozkow","product_cat-elodie-details","product_tag-choinka-z-bibuly","product_tag-imie-kuba","product_tag-kiekrz","product_tag-zagadki-dla-dzieci-10-12-lat"],"_links":{"self":[{"href":"http:\/\/klubmamgdynia.pl\/index.php\/wp-json\/wp\/v2\/product\/6726","targetHints":{"allow":["GET"]}}],"collection":[{"href":"http:\/\/klubmamgdynia.pl\/index.php\/wp-json\/wp\/v2\/product"}],"about":[{"href":"http:\/\/klubmamgdynia.pl\/index.php\/wp-json\/wp\/v2\/types\/product"}],"replies":[{"embeddable":true,"href":"http:\/\/klubmamgdynia.pl\/index.php\/wp-json\/wp\/v2\/comments?post=6726"}],"wp:featuredmedia":[{"embeddable":true,"href":"http:\/\/klubmamgdynia.pl\/index.php\/wp-json\/wp\/v2\/media\/6727"}],"wp:attachment":[{"href":"http:\/\/klubmamgdynia.pl\/index.php\/wp-json\/wp\/v2\/media?parent=6726"}],"wp:term":[{"taxonomy":"product_cat","embeddable":true,"href":"http:\/\/klubmamgdynia.pl\/index.php\/wp-json\/wp\/v2\/product_cat?post=6726"},{"taxonomy":"product_tag","embeddable":true,"href":"http:\/\/klubmamgdynia.pl\/index.php\/wp-json\/wp\/v2\/product_tag?post=6726"}],"curies":[{"name":"wp","href":"https:\/\/api.w.org\/{rel}","templated":true}]}}