{"id":6730,"date":"2016-05-27T20:53:47","date_gmt":"2016-05-27T18:53:47","guid":{"rendered":"http:\/\/klubmamgdynia.pl\/index.php\/produkt\/tomy-zdalnie-sterowany-traktor-johnny-42946\/"},"modified":"2026-05-17T22:29:03","modified_gmt":"2026-05-17T20:29:03","slug":"tomy-zdalnie-sterowany-traktor-johnny-42946","status":"publish","type":"product","link":"http:\/\/klubmamgdynia.pl\/index.php\/produkt\/tomy-zdalnie-sterowany-traktor-johnny-42946\/","title":{"rendered":"Tomy Zdalnie sterowany Traktor Johnny 42946"},"content":{"rendered":"<p>Modele firmy TOMY John Deere to bardzo szczeg\u00f3\u0142owo odwzorowane maszyny i pojazdy. Sterowany radiowo traktor Johnny sprawi, \u017ce m\u0142odzi rolnicy b\u0119d\u0105 \u015bmiga\u0107 za naci\u015bni\u0119ciem jednego lub dw\u00f3ch przycisk\u00f3w! Ten masywny pojazd John Deere ma mi\u0119kkie w dotyku powierzchnie z zaokr\u0105glonymi kraw\u0119dziami, kt\u00f3re zapewniaj\u0105 bezpieczn\u0105 zabaw\u0119. Traktor zosta\u0142 specjalnie zaprojektowany jako pierwszy zdalnie sterowany samoch\u00f3d dla dziecka z \u0142atwymi w obs\u0142udze elementami steruj\u0105cymi. W pilocie, dzieci maj\u0105 tylko dwa przyciski do naci\u015bni\u0119cia: jeden do poruszania si\u0119 do przodu, a drugi do obracania. Tw\u00f3j maluch z przyjemno\u015bci\u0105 b\u0119dzie prowadzi\u0142 Johnny`ego. Traktor Johnny jest wystarczaj\u0105co wytrzyma\u0142y, aby przetrwa\u0107 uderzenia i podskoki, a jednocze\u015bnie na tyle mi\u0119kki, \u017ce nie b\u0119dzie oznacza\u0142 \u015bcian ani mebli. Dzi\u0119ki mi\u0119kkim i zaokr\u0105glonym kszta\u0142tom oraz antenie zabezpieczaj\u0105cej, mo\u017cesz mie\u0107 pewno\u015b\u0107, \u017ce ta zabawka jest w 100% bezpieczna dla malucha. Johnny wymaga 3 baterii AA i 1 baterii 9V i posiada inteligentne automatyczne wy\u0142\u0105czanie, kt\u00f3re u\u0142atwia \u017cycie i wyd\u0142u\u017ca \u017cywotno\u015b\u0107 baterii.<\/p>\n<h2>Tomy Zdalnie sterowany Traktor Johnny 42946 Tomy<\/h2>\n<p>zygzak mcqueen kolorowanka, opis do zdj\u0119cia dziecka, nauka j\u0119zyka polskiego dla dzieci z ukrainy materia\u0142y, kolorowanki dla ch\u0142opc\u00f3w do druku, lucyna, jak zrobi\u0107 samolot z papieru, darmowe kolorowanki do druku, pieski, ciekawe zagadki i odpowiedzi, paloma, gdzie na ferie zimowe 2022, maski karnawa\u0142owe dla dzieci szablony<\/p>\n<p>yyyyy<\/p>\n<p>&nbsp;<\/p>\n","protected":false},"excerpt":{"rendered":"<p>Modele firmy TOMY John Deere to bardzo szczeg\u00f3\u0142owo odwzorowane maszyny i pojazdy. Sterowany radiowo traktor Johnny sprawi, \u017ce m\u0142odzi rolnicy b\u0119d\u0105 \u015bmiga\u0107 za naci\u015bni\u0119ciem jednego lub dw\u00f3ch przycisk\u00f3w! Ten masywny pojazd John Deere ma mi\u0119kkie w dotyku powierzchnie z zaokr\u0105glonymi kraw\u0119dziami, kt\u00f3re zapewniaj\u0105 bezpieczn\u0105 zabaw\u0119. Traktor zosta\u0142 specjalnie zaprojektowany jako pierwszy zdalnie sterowany samoch\u00f3d dla [&hellip;]<\/p>\n","protected":false},"featured_media":6731,"comment_status":"closed","ping_status":"open","template":"","meta":[],"product_cat":[1327,337],"product_tag":[754,681,742,783,587,733],"class_list":["post-6730","product","type-product","status-publish","has-post-thumbnail","hentry","product_cat-tomy","product_cat-zabawki-zdalnie-sterowane","product_tag-dyplomy-do-wydrukowania-a4","product_tag-flagi-europy-quiz","product_tag-piosenki-dla-dzieci-tekst","product_tag-prezenty-na-roczek-dla-chlopca","product_tag-skalne-miasto","product_tag-zarty-na-prima-aprilis"],"_links":{"self":[{"href":"http:\/\/klubmamgdynia.pl\/index.php\/wp-json\/wp\/v2\/product\/6730","targetHints":{"allow":["GET"]}}],"collection":[{"href":"http:\/\/klubmamgdynia.pl\/index.php\/wp-json\/wp\/v2\/product"}],"about":[{"href":"http:\/\/klubmamgdynia.pl\/index.php\/wp-json\/wp\/v2\/types\/product"}],"replies":[{"embeddable":true,"href":"http:\/\/klubmamgdynia.pl\/index.php\/wp-json\/wp\/v2\/comments?post=6730"}],"wp:featuredmedia":[{"embeddable":true,"href":"http:\/\/klubmamgdynia.pl\/index.php\/wp-json\/wp\/v2\/media\/6731"}],"wp:attachment":[{"href":"http:\/\/klubmamgdynia.pl\/index.php\/wp-json\/wp\/v2\/media?parent=6730"}],"wp:term":[{"taxonomy":"product_cat","embeddable":true,"href":"http:\/\/klubmamgdynia.pl\/index.php\/wp-json\/wp\/v2\/product_cat?post=6730"},{"taxonomy":"product_tag","embeddable":true,"href":"http:\/\/klubmamgdynia.pl\/index.php\/wp-json\/wp\/v2\/product_tag?post=6730"}],"curies":[{"name":"wp","href":"https:\/\/api.w.org\/{rel}","templated":true}]}}