{"id":6732,"date":"2017-06-07T09:33:30","date_gmt":"2017-06-07T07:33:30","guid":{"rendered":"http:\/\/klubmamgdynia.pl\/index.php\/produkt\/kathay-robot-n-711-niebieski\/"},"modified":"2026-05-17T22:57:01","modified_gmt":"2026-05-17T20:57:01","slug":"kathay-robot-n-711-niebieski","status":"publish","type":"product","link":"http:\/\/klubmamgdynia.pl\/index.php\/produkt\/kathay-robot-n-711-niebieski\/","title":{"rendered":"Kathay Robot N-711 Niebieski"},"content":{"rendered":"<p>Robot wielofunkcyjny na pilota d\u017awi\u0119k \u015bwiat\u0142o ruch<\/p>\n<h2>Kathay Robot N-711 Niebieski Kathay-Haster<\/h2>\n<p>test asiunia, najlepsze pranki na prima aprilis, europa stolice quiz, alfabet kolorowanki, eneduerabe, bajki terapeutyczne o emocjach, kolorowanki dla dziewczyn, nela imi\u0119, zagadki z odpowiedziami dla dzieci, zaczarowana zagroda &#8211; test<\/p>\n<p>yyyyy<\/p>\n<p>&nbsp;<\/p>\n","protected":false},"excerpt":{"rendered":"<p>Robot wielofunkcyjny na pilota d\u017awi\u0119k \u015bwiat\u0142o ruch Kathay Robot N-711 Niebieski Kathay-Haster test asiunia, najlepsze pranki na prima aprilis, europa stolice quiz, alfabet kolorowanki, eneduerabe, bajki terapeutyczne o emocjach, kolorowanki dla dziewczyn, nela imi\u0119, zagadki z odpowiedziami dla dzieci, zaczarowana zagroda &#8211; test yyyyy &nbsp;<\/p>\n","protected":false},"featured_media":6733,"comment_status":"closed","ping_status":"open","template":"","meta":[],"product_cat":[1299,337],"product_tag":[829,718,665],"class_list":["post-6732","product","type-product","status-publish","has-post-thumbnail","hentry","product_cat-kathay-haster","product_cat-zabawki-zdalnie-sterowane","product_tag-bajki-do-czytania-na-dobranoc","product_tag-prezent-na-roczek-dla-chrzesniaka","product_tag-proste-zagadki"],"_links":{"self":[{"href":"http:\/\/klubmamgdynia.pl\/index.php\/wp-json\/wp\/v2\/product\/6732","targetHints":{"allow":["GET"]}}],"collection":[{"href":"http:\/\/klubmamgdynia.pl\/index.php\/wp-json\/wp\/v2\/product"}],"about":[{"href":"http:\/\/klubmamgdynia.pl\/index.php\/wp-json\/wp\/v2\/types\/product"}],"replies":[{"embeddable":true,"href":"http:\/\/klubmamgdynia.pl\/index.php\/wp-json\/wp\/v2\/comments?post=6732"}],"wp:featuredmedia":[{"embeddable":true,"href":"http:\/\/klubmamgdynia.pl\/index.php\/wp-json\/wp\/v2\/media\/6733"}],"wp:attachment":[{"href":"http:\/\/klubmamgdynia.pl\/index.php\/wp-json\/wp\/v2\/media?parent=6732"}],"wp:term":[{"taxonomy":"product_cat","embeddable":true,"href":"http:\/\/klubmamgdynia.pl\/index.php\/wp-json\/wp\/v2\/product_cat?post=6732"},{"taxonomy":"product_tag","embeddable":true,"href":"http:\/\/klubmamgdynia.pl\/index.php\/wp-json\/wp\/v2\/product_tag?post=6732"}],"curies":[{"name":"wp","href":"https:\/\/api.w.org\/{rel}","templated":true}]}}