{"id":6736,"date":"2022-03-12T07:42:16","date_gmt":"2022-03-12T06:42:16","guid":{"rendered":"http:\/\/klubmamgdynia.pl\/index.php\/produkt\/el-jot-tessa-2w1-gleboki\/"},"modified":"2026-04-08T21:58:40","modified_gmt":"2026-04-08T19:58:40","slug":"el-jot-tessa-2w1-gleboki","status":"publish","type":"product","link":"http:\/\/klubmamgdynia.pl\/index.php\/produkt\/el-jot-tessa-2w1-gleboki\/","title":{"rendered":"El-Jot Tessa 2w1 G\u0142\u0119boki"},"content":{"rendered":"<p>EL-JOT W\u00d3ZEK DZIECI\u0118CY wielofunkcyjny TESSA 2W1W sk\u0142ad zestawu wchodzi:stela\u017c z ko\u0142ami pompowanymi 14&#8243; i koszemgondola z przykryciem na n\u00f3\u017cki i budk\u0105spacer\u00f3wka z przykryciem na n\u00f3\u017cki i budk\u0105folia przeciwdeszczowa do w\u00f3zka dzieci\u0119cegomoskitiera do w\u00f3zka dzieci\u0119cegotorba serwisowar\u0105czka obszyta ekosk\u00f3r\u0105fotelik samochodowy OPCJE:\u015bpiworek CORAZON w kolorze w\u00f3zka dzieci\u0119cego ( do zakupienia na innej naszej aukcji)mufki w kolorze w\u00f3zka dzieci\u0119cego ( do zakupienia na innej naszej aukcji)parasolka przeciws\u0142oneczna do w\u00f3zka dzieci\u0119cegoGONDOLAobszerna gondola&#8221;okienko&#8221; wentylacyjne w budcemo\u017cliwo\u015b\u0107 demonta\u017cu budki do praniaprzykrycie na n\u00f3\u017ckizdejmowana wy\u015bci\u00f3\u0142ka do praniaregulacja oparcia w dnie gondoliregulowany stopie\u0144 nachylenia budkiklin wentylacyjny w budcemateracykSPACER\u00d3WKAWygodne siedzisko spacer\u00f3wki zapewnia dziecku komfort podr\u00f3\u017cowania bez wzgl\u0119du na okoliczno\u015bci i czas przemieszczania si\u0119.P\u0142ynne, wielostopniowe regulowane oparcie Pozycja w pe\u0142ni le\u017c\u0105caWielostopniowa regulacja budki z mo\u017cliwo\u015bci\u0105 ca\u0142kowitego odpi\u0119ciaprzykrycie na n\u00f3\u017cki5-punktowe pasy bezpiecze\u0144stwa z regulacj\u0105 wysoko\u015bci Regulowana barierka dla dziecka z mo\u017cliwo\u015bci\u0105 od\u0142\u0105czenia z ka\u017cdej strony oddzielnie.Dzi\u0119ki regulowanemu podn\u00f3\u017ckowi, dziecko mo\u017ce swobodnie i wygodnie u\u0142o\u017cy\u0107 swoje n\u00f3\u017cki w ka\u017cdej pozycji.CHARAKTERYSTYKA W\u00d3ZKA DZIECI\u0118CEGO WIELOFUNKCYJNEGO TESSAlekka konstrukcjazawieszenie na wahaczachdu\u017ce , pompowane ko\u0142a 14&#8243;blokada przed niekontrolowanym z\u0142o\u017ceniem w\u00f3zkaregulacja wysoko\u015bci r\u0105czkir\u0105czka obszyta ekosk\u00f3r\u0105obszerna gondolagondola z regulowanym dnemokienko wentylacyjne w budzieregulowane oparcie spacer\u00f3wkiregulowana odpinana barierkaregulowany podn\u00f3\u017cekmonta\u017c spacer\u00f3wki przodem lub ty\u0142em do kierunku jazdypi\u0119ciopunktowe pasy bezpiecze\u0144stwacentralny hamulecwygodny koszyczektorba serwisowafolia przeciwdeszczowa do w\u00f3zka dzieci\u0119cegomoskitiera do w\u00f3zka dzieci\u0119cegoKOLORYSTYKANIEBIESKI \/B\u0141\u0118KITNYCZARNY\/BIA\u0141YFIOLETOWY\/LILIOWYGRANAT\/BIA\u0141YZIELONY\/BIA\u0141YCZERWONY\/CZARNYGRAFITOWY\/BIA\u0141YGRAFIT\/TURKUS<\/p>\n<h2>El-Jot Tessa 2w1 G\u0142\u0119boki El-Jot<\/h2>\n<p>macierzy\u0144stwo cytaty, maski karnawa\u0142owe dla dzieci szablony, prezent na 1 urodziny dla dziewczynki, malowanki, zagadki na inteligencje, sentencja dla dziecka, ptak b\u0105k, medrcy swiata, lego ninjago kolorowanki, znaczenie imienia marcel, karty pracy do druku za darmo, co na roczek, wszystkie kraje \u015bwiata quiz, co oznacza nazwa jordan<\/p>\n<p>yyyyy<\/p>\n<p>&nbsp;<\/p>\n","protected":false},"excerpt":{"rendered":"<p>EL-JOT W\u00d3ZEK DZIECI\u0118CY wielofunkcyjny TESSA 2W1W sk\u0142ad zestawu wchodzi:stela\u017c z ko\u0142ami pompowanymi 14&#8243; i koszemgondola z przykryciem na n\u00f3\u017cki i budk\u0105spacer\u00f3wka z przykryciem na n\u00f3\u017cki i budk\u0105folia przeciwdeszczowa do w\u00f3zka dzieci\u0119cegomoskitiera do w\u00f3zka dzieci\u0119cegotorba serwisowar\u0105czka obszyta ekosk\u00f3r\u0105fotelik samochodowy OPCJE:\u015bpiworek CORAZON w kolorze w\u00f3zka dzieci\u0119cego ( do zakupienia na innej naszej aukcji)mufki w kolorze w\u00f3zka dzieci\u0119cego [&hellip;]<\/p>\n","protected":false},"featured_media":6737,"comment_status":"closed","ping_status":"open","template":"","meta":[],"product_cat":[1493,110],"product_tag":[723,690,646,767],"class_list":["post-6736","product","type-product","status-publish","has-post-thumbnail","hentry","product_cat-el-jot","product_cat-wozki-wielofunkcyjne","product_tag-krotkie-bajki-do-czytania-na-dobranoc","product_tag-pieski-male-dwa-tekst","product_tag-prezent-na-pierwsze-urodziny","product_tag-zaproszenia-urodzinowe-do-druku"],"_links":{"self":[{"href":"http:\/\/klubmamgdynia.pl\/index.php\/wp-json\/wp\/v2\/product\/6736","targetHints":{"allow":["GET"]}}],"collection":[{"href":"http:\/\/klubmamgdynia.pl\/index.php\/wp-json\/wp\/v2\/product"}],"about":[{"href":"http:\/\/klubmamgdynia.pl\/index.php\/wp-json\/wp\/v2\/types\/product"}],"replies":[{"embeddable":true,"href":"http:\/\/klubmamgdynia.pl\/index.php\/wp-json\/wp\/v2\/comments?post=6736"}],"wp:featuredmedia":[{"embeddable":true,"href":"http:\/\/klubmamgdynia.pl\/index.php\/wp-json\/wp\/v2\/media\/6737"}],"wp:attachment":[{"href":"http:\/\/klubmamgdynia.pl\/index.php\/wp-json\/wp\/v2\/media?parent=6736"}],"wp:term":[{"taxonomy":"product_cat","embeddable":true,"href":"http:\/\/klubmamgdynia.pl\/index.php\/wp-json\/wp\/v2\/product_cat?post=6736"},{"taxonomy":"product_tag","embeddable":true,"href":"http:\/\/klubmamgdynia.pl\/index.php\/wp-json\/wp\/v2\/product_tag?post=6736"}],"curies":[{"name":"wp","href":"https:\/\/api.w.org\/{rel}","templated":true}]}}