{"id":6738,"date":"2017-02-20T05:18:34","date_gmt":"2017-02-20T04:18:34","guid":{"rendered":"http:\/\/klubmamgdynia.pl\/index.php\/produkt\/gazelo-maszyna-budowlana-sterowana-g089535\/"},"modified":"2026-04-29T15:51:41","modified_gmt":"2026-04-29T13:51:41","slug":"gazelo-maszyna-budowlana-sterowana-g089535","status":"publish","type":"product","link":"http:\/\/klubmamgdynia.pl\/index.php\/produkt\/gazelo-maszyna-budowlana-sterowana-g089535\/","title":{"rendered":"Gazelo Maszyna Budowlana Sterowana (G089535)"},"content":{"rendered":"<p>Gigantyczny D\u017awig \u017buraz budowalny Sterowany ilotem wys. 128cm Y98 MO\u017bLIWO\u015aCI PRACY \u017bURAWIA: podnoszenie g\u00f3ry opuszczanie w d\u00f3\u0142 obr\u00f3t w lewo obr\u00f3t w prawo NAJWA\u017bNIEJSZE CECHY PRODUKTU wymiary podstawy \u017curawia: 30cm x 30 cm lampka led na szczycie wysoko\u015b\u0107 max: 128cm d\u0142ugo\u015b\u0107 ramienia: 52cm d\u0142ugo\u015b\u0107 przeciwwagi: 29cm wymiary platformy kabiny: 15,5 cm x 11cm wysoko\u015b\u0107 kabiny: ok.10,5cm wykonanie: wytrzyma\u0142e tworzywo ABS zasilanie: 4x AA(brak w zestawie) sterowanie: pilot przewodowy (d\u0142. kabla ok 125cm) GENIALNY ZESTAW DLA PRZYSZ\u0141EGO OPERATORA \u017bURAWIA BUDOWLANEGO D\u017awig budowlany sterowany pilotem zapewni twojemu dziecku mn\u00f3stwo rado\u015bci podczas zabawy. Dodatkowo rozwinie w nim umiej\u0119tno\u015b\u0107 samodzielnego my\u015blenia oraz wykonywanie precyzyjnych ruch\u00f3w. W zestawie znajduje si\u0119 platforma do transportu \u0142adunk\u00f3w oraz wiaderko na drobne przedmioty. D\u017awig posiada ruchome rami\u0119, kt\u00f3re obraca si\u0119 o 360\u00b0. \u017buraw posiada kana\u0142y &#8211; wykonuje ruchy prz\u00f3d i ty\u0142 na ramieniu, g\u00f3ra &#8211; d\u00f3\u0142 oraz lewo &#8211; prawo, co zapewnia moc atrakcji najm\u0142odszym. Specyfikacja: model: 8054E powi\u0119kszenie: 1200x, 400x, 100x kolor: \u017c\u00f3\u0142ty materia\u0142: tworzywo ABS tryb pracy: obr\u00f3t w lewo, w prawo, podnoszenie, opuszczanie o\u015bwietlenie: tak, dioda LED na szczycie d\u017awigu zasilanie: 4x bateria AA (brak w zestawie) wymiary: wys. 128 x szer. 94 cm wymiary podstawy: 30x30cm waga: ok 1300g wymiary opakowania: 58 x 22 x 17cm certyfikaty: CE, EN71 Dzi\u0119ki temu wspania\u0142emu zestawowi ka\u017cdy m\u0142ody mi\u0142o\u015bnik sztuki budowlanej b\u0119dzie m\u00f3g\u0142 wcieli\u0107 si\u0119 w rol\u0119 operatora d\u017awigu i za pomoc\u0105 pilota operowa\u0107 swoim w\u0142asnym d\u017awigiem, sp\u0119dzaj\u0105c wiele godzin na fascynuj\u0105cej zabawie. Zestaw zawiera: d\u017awig \u017curaw sterowany 8054E pilot przewodowy oryginalne opakowanie karta zakupu produktu<\/p>\n<h2>Gazelo Maszyna Budowlana Sterowana (G089535) Elektrostator<\/h2>\n<p>test z lektury dynastia mizio\u0142k\u00f3w, imi\u0119 iwo, prezent roczek dziewczynka, pan twardowski na ksi\u0119\u017cycu wiersz, quizy psi patrol, mi\u0142o\u015b\u0107 do dziecka cytaty, zaproszenie na urodziny do druku, jednorozec z dyni, alan imie, zagadki \u015bmieszne, spongebob kolorowanka, zabawy na dzie\u0144 dziecka w szkole<\/p>\n<p>yyyyy<\/p>\n<p>&nbsp;<\/p>\n","protected":false},"excerpt":{"rendered":"<p>Gigantyczny D\u017awig \u017buraz budowalny Sterowany ilotem wys. 128cm Y98 MO\u017bLIWO\u015aCI PRACY \u017bURAWIA: podnoszenie g\u00f3ry opuszczanie w d\u00f3\u0142 obr\u00f3t w lewo obr\u00f3t w prawo NAJWA\u017bNIEJSZE CECHY PRODUKTU wymiary podstawy \u017curawia: 30cm x 30 cm lampka led na szczycie wysoko\u015b\u0107 max: 128cm d\u0142ugo\u015b\u0107 ramienia: 52cm d\u0142ugo\u015b\u0107 przeciwwagi: 29cm wymiary platformy kabiny: 15,5 cm x 11cm wysoko\u015b\u0107 kabiny: [&hellip;]<\/p>\n","protected":false},"featured_media":6739,"comment_status":"closed","ping_status":"open","template":"","meta":[],"product_cat":[1494,337],"product_tag":[688,638,665,767,607],"class_list":["post-6738","product","type-product","status-publish","has-post-thumbnail","hentry","product_cat-elektrostator","product_cat-zabawki-zdalnie-sterowane","product_tag-kolysanki-tekst","product_tag-miastodzieci","product_tag-proste-zagadki","product_tag-zaproszenia-urodzinowe-do-druku","product_tag-zarty-na-prima-aprilis-dla-rodzicow"],"_links":{"self":[{"href":"http:\/\/klubmamgdynia.pl\/index.php\/wp-json\/wp\/v2\/product\/6738","targetHints":{"allow":["GET"]}}],"collection":[{"href":"http:\/\/klubmamgdynia.pl\/index.php\/wp-json\/wp\/v2\/product"}],"about":[{"href":"http:\/\/klubmamgdynia.pl\/index.php\/wp-json\/wp\/v2\/types\/product"}],"replies":[{"embeddable":true,"href":"http:\/\/klubmamgdynia.pl\/index.php\/wp-json\/wp\/v2\/comments?post=6738"}],"wp:featuredmedia":[{"embeddable":true,"href":"http:\/\/klubmamgdynia.pl\/index.php\/wp-json\/wp\/v2\/media\/6739"}],"wp:attachment":[{"href":"http:\/\/klubmamgdynia.pl\/index.php\/wp-json\/wp\/v2\/media?parent=6738"}],"wp:term":[{"taxonomy":"product_cat","embeddable":true,"href":"http:\/\/klubmamgdynia.pl\/index.php\/wp-json\/wp\/v2\/product_cat?post=6738"},{"taxonomy":"product_tag","embeddable":true,"href":"http:\/\/klubmamgdynia.pl\/index.php\/wp-json\/wp\/v2\/product_tag?post=6738"}],"curies":[{"name":"wp","href":"https:\/\/api.w.org\/{rel}","templated":true}]}}