{"id":6740,"date":"2018-07-29T11:57:07","date_gmt":"2018-07-29T09:57:07","guid":{"rendered":"http:\/\/klubmamgdynia.pl\/index.php\/produkt\/otulacz-muslinowy-boholove-albero-mio-by-klups-kolor-grey\/"},"modified":"2026-05-17T23:12:25","modified_gmt":"2026-05-17T21:12:25","slug":"otulacz-muslinowy-boholove-albero-mio-by-klups-kolor-grey","status":"publish","type":"product","link":"http:\/\/klubmamgdynia.pl\/index.php\/produkt\/otulacz-muslinowy-boholove-albero-mio-by-klups-kolor-grey\/","title":{"rendered":"Otulacz mu\u015blinowy Boho&amp;Love Albero Mio By Klup\u015b, Kolor: Grey"},"content":{"rendered":"<p>*ch_sm*div style=&#8221;cursor: pointer;&#8221; class=&#8221;section-container section-active&#8221; id=&#8221;desc-editor-row-1&#8243;*ch_gt**ch_sm*div class=&#8221;desc-editor-content-container&#8221; id=&#8221;desc-editor-effective-content-1&#8243; style=&#8221;display: block;&#8221;*ch_gt* *ch_sm*div class=&#8221;desc-editor-content-container-inner&#8221;*ch_gt* *ch_sm*div class=&#8221;desc-editor-content-left relative&#8221;*ch_gt**ch_sm*\/div*ch_gt* *ch_sm*div class=&#8221;desc-editor-content-right relative&#8221;*ch_gt**ch_sm*\/div*ch_gt* *ch_sm*div class=&#8221;desc-editor-content-full relative with-text&#8221;*ch_gt**ch_sm*div*ch_gt**ch_sm*p*ch_gt**ch_sm*strong*ch_gt*Mu\u015blinowy otulacz dla niemowl\u0105t od Albero Mio*ch_sm*\/strong*ch_gt* zachwyci Ci\u0119 swoj\u0105 delikatno\u015bci\u0105! Mu\u015blin cechuje si\u0119 lu\u017anym splotem, co sprawia, \u017ce produkty wykonane z tej tkaniny s\u0105 *ch_sm*strong*ch_gt*mi\u0119kkie i przewiewne*ch_sm*\/strong*ch_gt*. Otulacze mu\u015blinowe s\u0105 ch\u0142onne oraz maj\u0105 w\u0142a\u015bciwo\u015bci antybakteryjne. Dzi\u0119ki temu Tw\u00f3j maluszek poczuje si\u0119 komfortowo i wygodnie. To jeden z niezb\u0119dnych element\u00f3w *ch_sm*strong*ch_gt*wyprawki dla niemowl\u0105t*ch_sm*\/strong*ch_gt*.*ch_sm*\/p*ch_gt* *ch_sm*p*ch_gt*Z ka\u017cdym kolejnym praniem mu\u015blin zyskuje na mi\u0119kko\u015bci, staje si\u0119 jeszcze bardziej przyjemny w dotyku, nie trac\u0105c przy tym swej wytrzyma\u0142o\u015bci. Tkanina naturalnie si\u0119 \u201egniecie\u201d, lecz nie wymaga prasowania, dzi\u0119ki czemu masz wi\u0119cej czasu na zabawy z dzieckiem.*ch_sm*\/p*ch_gt* *ch_sm*p*ch_gt*Otulacz z mu\u015blinu Albero Mio *ch_sm*strong*ch_gt*wykorzystasz m.in. jako chust\u0119 do otulania niemowl\u0119cia, do przykrywania maluszka, wycierania i spowijania*ch_sm*\/strong*ch_gt*. Przyda si\u0119 tak\u017ce do os\u0142oni\u0119cia mamy i dziecka w trakcie karmienia piersi\u0105. W ciep\u0142e, letnie dni wykorzystaj mu\u015blinowy *ch_sm*strong*ch_gt*otulacz jako lekki, oddychaj\u0105cy kocyk*ch_sm*\/strong*ch_gt* i nakryj nim pociech\u0119 \u015bpi\u0105c\u0105 w w\u00f3zku czy foteliku. By ochroni\u0107 maluszka przed ostrym s\u0142o\u0144cem, zastosuj*ch_sm*strong*ch_gt* otulacz jako os\u0142onk\u0119*ch_sm*\/strong*ch_gt*.*ch_sm*\/p*ch_gt* *ch_sm*p*ch_gt*Otulacz mu\u015blinowy Albero Mio wyprodukowano w Polsce z certyfikowanych materia\u0142\u00f3w Oeko-Tex.*ch_sm*\/p*ch_gt**ch_sm*\/div*ch_gt**ch_sm*\/div*ch_gt* *ch_sm*\/div*ch_gt* *ch_sm*\/div*ch_gt**ch_sm*\/div*ch_gt**ch_sm*div style=&#8221;display: block; cursor: pointer;&#8221; id=&#8221;desc-editor-row-2&#8243; class=&#8221;section-container section-active&#8221;*ch_gt**ch_sm*div class=&#8221;desc-editor-content-container&#8221; id=&#8221;desc-editor-effective-content-2&#8243; style=&#8221;display: block;&#8221;*ch_gt* *ch_sm*div class=&#8221;desc-editor-content-container-inner&#8221;*ch_gt* *ch_sm*div class=&#8221;desc-editor-content-left relative&#8221;*ch_gt**ch_sm*\/div*ch_gt* *ch_sm*div class=&#8221;desc-editor-content-right relative&#8221;*ch_gt**ch_sm*\/div*ch_gt* *ch_sm*div class=&#8221;desc-editor-content-full relative&#8221;*ch_gt**ch_sm*div class=&#8221;item item-12&#8243; id=&#8221;desc-editor-effective-content-img50-2&#8243; style=&#8221;display: block;&#8221;*ch_gt**ch_sm*div class=&#8221;image-item-container&#8221;*ch_gt**ch_sm*div class=&#8221;image-item&#8221;*ch_gt**ch_sm*img src=&#8221;\/modules\/bc_descriptioneditor\/photos\/53402\/desc-photo-1.jpg?t=1654259676300&#8243; alt=&#8221;&#8221; class=&#8221;_qqime _1vpnd&#8221;*ch_gt**ch_sm*\/div*ch_gt**ch_sm*\/div*ch_gt**ch_sm*\/div*ch_gt**ch_sm*\/div*ch_gt* *ch_sm*\/div*ch_gt* *ch_sm*\/div*ch_gt**ch_sm*\/div*ch_gt**ch_sm*div style=&#8221;display: block; cursor: pointer;&#8221; id=&#8221;desc-editor-row-3&#8243; class=&#8221;section-container section-active&#8221;*ch_gt**ch_sm*div class=&#8221;desc-editor-content-container&#8221; id=&#8221;desc-editor-effective-content-3&#8243; style=&#8221;display: block;&#8221;*ch_gt* *ch_sm*div class=&#8221;desc-editor-content-container-inner&#8221;*ch_gt* *ch_sm*div class=&#8221;desc-editor-content-left relative&#8221;*ch_gt**ch_sm*\/div*ch_gt* *ch_sm*div class=&#8221;desc-editor-content-right relative&#8221;*ch_gt**ch_sm*\/div*ch_gt* *ch_sm*div class=&#8221;desc-editor-content-full relative with-text&#8221;*ch_gt**ch_sm*div*ch_gt**ch_sm*h3*ch_gt*Zalety otulacza Boho*ch_amp*amp;Love Albero Mio:*ch_sm*\/h3*ch_gt* *ch_sm*p*ch_gt*- wykonany z naturalnych tkanin *ch_sm*br*ch_gt*- szybko schnie *ch_sm*br*ch_gt*- mi\u0119kki i delikatny dla dzieci\u0119cej sk\u00f3ry *ch_sm*br*ch_gt*- wykorzystasz go na kilka sposob\u00f3w*ch_sm*\/p*ch_gt* *ch_sm*p*ch_gt*Wiek dziecka: 0 *ch_pl* *ch_sm*br*ch_gt*Wymiary: 90 x 90 cm *ch_sm*br*ch_gt*Sk\u0142ad: 100% bawe\u0142na *ch_sm*br*ch_gt*Opakowanie stanowi element produktu.*ch_sm*\/p*ch_gt* *ch_sm*p*ch_gt*Uwaga! Producent informuje, \u017ce pokazana na zdj\u0119ciu kolorystyka mo\u017ce nieznacznie r\u00f3\u017cni\u0107 si\u0119 od rzeczywistego produktu. Zastosowany szary nadruk jest ekologiczny \u2013 najlepszy dla tkanin wykorzystywanych w produktach dzieci\u0119cych, mo\u017ce jednak delikatnie blakn\u0105\u0107 podczas prania i ekspozycji na \u015bwiat\u0142o s\u0142oneczne.*ch_sm*\/p*ch_gt**ch_sm*\/div*ch_gt**ch_sm*\/div*ch_gt* *ch_sm*\/div*ch_gt* *ch_sm*\/div*ch_gt**ch_sm*\/div*ch_gt*<\/p>\n<h2>Otulacz mu\u015blinowy Boho&amp;Love Albero Mio By Klup\u015b, Kolor: Grey Albero Mio<\/h2>\n<p>rodzina cytaty, atrakcje dla dzieci mazowieckie, dziecko cytaty z\u0142ote my\u015bli, jak narysowa\u0107 \u017cab\u0119, darmowe quizy, quiz o tajemniczym ogrodzie, test znaki drogowe, mira imi\u0119, kolorowanka minionki, zagadki matematyczne dla dzieci<\/p>\n<p>yyyyy<\/p>\n<p>&nbsp;<\/p>\n","protected":false},"excerpt":{"rendered":"<p>*ch_sm*div style=&#8221;cursor: pointer;&#8221; class=&#8221;section-container section-active&#8221; id=&#8221;desc-editor-row-1&#8243;*ch_gt**ch_sm*div class=&#8221;desc-editor-content-container&#8221; id=&#8221;desc-editor-effective-content-1&#8243; style=&#8221;display: block;&#8221;*ch_gt* *ch_sm*div class=&#8221;desc-editor-content-container-inner&#8221;*ch_gt* *ch_sm*div class=&#8221;desc-editor-content-left relative&#8221;*ch_gt**ch_sm*\/div*ch_gt* *ch_sm*div class=&#8221;desc-editor-content-right relative&#8221;*ch_gt**ch_sm*\/div*ch_gt* *ch_sm*div class=&#8221;desc-editor-content-full relative with-text&#8221;*ch_gt**ch_sm*div*ch_gt**ch_sm*p*ch_gt**ch_sm*strong*ch_gt*Mu\u015blinowy otulacz dla niemowl\u0105t od Albero Mio*ch_sm*\/strong*ch_gt* zachwyci Ci\u0119 swoj\u0105 delikatno\u015bci\u0105! Mu\u015blin cechuje si\u0119 lu\u017anym splotem, co sprawia, \u017ce produkty wykonane z tej tkaniny s\u0105 *ch_sm*strong*ch_gt*mi\u0119kkie i przewiewne*ch_sm*\/strong*ch_gt*. Otulacze mu\u015blinowe s\u0105 ch\u0142onne oraz maj\u0105 [&hellip;]<\/p>\n","protected":false},"featured_media":6741,"comment_status":"closed","ping_status":"open","template":"","meta":[],"product_cat":[1086,1006],"product_tag":[711,771,809,811,796],"class_list":["post-6740","product","type-product","status-publish","has-post-thumbnail","hentry","product_cat-albero-mio","product_cat-koce-i-narzuty-dzieciece","product_tag-prezenty-dla-nastolatkow","product_tag-stolice-europy-quiz","product_tag-zagadki","product_tag-zagadki-logiczne-dla-dzieci","product_tag-zagatki"],"_links":{"self":[{"href":"http:\/\/klubmamgdynia.pl\/index.php\/wp-json\/wp\/v2\/product\/6740","targetHints":{"allow":["GET"]}}],"collection":[{"href":"http:\/\/klubmamgdynia.pl\/index.php\/wp-json\/wp\/v2\/product"}],"about":[{"href":"http:\/\/klubmamgdynia.pl\/index.php\/wp-json\/wp\/v2\/types\/product"}],"replies":[{"embeddable":true,"href":"http:\/\/klubmamgdynia.pl\/index.php\/wp-json\/wp\/v2\/comments?post=6740"}],"wp:featuredmedia":[{"embeddable":true,"href":"http:\/\/klubmamgdynia.pl\/index.php\/wp-json\/wp\/v2\/media\/6741"}],"wp:attachment":[{"href":"http:\/\/klubmamgdynia.pl\/index.php\/wp-json\/wp\/v2\/media?parent=6740"}],"wp:term":[{"taxonomy":"product_cat","embeddable":true,"href":"http:\/\/klubmamgdynia.pl\/index.php\/wp-json\/wp\/v2\/product_cat?post=6740"},{"taxonomy":"product_tag","embeddable":true,"href":"http:\/\/klubmamgdynia.pl\/index.php\/wp-json\/wp\/v2\/product_tag?post=6740"}],"curies":[{"name":"wp","href":"https:\/\/api.w.org\/{rel}","templated":true}]}}