{"id":6742,"date":"2014-08-25T18:59:29","date_gmt":"2014-08-25T16:59:29","guid":{"rendered":"http:\/\/klubmamgdynia.pl\/index.php\/produkt\/silverlit-robo-kombat-viking-zestaw-treningowy-robot-zdalnie-sterowany-niebieski-88057\/"},"modified":"2026-05-17T22:33:38","modified_gmt":"2026-05-17T20:33:38","slug":"silverlit-robo-kombat-viking-zestaw-treningowy-robot-zdalnie-sterowany-niebieski-88057","status":"publish","type":"product","link":"http:\/\/klubmamgdynia.pl\/index.php\/produkt\/silverlit-robo-kombat-viking-zestaw-treningowy-robot-zdalnie-sterowany-niebieski-88057\/","title":{"rendered":"Silverlit Robo Kombat Viking Zestaw Treningowy Robot Zdalnie Sterowany Niebieski 88057"},"content":{"rendered":"<p>Silverlit Robo Combat Viking zestaw treningowy kod 88053 Trenuj cios z zestawem treningowym Robo Combat! W zestawie znajdziesz stoj\u0105cy worek treningowy, robota i d\u017cojstik do sterowania nim. S\u0142uchaj realistycznych odg\u0142os\u00f3w, obserwuj \u015bwiec\u0105ce oczy robota, \u0107wicz serie uderze\u0144 i przygotuj go do walki z przeciwnikiem! Zabawka przeznaczona dla dzieci od 5 roku \u017cycia. Roboty wydaj\u0105 realistyczne d\u017awi\u0119ki i posiadaj\u0105 \u015bwietlne efekty\/ Wymagane baterie: robot &#8211; 3x AAA (brak w zestawie) pilot &#8211; 2x AA (brak w zestawie) Wymiary robota: 21,7 x 8,5 x 14,4 cm.<\/p>\n<h2>Silverlit Robo Kombat Viking Zestaw Treningowy Robot Zdalnie Sterowany Niebieski 88057 Silverlit<\/h2>\n<p>przyjed\u017a do nas miko\u0142aju tekst, quiz o bo\u017cym narodzeniu, kolorowanka do druku lol, maski karnawa\u0142owe do druku, nauka polskiego dla dzieci z ukrainy, zabawy dla 6 latk\u00f3w<\/p>\n<p>yyyyy<\/p>\n<p>&nbsp;<\/p>\n","protected":false},"excerpt":{"rendered":"<p>Silverlit Robo Combat Viking zestaw treningowy kod 88053 Trenuj cios z zestawem treningowym Robo Combat! W zestawie znajdziesz stoj\u0105cy worek treningowy, robota i d\u017cojstik do sterowania nim. S\u0142uchaj realistycznych odg\u0142os\u00f3w, obserwuj \u015bwiec\u0105ce oczy robota, \u0107wicz serie uderze\u0144 i przygotuj go do walki z przeciwnikiem! Zabawka przeznaczona dla dzieci od 5 roku \u017cycia. Roboty wydaj\u0105 realistyczne [&hellip;]<\/p>\n","protected":false},"featured_media":6743,"comment_status":"closed","ping_status":"open","template":"","meta":[],"product_cat":[146,337],"product_tag":[611,816,856,850,600],"class_list":["post-6742","product","type-product","status-publish","has-post-thumbnail","hentry","product_cat-silverlit","product_cat-zabawki-zdalnie-sterowane","product_tag-bajki-do-czytania-psi-patrol","product_tag-place-zabaw-warszawa","product_tag-prezent-dla-16-latki","product_tag-wroclaw-atrakcje-dla-dzieci","product_tag-zaproszenia-na-urodziny-do-druku"],"_links":{"self":[{"href":"http:\/\/klubmamgdynia.pl\/index.php\/wp-json\/wp\/v2\/product\/6742","targetHints":{"allow":["GET"]}}],"collection":[{"href":"http:\/\/klubmamgdynia.pl\/index.php\/wp-json\/wp\/v2\/product"}],"about":[{"href":"http:\/\/klubmamgdynia.pl\/index.php\/wp-json\/wp\/v2\/types\/product"}],"replies":[{"embeddable":true,"href":"http:\/\/klubmamgdynia.pl\/index.php\/wp-json\/wp\/v2\/comments?post=6742"}],"wp:featuredmedia":[{"embeddable":true,"href":"http:\/\/klubmamgdynia.pl\/index.php\/wp-json\/wp\/v2\/media\/6743"}],"wp:attachment":[{"href":"http:\/\/klubmamgdynia.pl\/index.php\/wp-json\/wp\/v2\/media?parent=6742"}],"wp:term":[{"taxonomy":"product_cat","embeddable":true,"href":"http:\/\/klubmamgdynia.pl\/index.php\/wp-json\/wp\/v2\/product_cat?post=6742"},{"taxonomy":"product_tag","embeddable":true,"href":"http:\/\/klubmamgdynia.pl\/index.php\/wp-json\/wp\/v2\/product_tag?post=6742"}],"curies":[{"name":"wp","href":"https:\/\/api.w.org\/{rel}","templated":true}]}}