{"id":675,"date":"2016-11-22T23:23:18","date_gmt":"2016-11-22T22:23:18","guid":{"rendered":"http:\/\/klubmamgdynia.pl\/index.php\/produkt\/trefl-puzzle-100el-piekny-jednorozec-16386\/"},"modified":"2026-04-26T18:03:46","modified_gmt":"2026-04-26T16:03:46","slug":"trefl-puzzle-100el-piekny-jednorozec-16386","status":"publish","type":"product","link":"http:\/\/klubmamgdynia.pl\/index.php\/produkt\/trefl-puzzle-100el-piekny-jednorozec-16386\/","title":{"rendered":"Trefl Puzzle 100el. Pi\u0119kny Jednoro\u017cec 16386"},"content":{"rendered":"<p>Trefl Puzzle 100el. Pi\u0119kny Jednoro\u017cec 16386Puzzle sk\u0142adaj\u0105ce si\u0119 ze 100 element\u00f3w, zaprojektowan\u0105 z my\u015bl\u0105 o wszystkich fanach i fankach jednoro\u017cc\u00f3w. Po u\u0142o\u017ceniu uk\u0142adanki powstanie obrazek o wymiarach 410&#215;278 mm.                            <\/p>\n<p>                    Sprawd\u017a inne puzzle Trefl:<\/p>\n<p>            Trefl Puzzle 100el. Magia \u015awi\u0105t Myszka Miki 16365<\/p>\n<p>                        od<br \/>\n                            16,37<br \/>\n                            z\u0142<\/p>\n<p>                    Zobacz<\/p>\n<p>            Trefl Puzzle 100el. \u015awiat Dinozaur\u00f3w 16277<\/p>\n<p>                        od<br \/>\n                            10,57<br \/>\n                            z\u0142<\/p>\n<p>                    Zobacz<\/p>\n<p>            Trefl Puzzle 100el. Super Zings Bohaterowie Kontra Z\u0142oczy\u0144cy 16397<\/p>\n<p>                        od<br \/>\n                            12,99<br \/>\n                            z\u0142<\/p>\n<p>                    Zobacz<\/p>\n<p>            Trefl Puzzle 100el. Niesamowity Buzz Astral 16433<\/p>\n<p>                        od<br \/>\n                            11,25<br \/>\n                            z\u0142<\/p>\n<p>                    Zobacz<\/p>\n<p>            Trefl Puzzle 100el. Disney Kr\u00f3l Lew Przygody Simby 16359<\/p>\n<p>                        od<br \/>\n                            22,99<br \/>\n                            z\u0142<\/p>\n<p>                    Zobacz<\/p>\n<p>            Trefl Puzzle 100el. Pod\u0105\u017caj Za Marzeniami Universal Spirit Riding Free 16362<\/p>\n<p>                        od<br \/>\n                            19,90<br \/>\n                            z\u0142<\/p>\n<p>                    Zobacz<\/p>\n<p>            Trefl Puzzle 100el. Psi Patrol Skye W Akcji 16368<\/p>\n<p>                        od<br \/>\n                            8,91<br \/>\n                            z\u0142<\/p>\n<p>                    Zobacz<\/p>\n<p>            Trefl Puzzle 100el. Tajni Szpiedzy W Akcji Super Zings 16416<\/p>\n<p>                        od<br \/>\n                            13,99<br \/>\n                            z\u0142<\/p>\n<p>                    Zobacz<\/p>\n<p>            Trefl Puzzle 100el. Disney Auta 3 Ekstremalny Wy\u015bcig 16358<\/p>\n<p>                        od<br \/>\n                            10,56<br \/>\n                            z\u0142<\/p>\n<p>                    Zobacz<\/p>\n<p>            Trefl Puzzle 100el. Psia Ekipa 16414<\/p>\n<p>                        od<br \/>\n                            10,57<br \/>\n                            z\u0142<\/p>\n<p>                    Zobacz<\/p>\n<p>            Trefl Puzzle 100el. Kolorowa przyja\u017a\u0144 Kucyki Pony 16415<\/p>\n<p>                        od<br \/>\n                            11,39<br \/>\n                            z\u0142<\/p>\n<p>                    Zobacz<\/p>\n<p>            Trefl Puzzle 100el. Masza I Przyjaciele 16370<\/p>\n<p>                        od<br \/>\n                            10,60<br \/>\n                            z\u0142<\/p>\n<p>                    Zobacz<\/p>\n<p>            Trefl Puzzle 100el. Marvel Avengers Do Ataku 16272<\/p>\n<p>                        od<br \/>\n                            11,07<br \/>\n                            z\u0142<\/p>\n<p>                    Zobacz<\/p>\n<p>            Trefl Puzzle 100el. Minionki Na Lotnisku 16390<\/p>\n<p>                        od<br \/>\n                            11,19<br \/>\n                            z\u0142<\/p>\n<p>                    Zobacz<\/p>\n<p>            Trefl Puzzle 100el. Super Zings Super Si\u0142a 16425<\/p>\n<p>                        od<br \/>\n                            11,98<br \/>\n                            z\u0142<\/p>\n<p>                    Zobacz<\/p>\n<p>            Trefl Puzzle 100el. W Blasku Nieba Psi Patrol 14818<\/p>\n<p>                        od<br \/>\n                            13,80<br \/>\n                            z\u0142<\/p>\n<p>                    Zobacz<\/p>\n<p>            Trefl Puzzle 100el. Si\u0142a Avengers\u00f3w 16431<\/p>\n<p>                        od<br \/>\n                            10,56<br \/>\n                            z\u0142<\/p>\n<p>                    Zobacz<\/p>\n<p>            Trefl Puzzle 100el. Pojazdy Stra\u017caka Sama 16354<\/p>\n<p>                        od<br \/>\n                            10,54<br \/>\n                            z\u0142<\/p>\n<p>                    Zobacz<\/p>\n<p>            Trefl Puzzle 100el. Kucyki My Little Pony 14821<\/p>\n<p>                        od<br \/>\n                            13,80<br \/>\n                            z\u0142<\/p>\n<p>                    Zobacz<\/p>\n<p>            Trefl Puzzle 100el. Brokatowe Trolle 14822<\/p>\n<p>                        od<br \/>\n                            14,23<br \/>\n                            z\u0142<\/p>\n<p>                    Zobacz<\/p>\n<p>            Trefl Puzzle 100el. Marvel Spiderman Do G\u00f3ry Nogami 16347<\/p>\n<p>                        od<br \/>\n                            10,57<br \/>\n                            z\u0142<\/p>\n<p>                    Zobacz<\/p>\n<p>            Trefl Puzzle 100el. Pi\u0119kny Jednoro\u017cec 16386<\/p>\n<p>                        od<br \/>\n                            10,57<br \/>\n                            z\u0142<\/p>\n<p>                    Zobacz<\/p>\n<p>            Trefl Puzzle 100el. Raya i ostatni smok 16508<\/p>\n<p>                        od<br \/>\n                            11,68<br \/>\n                            z\u0142<\/p>\n<p>                    Zobacz<\/p>\n<p>            Trefl Puzzle 100el. Psi Patrol Bohaterska Dru\u017cyna 16351<\/p>\n<p>                        od<br \/>\n                            10,20<br \/>\n                            z\u0142<\/p>\n<p>                    Zobacz<\/p>\n<p>            Trefl Puzzle 100el. Baby Yoda 16413<\/p>\n<p>                        od<br \/>\n                            11,58<br \/>\n                            z\u0142<\/p>\n<p>                    Zobacz<\/p>\n<p>            Trefl Puzzle 100el. Park Jurajski 16441<\/p>\n<p>                        od<br \/>\n                            11,52<br \/>\n                            z\u0142<\/p>\n<p>                    Zobacz<\/p>\n<p>            Trefl Puzzle 100el. Dru\u017cyna Autobot\u00f3w 16315<\/p>\n<p>                        od<br \/>\n                            11,69<br \/>\n                            z\u0142<\/p>\n<p>                    Zobacz<\/p>\n<p>            Trefl Puzzle 100el. My Little Pony Brokatowe Kucyki 14828<\/p>\n<p>                        od<br \/>\n                            14,34<br \/>\n                            z\u0142<\/p>\n<p>                    Zobacz<\/p>\n<p>            Trefl Puzzle 100el. Mo\u017cesz By\u0107 Kim Chcesz 16385<\/p>\n<p>                        od<br \/>\n                            11,58<br \/>\n                            z\u0142<\/p>\n<p>                    Zobacz<\/p>\n<p>            Trefl Puzzle 100el. Zabawne Trefliki 16422<\/p>\n<p>                        od<br \/>\n                            11,51<br \/>\n                            z\u0142<\/p>\n<p>                    Zobacz<\/p>\n<h2>Trefl Puzzle 100el. Pi\u0119kny Jednoro\u017cec 16386 Trefl<\/h2>\n<p>quiz online, trudne zagadki z odpowiedziami, karty pracy dla dzieci z ukrainy, maska kota, cytaty o macierzy\u0144stwie, zadania dla 7 latka do druku, jak narysowa\u0107 pikachu, nastolatka, imi\u0119 kostek, kolorowanki bajki, test z asiuni lektury, kolorowanka peppa, po\u0142\u0105cz kropki do druku, quizy ortograficzne trudne, felix net i nika oraz gang niewidzialnych ludzi quiz, star wars kolorowanka, wydarzenia dla dzieci warszawa, atrakcje dla nastolatk\u00f3w, imi\u0119 dla dziewczynki 2019, hymn g\u00f3rniczy, milosz imie<\/p>\n<p>yyyyy<\/p>\n<p>&nbsp;<\/p>\n","protected":false},"excerpt":{"rendered":"<p>Trefl Puzzle 100el. Pi\u0119kny Jednoro\u017cec 16386Puzzle sk\u0142adaj\u0105ce si\u0119 ze 100 element\u00f3w, zaprojektowan\u0105 z my\u015bl\u0105 o wszystkich fanach i fankach jednoro\u017cc\u00f3w. Po u\u0142o\u017ceniu uk\u0142adanki powstanie obrazek o wymiarach 410&#215;278 mm. Sprawd\u017a inne puzzle Trefl: Trefl Puzzle 100el. Magia \u015awi\u0105t Myszka Miki 16365 od 16,37 z\u0142 Zobacz Trefl Puzzle 100el. \u015awiat Dinozaur\u00f3w 16277 od 10,57 z\u0142 Zobacz [&hellip;]<\/p>\n","protected":false},"featured_media":676,"comment_status":"closed","ping_status":"open","template":"","meta":[],"product_cat":[90,104],"product_tag":[825,833,829,648,780,731],"class_list":["post-675","product","type-product","status-publish","has-post-thumbnail","hentry","product_cat-puzzle","product_cat-trefl","product_tag-bajka-na-dobranoc-do-czytania","product_tag-bajki-dla-dzieci-do-czytania","product_tag-bajki-do-czytania-na-dobranoc","product_tag-dobrej-nocy-i-sza","product_tag-krecik-bajka","product_tag-maly-ksiaze-cytaty"],"_links":{"self":[{"href":"http:\/\/klubmamgdynia.pl\/index.php\/wp-json\/wp\/v2\/product\/675","targetHints":{"allow":["GET"]}}],"collection":[{"href":"http:\/\/klubmamgdynia.pl\/index.php\/wp-json\/wp\/v2\/product"}],"about":[{"href":"http:\/\/klubmamgdynia.pl\/index.php\/wp-json\/wp\/v2\/types\/product"}],"replies":[{"embeddable":true,"href":"http:\/\/klubmamgdynia.pl\/index.php\/wp-json\/wp\/v2\/comments?post=675"}],"wp:featuredmedia":[{"embeddable":true,"href":"http:\/\/klubmamgdynia.pl\/index.php\/wp-json\/wp\/v2\/media\/676"}],"wp:attachment":[{"href":"http:\/\/klubmamgdynia.pl\/index.php\/wp-json\/wp\/v2\/media?parent=675"}],"wp:term":[{"taxonomy":"product_cat","embeddable":true,"href":"http:\/\/klubmamgdynia.pl\/index.php\/wp-json\/wp\/v2\/product_cat?post=675"},{"taxonomy":"product_tag","embeddable":true,"href":"http:\/\/klubmamgdynia.pl\/index.php\/wp-json\/wp\/v2\/product_tag?post=675"}],"curies":[{"name":"wp","href":"https:\/\/api.w.org\/{rel}","templated":true}]}}