{"id":6750,"date":"2012-04-21T04:15:03","date_gmt":"2012-04-21T02:15:03","guid":{"rendered":"http:\/\/klubmamgdynia.pl\/index.php\/produkt\/beztroska-oblicza-beztroski-poduszka-motylek\/"},"modified":"2026-05-17T22:06:17","modified_gmt":"2026-05-17T20:06:17","slug":"beztroska-oblicza-beztroski-poduszka-motylek","status":"publish","type":"product","link":"http:\/\/klubmamgdynia.pl\/index.php\/produkt\/beztroska-oblicza-beztroski-poduszka-motylek\/","title":{"rendered":"Beztroska Oblicza Beztroski Poduszka Motylek"},"content":{"rendered":"<p>Mi\u0119kka, dwustronna podusia do w\u00f3zka i fotelika typu motylek. Z jednej strony wzorzysta bawe\u0142na, z drugiej idealny na wysokie temperatury zmi\u0119kczany len. Podusia sprzedawana jest w zestawie z patk\u0105 mocuj\u0105c\u0105 do wk\u0142adki lub \u015bpiworka. Patka= zaczep z rzepem do mocowania motylka kompatybilny z wk\u0142adkami i \u015bpiworkami marki Beztroska. Wymiary poduszki: szeroko\u015b\u0107 32 cm wysoko\u015b\u0107 23 cm na \u015brodku podusia jest p\u0142aska, dlatego mo\u017cna j\u0105 u\u017cytkowa\u0107 od pierwszych dni \u017cycia.<\/p>\n<h2>Beztroska Oblicza Beztroski Poduszka Motylek Beztroska<\/h2>\n<p>psi patrol kolorowanka, delfinarium polska, koreczki dla dzieci na urodziny, szlaczki dla dzieci, urodziny dziecka pomys\u0142y, imi\u0119 alan, cytat dla mamy, zaproszenia do druku, zima z\u0142a tekst, nela w krainie wombat\u00f3w, afryka\u0144skie imiona, asiunia test z lektury<\/p>\n<p>yyyyy<\/p>\n<p>&nbsp;<\/p>\n","protected":false},"excerpt":{"rendered":"<p>Mi\u0119kka, dwustronna podusia do w\u00f3zka i fotelika typu motylek. Z jednej strony wzorzysta bawe\u0142na, z drugiej idealny na wysokie temperatury zmi\u0119kczany len. Podusia sprzedawana jest w zestawie z patk\u0105 mocuj\u0105c\u0105 do wk\u0142adki lub \u015bpiworka. Patka= zaczep z rzepem do mocowania motylka kompatybilny z wk\u0142adkami i \u015bpiworkami marki Beztroska. Wymiary poduszki: szeroko\u015b\u0107 32 cm wysoko\u015b\u0107 23 [&hellip;]<\/p>\n","protected":false},"featured_media":6751,"comment_status":"closed","ping_status":"open","template":"","meta":[],"product_cat":[927,495],"product_tag":[702,781,579],"class_list":["post-6750","product","type-product","status-publish","has-post-thumbnail","hentry","product_cat-beztroska","product_cat-koldry-i-poduszki-dla-dzieci","product_tag-co-kupic-na-roczek-dla-dziewczynki","product_tag-cytaty-o-wychowaniu-dzieci","product_tag-quiz-opowiesci-z-narnii-lew-czarownica-i-stara-szafa"],"_links":{"self":[{"href":"http:\/\/klubmamgdynia.pl\/index.php\/wp-json\/wp\/v2\/product\/6750","targetHints":{"allow":["GET"]}}],"collection":[{"href":"http:\/\/klubmamgdynia.pl\/index.php\/wp-json\/wp\/v2\/product"}],"about":[{"href":"http:\/\/klubmamgdynia.pl\/index.php\/wp-json\/wp\/v2\/types\/product"}],"replies":[{"embeddable":true,"href":"http:\/\/klubmamgdynia.pl\/index.php\/wp-json\/wp\/v2\/comments?post=6750"}],"wp:featuredmedia":[{"embeddable":true,"href":"http:\/\/klubmamgdynia.pl\/index.php\/wp-json\/wp\/v2\/media\/6751"}],"wp:attachment":[{"href":"http:\/\/klubmamgdynia.pl\/index.php\/wp-json\/wp\/v2\/media?parent=6750"}],"wp:term":[{"taxonomy":"product_cat","embeddable":true,"href":"http:\/\/klubmamgdynia.pl\/index.php\/wp-json\/wp\/v2\/product_cat?post=6750"},{"taxonomy":"product_tag","embeddable":true,"href":"http:\/\/klubmamgdynia.pl\/index.php\/wp-json\/wp\/v2\/product_tag?post=6750"}],"curies":[{"name":"wp","href":"https:\/\/api.w.org\/{rel}","templated":true}]}}