{"id":6752,"date":"2010-12-22T10:23:15","date_gmt":"2010-12-22T09:23:15","guid":{"rendered":"http:\/\/klubmamgdynia.pl\/index.php\/produkt\/yoonco-kocyk-bambusowy-z-logo-80x100cm-mieta\/"},"modified":"2026-05-17T22:20:28","modified_gmt":"2026-05-17T20:20:28","slug":"yoonco-kocyk-bambusowy-z-logo-80x100cm-mieta","status":"publish","type":"product","link":"http:\/\/klubmamgdynia.pl\/index.php\/produkt\/yoonco-kocyk-bambusowy-z-logo-80x100cm-mieta\/","title":{"rendered":"Yoonco Kocyk Bambusowy Z Logo 80X100Cm Mi\u0119ta"},"content":{"rendered":"<p>Kocyk niemowl\u0119cy bambusowy z logo Yoonco wykonany z naturalnej prz\u0119dzy bambusowej. Jest mi\u0119kki i mi\u0142y w dotyku. Idealnie sprawdzi si\u0119 jako pierwszy kocyk dla noworodka. Prz\u0119dza bambusowa posiada w\u0142a\u015bciwo\u015bci termoregulacyjne, dlatego ten kocyk sprawdzi si\u0119 o ka\u017cdej porze roku.Wymiary kocyka: 80x100cmYoonco to polski producent, kt\u00f3rego nazwa wywodzi si\u0119 od nazwy ptaka, kt\u00f3ry swojej naturze jest bardzo rodzinny i ciep\u0142y. Za\u0142o\u017ceniem marki jest wspieranie rodzic\u00f3w w budowaniu bezpiecznego oraz pe\u0142nego mi\u0142o\u015bci otoczenia dla ich maluszka.<\/p>\n<h2>Yoonco Kocyk Bambusowy Z Logo 80X100Cm Mi\u0119ta Inny<\/h2>\n<p>bajki do czytania, szlaczki do druku, imi\u0119 leon, szybkie zagadki matematyczne, film rodzinny o \u015bwi\u0119tach, zagadka logiczna<\/p>\n<p>yyyyy<\/p>\n<p>&nbsp;<\/p>\n","protected":false},"excerpt":{"rendered":"<p>Kocyk niemowl\u0119cy bambusowy z logo Yoonco wykonany z naturalnej prz\u0119dzy bambusowej. Jest mi\u0119kki i mi\u0142y w dotyku. Idealnie sprawdzi si\u0119 jako pierwszy kocyk dla noworodka. Prz\u0119dza bambusowa posiada w\u0142a\u015bciwo\u015bci termoregulacyjne, dlatego ten kocyk sprawdzi si\u0119 o ka\u017cdej porze roku.Wymiary kocyka: 80x100cmYoonco to polski producent, kt\u00f3rego nazwa wywodzi si\u0119 od nazwy ptaka, kt\u00f3ry swojej naturze jest [&hellip;]<\/p>\n","protected":false},"featured_media":6753,"comment_status":"closed","ping_status":"open","template":"","meta":[],"product_cat":[169,1006],"product_tag":[861,580,813,675,811],"class_list":["post-6752","product","type-product","status-publish","has-post-thumbnail","hentry","product_cat-inny","product_cat-koce-i-narzuty-dzieciece","product_tag-jak-narysowac-psa","product_tag-janusz","product_tag-krotkie-zagadki-matematyczne-z-odpowiedziami","product_tag-test-z-lektury-kajko-i-kokosz-szkola-latania","product_tag-zagadki-logiczne-dla-dzieci"],"_links":{"self":[{"href":"http:\/\/klubmamgdynia.pl\/index.php\/wp-json\/wp\/v2\/product\/6752","targetHints":{"allow":["GET"]}}],"collection":[{"href":"http:\/\/klubmamgdynia.pl\/index.php\/wp-json\/wp\/v2\/product"}],"about":[{"href":"http:\/\/klubmamgdynia.pl\/index.php\/wp-json\/wp\/v2\/types\/product"}],"replies":[{"embeddable":true,"href":"http:\/\/klubmamgdynia.pl\/index.php\/wp-json\/wp\/v2\/comments?post=6752"}],"wp:featuredmedia":[{"embeddable":true,"href":"http:\/\/klubmamgdynia.pl\/index.php\/wp-json\/wp\/v2\/media\/6753"}],"wp:attachment":[{"href":"http:\/\/klubmamgdynia.pl\/index.php\/wp-json\/wp\/v2\/media?parent=6752"}],"wp:term":[{"taxonomy":"product_cat","embeddable":true,"href":"http:\/\/klubmamgdynia.pl\/index.php\/wp-json\/wp\/v2\/product_cat?post=6752"},{"taxonomy":"product_tag","embeddable":true,"href":"http:\/\/klubmamgdynia.pl\/index.php\/wp-json\/wp\/v2\/product_tag?post=6752"}],"curies":[{"name":"wp","href":"https:\/\/api.w.org\/{rel}","templated":true}]}}