{"id":6754,"date":"2025-05-26T12:19:18","date_gmt":"2025-05-26T10:19:18","guid":{"rendered":"http:\/\/klubmamgdynia.pl\/?post_type=product&#038;p=6754"},"modified":"2026-04-07T12:44:37","modified_gmt":"2026-04-07T10:44:37","slug":"carrello-astra-2022-apricot-pink-spacerowy","status":"publish","type":"product","link":"http:\/\/klubmamgdynia.pl\/index.php\/produkt\/carrello-astra-2022-apricot-pink-spacerowy\/","title":{"rendered":"Carrello Astra 2022 Apricot Pink Spacerowy"},"content":{"rendered":"<p>Carrello Astra 2022 &#8211; dzieci\u0119cy w\u00f3zek spacerowy-Apricot Pink<\/p>\n<h2>Carrello Astra 2022 Apricot Pink Spacerowy Carrello<\/h2>\n<p>rysunki dla pocz\u0105tkuj\u0105cych, kolorowanka lol do druku, prezenty dla nastolatk\u00f3w na dzie\u0144 dziecka, trudne zagadki z odpowiedziami, pa\u0144stwa miasta wz\u00f3r, cytat na dzie\u0144 matki, zadania dla 7 latka do druku, bajki do czytania online, zagadki logiczne matematyczne dla dzieci, \u017carty na prima aprilis dla dzieci, quiz stolice europy, plac zabaw warszawa, rysowanie po \u015bladzie, kolorowanki na dzie\u0144 babci, szlaczki literopodobne do wydruku, domowe syropy na zim\u0119<\/p>\n<p>yyyyy<\/p>\n<p>&nbsp;<\/p>\n","protected":false},"excerpt":{"rendered":"<p>Carrello Astra 2022 &#8211; dzieci\u0119cy w\u00f3zek spacerowy-Apricot Pink Carrello Astra 2022 Apricot Pink Spacerowy Carrello rysunki dla pocz\u0105tkuj\u0105cych, kolorowanka lol do druku, prezenty dla nastolatk\u00f3w na dzie\u0144 dziecka, trudne zagadki z odpowiedziami, pa\u0144stwa miasta wz\u00f3r, cytat na dzie\u0144 matki, zadania dla 7 latka do druku, bajki do czytania online, zagadki logiczne matematyczne dla dzieci, \u017carty [&hellip;]<\/p>\n","protected":false},"featured_media":6755,"comment_status":"closed","ping_status":"open","template":"","meta":[],"product_cat":[1496,71],"product_tag":[776,795,695,799],"class_list":["post-6754","product","type-product","status-publish","has-post-thumbnail","hentry","product_cat-carrello","product_cat-wozki-spacerowe","product_tag-dobrej-nocy","product_tag-mini-zoo-warszawa","product_tag-rzadkie-imiona-zenskie","product_tag-zagadka-logiczna"],"_links":{"self":[{"href":"http:\/\/klubmamgdynia.pl\/index.php\/wp-json\/wp\/v2\/product\/6754","targetHints":{"allow":["GET"]}}],"collection":[{"href":"http:\/\/klubmamgdynia.pl\/index.php\/wp-json\/wp\/v2\/product"}],"about":[{"href":"http:\/\/klubmamgdynia.pl\/index.php\/wp-json\/wp\/v2\/types\/product"}],"replies":[{"embeddable":true,"href":"http:\/\/klubmamgdynia.pl\/index.php\/wp-json\/wp\/v2\/comments?post=6754"}],"wp:featuredmedia":[{"embeddable":true,"href":"http:\/\/klubmamgdynia.pl\/index.php\/wp-json\/wp\/v2\/media\/6755"}],"wp:attachment":[{"href":"http:\/\/klubmamgdynia.pl\/index.php\/wp-json\/wp\/v2\/media?parent=6754"}],"wp:term":[{"taxonomy":"product_cat","embeddable":true,"href":"http:\/\/klubmamgdynia.pl\/index.php\/wp-json\/wp\/v2\/product_cat?post=6754"},{"taxonomy":"product_tag","embeddable":true,"href":"http:\/\/klubmamgdynia.pl\/index.php\/wp-json\/wp\/v2\/product_tag?post=6754"}],"curies":[{"name":"wp","href":"https:\/\/api.w.org\/{rel}","templated":true}]}}