{"id":6756,"date":"2021-12-14T01:39:35","date_gmt":"2021-12-14T00:39:35","guid":{"rendered":"http:\/\/klubmamgdynia.pl\/index.php\/produkt\/sluban-farma-zagroda-figurki-b0557\/"},"modified":"2026-04-07T12:37:23","modified_gmt":"2026-04-07T10:37:23","slug":"sluban-farma-zagroda-figurki-b0557","status":"publish","type":"product","link":"http:\/\/klubmamgdynia.pl\/index.php\/produkt\/sluban-farma-zagroda-figurki-b0557\/","title":{"rendered":"Sluban farma zagroda figurki B0557"},"content":{"rendered":"<p>Mzk Klocki Sluban farma zagroda figurki B0557<\/p>\n<h2>Sluban farma zagroda figurki B0557 Sluban<\/h2>\n<p>bajka dla niemowlaka, miko\u0142ajek quiz, zagadki \u015bmieszne, jednoro\u017cec kolorowanka do druku, cytaty dziecko, motto dla nauczyciela, renata to nie imi\u0119, bajki terapeutyczne o emocjach pdf, karty pracy obrazki do wyklejania plastelin\u0105, wiersz o wakacjach, miriam imi\u0119, quizy o koniach<\/p>\n<p>yyyyy<\/p>\n<p>&nbsp;<\/p>\n","protected":false},"excerpt":{"rendered":"<p>Mzk Klocki Sluban farma zagroda figurki B0557 Sluban farma zagroda figurki B0557 Sluban bajka dla niemowlaka, miko\u0142ajek quiz, zagadki \u015bmieszne, jednoro\u017cec kolorowanka do druku, cytaty dziecko, motto dla nauczyciela, renata to nie imi\u0119, bajki terapeutyczne o emocjach pdf, karty pracy obrazki do wyklejania plastelin\u0105, wiersz o wakacjach, miriam imi\u0119, quizy o koniach yyyyy &nbsp;<\/p>\n","protected":false},"featured_media":6757,"comment_status":"closed","ping_status":"open","template":"","meta":[],"product_cat":[113,513],"product_tag":[612,821,717,771,592],"class_list":["post-6756","product","type-product","status-publish","has-post-thumbnail","hentry","product_cat-klocki","product_cat-sluban","product_tag-kolorowanki-do-druku","product_tag-marianna","product_tag-prezent-roczek","product_tag-stolice-europy-quiz","product_tag-zagadki-dla-dzieci"],"_links":{"self":[{"href":"http:\/\/klubmamgdynia.pl\/index.php\/wp-json\/wp\/v2\/product\/6756","targetHints":{"allow":["GET"]}}],"collection":[{"href":"http:\/\/klubmamgdynia.pl\/index.php\/wp-json\/wp\/v2\/product"}],"about":[{"href":"http:\/\/klubmamgdynia.pl\/index.php\/wp-json\/wp\/v2\/types\/product"}],"replies":[{"embeddable":true,"href":"http:\/\/klubmamgdynia.pl\/index.php\/wp-json\/wp\/v2\/comments?post=6756"}],"wp:featuredmedia":[{"embeddable":true,"href":"http:\/\/klubmamgdynia.pl\/index.php\/wp-json\/wp\/v2\/media\/6757"}],"wp:attachment":[{"href":"http:\/\/klubmamgdynia.pl\/index.php\/wp-json\/wp\/v2\/media?parent=6756"}],"wp:term":[{"taxonomy":"product_cat","embeddable":true,"href":"http:\/\/klubmamgdynia.pl\/index.php\/wp-json\/wp\/v2\/product_cat?post=6756"},{"taxonomy":"product_tag","embeddable":true,"href":"http:\/\/klubmamgdynia.pl\/index.php\/wp-json\/wp\/v2\/product_tag?post=6756"}],"curies":[{"name":"wp","href":"https:\/\/api.w.org\/{rel}","templated":true}]}}