{"id":6758,"date":"2020-02-05T21:37:27","date_gmt":"2020-02-05T20:37:27","guid":{"rendered":"http:\/\/klubmamgdynia.pl\/index.php\/produkt\/baby-jogger-city-elite-2-commuter-gleboko-spacerowy\/"},"modified":"2026-04-06T01:09:19","modified_gmt":"2026-04-05T23:09:19","slug":"baby-jogger-city-elite-2-commuter-gleboko-spacerowy","status":"publish","type":"product","link":"http:\/\/klubmamgdynia.pl\/index.php\/produkt\/baby-jogger-city-elite-2-commuter-gleboko-spacerowy\/","title":{"rendered":"Baby Jogger City Elite 2 Commuter G\u0142\u0119boko Spacerowy"},"content":{"rendered":"<p>Baby Jogger City Elite 2 W\u00f3zek G\u0142\u0119boko-Spacerowy CommuterGondolaPikowane i mi\u0119kko wy\u015bcie\u0142ane wn\u0119trze wraz z os\u0142on\u0105 na n\u00f3\u017cki. Obszerna budka z daszkiem powleczonym materia\u0142em z ochron\u0105 przeciws\u0142oneczn\u0105 UV 50+ chroni przed s\u0142o\u0144cem, jak i wiatrem czy deszczem. Odpowiednia dla noworodk\u00f3w i niemowl\u0105t do wagi ok. 9,07 kg. W komplecie z gondol\u0105 dost\u0119pne adaptery do monta\u017cu gondoli na stela\u017cu. Mo\u017cliwo\u015b\u0107 z\u0142o\u017cenia na p\u0142asko u\u0142atwia transport i przechowywanie. Zintegrowany uchwyt do przenoszenia zapewniaj\u0105cy \u0142atwy transport jedn\u0105 r\u0119k\u0105. Panel siatkowy z ochron\u0105 UV50+ zapewnia cie\u0144 i odpowiedni\u0105 wentylacj\u0119 w gor\u0105ce dni.Spacer\u00f3wkaTerenowe, wiecznie pompowane, \u0142atwo zdejmowane ko\u0142a z \u0142o\u017cyskami kulkowymi o \u015brednicy 30,5 cm. Amortyzowane ko\u0142o przednie z mo\u017cliwo\u015bci\u0105 blokady pozwala na pe\u0142n\u0105 kontrol\u0119 jazdy bez wzgl\u0119du na rodzaj pod\u0142o\u017ca. Siedzisko wentylowane, regulowane, usztywnione siedzisko rozk\u0142adane do pozycji le\u017c\u0105cej z regulowanym podn\u00f3\u017ckiem. Regulowana wysoko\u015b\u0107 r\u0105czki jest dogodnym rozwi\u0105zaniem zw\u0142aszcza dla rodzic\u00f3w o wysokim wzro\u015bcie. Hamulec r\u0119czny pozwala na szybk\u0105 kontrol\u0119 jazdy. Regulowany podn\u00f3\u017cek zapewnia wsparcie i swobodne u\u0142o\u017cenie n\u00f3\u017cek dziecka tak podczas spaceru, jak i podczas drzemki. Unikalny system sk\u0142adania &#8211; patent BABY JOGGER umo\u017cliwia z\u0142o\u017cenie w\u00f3zka jednym, prostym ruchem poci\u0105gni\u0119cia za pasek. Automatyczna blokada w\u00f3zka po z\u0142o\u017ceniu umo\u017cliwia jego bezpieczne przenoszenie i przechowywanie.<\/p>\n<h2>Baby Jogger City Elite 2 Commuter G\u0142\u0119boko Spacerowy Baby Jogger<\/h2>\n<p>kr\u00f3tkie czytanki dla dzieci do wydruku, kolorowanki bajki, list do gwiazdora, test asiunia joanna papuzi\u0144ska, fajne zagadki, peppa kolorowanka<\/p>\n<p>yyyyy<\/p>\n<p>&nbsp;<\/p>\n","protected":false},"excerpt":{"rendered":"<p>Baby Jogger City Elite 2 W\u00f3zek G\u0142\u0119boko-Spacerowy CommuterGondolaPikowane i mi\u0119kko wy\u015bcie\u0142ane wn\u0119trze wraz z os\u0142on\u0105 na n\u00f3\u017cki. Obszerna budka z daszkiem powleczonym materia\u0142em z ochron\u0105 przeciws\u0142oneczn\u0105 UV 50+ chroni przed s\u0142o\u0144cem, jak i wiatrem czy deszczem. Odpowiednia dla noworodk\u00f3w i niemowl\u0105t do wagi ok. 9,07 kg. W komplecie z gondol\u0105 dost\u0119pne adaptery do monta\u017cu gondoli [&hellip;]<\/p>\n","protected":false},"featured_media":6759,"comment_status":"closed","ping_status":"open","template":"","meta":[],"product_cat":[1129,110],"product_tag":[830,636,809,634],"class_list":["post-6758","product","type-product","status-publish","has-post-thumbnail","hentry","product_cat-baby-jogger","product_cat-wozki-wielofunkcyjne","product_tag-rodzina-cytaty","product_tag-teksty-kolysanek","product_tag-zagadki","product_tag-zagadki-wielkanocne-dla-dzieci"],"_links":{"self":[{"href":"http:\/\/klubmamgdynia.pl\/index.php\/wp-json\/wp\/v2\/product\/6758","targetHints":{"allow":["GET"]}}],"collection":[{"href":"http:\/\/klubmamgdynia.pl\/index.php\/wp-json\/wp\/v2\/product"}],"about":[{"href":"http:\/\/klubmamgdynia.pl\/index.php\/wp-json\/wp\/v2\/types\/product"}],"replies":[{"embeddable":true,"href":"http:\/\/klubmamgdynia.pl\/index.php\/wp-json\/wp\/v2\/comments?post=6758"}],"wp:featuredmedia":[{"embeddable":true,"href":"http:\/\/klubmamgdynia.pl\/index.php\/wp-json\/wp\/v2\/media\/6759"}],"wp:attachment":[{"href":"http:\/\/klubmamgdynia.pl\/index.php\/wp-json\/wp\/v2\/media?parent=6758"}],"wp:term":[{"taxonomy":"product_cat","embeddable":true,"href":"http:\/\/klubmamgdynia.pl\/index.php\/wp-json\/wp\/v2\/product_cat?post=6758"},{"taxonomy":"product_tag","embeddable":true,"href":"http:\/\/klubmamgdynia.pl\/index.php\/wp-json\/wp\/v2\/product_tag?post=6758"}],"curies":[{"name":"wp","href":"https:\/\/api.w.org\/{rel}","templated":true}]}}