{"id":6762,"date":"2019-12-29T05:21:18","date_gmt":"2019-12-29T04:21:18","guid":{"rendered":"http:\/\/klubmamgdynia.pl\/index.php\/produkt\/cybex-priam-4-0-dream-grey-simply-flowers-gleboko-spacerowy-fotelik-cloud-z2-baza-z2\/"},"modified":"2026-04-04T00:42:44","modified_gmt":"2026-04-03T22:42:44","slug":"cybex-priam-4-0-dream-grey-simply-flowers-gleboko-spacerowy-fotelik-cloud-z2-baza-z2","status":"publish","type":"product","link":"http:\/\/klubmamgdynia.pl\/index.php\/produkt\/cybex-priam-4-0-dream-grey-simply-flowers-gleboko-spacerowy-fotelik-cloud-z2-baza-z2\/","title":{"rendered":"Cybex Priam 4.0 Dream Grey Simply Flowers G\u0142\u0119boko Spacerowy + Fotelik Cloud Z2 + Baza Z2"},"content":{"rendered":"<p>Cybex Priam 3.0 to w\u00f3zek, kt\u00f3ry spe\u0142ni wszystkie Twoje oczekiwania dotycz\u0105ce zar\u00f3wno niesamowitego wygl\u0105du jak i unikatowego designu, ale przede wszystkim bezpiecze\u0144stwa Twojego dziecka oraz komfortu u\u017cytkowania, zar\u00f3wno dla niego, jak i dla Ciebie. Poczuj si\u0119 wyj\u0105tkowo.Pakiet regulacjiPrzyznacie drodzy rodzice, \u017ce komfort prowadzenia w\u00f3zka du\u017co zale\u017cy od mo\u017cliwo\u015bci w\u00f3zka. Funkcje regulacji r\u0105czki, siedziska, podn\u00f3\u017cka &#8211; to wszystko wp\u0142ywa na to, czy ko\u0144cowy efekt komfortu b\u0119dzie zadowalaj\u0105cy &#8211; to wszystko zapewni Ci Priam 2.0. Regulowana r\u0105czka sprawi, \u017ce dostosujesz jej wysoko\u015b\u0107 do swojego indywidualnego wzrostu. Zapomnij o b\u00f3lu kr\u0119gos\u0142upa &#8211; zrelaksuj si\u0119 spacerem ze swoim dzieckiem!Z pewno\u015bci\u0105 jak ka\u017cdy troskliwy rodzic b\u0119dziesz oczekiwa\u0142, \u017ce w\u00f3zek b\u0119dzie wygodny tak\u017ce dla Twojego dziecka. Czy taki jest Cybex Priam 2.0? Oczywi\u015bcie! Przyczyni si\u0119 te\u017c do tego regulacja siedziska, kt\u00f3ra zaspokoi wszystkie aktualne potrzeby dziecka, bez wzgl\u0119du na to czy b\u0119dzie mia\u0142o ochot\u0119 na drzemk\u0119 podczas spaceru, czy te\u017c na eksplorowanie otaczaj\u0105cego go \u015bwiata!Pozycja le\u017c\u0105caKontynuuj\u0105c ten aspekt &#8211; Cybex Priam 2.0 posiada mo\u017cliwo\u015b\u0107 ustawienia siedziska w pozycji le\u017c\u0105cej, kiedy nie jest zamontowana gondola. To sprawi, \u017ce szczeg\u00f3lnie w pierwszych miesi\u0105cach \u017cycia, pozycja spania dziecka b\u0119dzie prawid\u0142owa, korzystnie wp\u0142ywaj\u0105c na odpowiedni rozw\u00f3j kr\u0119gos\u0142upa.Przek\u0142adane siedziskoSiedzisko w\u00f3zka Cybex Priam 2.0 mo\u017cna ustawi\u0107 zar\u00f3wno przodem, jak i ty\u0142em do kierunku jazdy. To sprawi, \u017ce w pierwszych chwilach \u017cycia, dziecko b\u0119dzie mog\u0142o mie\u0107 sta\u0142y kontakt z rodzicem, a kiedy troszk\u0119 podro\u015bnie, ustawimy siedzisko przodem do kierunku jazdy, co sprawi, \u017ce samo b\u0119dzie mog\u0142o podziwia\u0107 otaczaj\u0105cy je \u015bwiat, co korzystnie wp\u0142ynie na rozw\u00f3j jego wyobra\u017ani.Budka XXLW w\u00f3zku Cybex Priam 2.0 budka jest regulowana do tego stopnia, by zapewnia\u0142a jak najlepsz\u0105 ochron\u0119 dziecka przed niespodziewanymi warunkami atmosferycznymi, czy te\u017c ochron\u0119 przed s\u0142o\u0144cem, a raczej niekorzystnym dzia\u0142aniem promieni s\u0142onecznych. Budka z tego wzgl\u0119du wyposa\u017cona jest w filtr przeciws\u0142oneczny UPF50+.Pe\u0142na amortyzacja k\u00f3\u0142Ko\u0142a All-Terrain zastosowane w Cybex Priam 2.0 to najlepsze ko\u0142a na ka\u017cdy napotkany teren &#8211; nie zaskocz\u0105 Ci\u0119 nier\u00f3wno\u015bci, kamienie, piasek a nawet teren le\u015bny &#8211; Cybex Priam 2.0 b\u0119dzie Twoim wiernym towarzyszem, kt\u00f3ry podo\u0142a ka\u017cdej takiej sytuacji. Amortyzacja w ka\u017cdym kole sprawi, \u017ce Twoje dziecko przede wszystkim b\u0119dzie czu\u0142o si\u0119 mi\u0142o i przyjemnie.Funkcja sk\u0142adania jedn\u0105 r\u0119k\u0105Cybex Priam 2.0 to w\u00f3zek, kt\u00f3ry nie utrudni Ci przeniesienia go po schodach, czy \u0142atwego umieszczenia w baga\u017cniku samochodu. Cybex Priam 2.0 sk\u0142ada si\u0119 w bardzo \u0142atwy spos\u00f3b, jedn\u0105 r\u0119k\u0105, do kompaktowych rozmiar\u00f3w oraz samoczynnie stoi.Du\u017cy kosz na zakupyPojemny kosz na zakupy sprawi, \u017ce odci\u0105\u017cysz swoje plecy. Nie b\u0119dzie Ci potrzebne d\u017awiganie torebki czy plecaka podczas spaceru z dzieckiem. Wszystko to umie\u015bcisz w koszu pod w\u00f3zeczkiem. Po drodze chcesz wpa\u015b\u0107 na zakupy? Bez problemu! To r\u00f3wnie\u017c si\u0119 tam zmie\u015bci! Twoje dziecko \u0142atwo si\u0119 rozprasza? Zapewnij mu mo\u017cliwo\u015b\u0107 zabawy swoimi ulubionymi zabawkami! Wszystko to pomie\u015bci kosz znajduj\u0105cy si\u0119 pod w\u00f3zkiem!Siedzisko na wysoko\u015bci sto\u0142uTo ciekawa opcja, kt\u00f3r\u0105 zapewnia Cybex Priam 2.0. Nasz w\u00f3zek spacerowy mo\u017ce pe\u0142ni\u0107 funkcj\u0119 krzese\u0142ka do karmienia, dzi\u0119ki odpowiedniej wysoko\u015bci ustawienia siedziska.Cybex gondola do Priam wykonana zosta\u0142a w nowoczesnym designie. Wysokiej jako\u015bci tkanina zosta\u0142a uszyta tzw. sko\u015bnym splotem, co zapewnia niepowtarzalny wygl\u0105d i wysok\u0105 wytrzyma\u0142o\u015b\u0107.Ochrona przed zimnem i wiatremDzi\u0119ki przed\u0142u\u017canej na zamek budce XXL i dodatkowej os\u0142once na n\u00f3\u017cki zapinanej na zatrzaski niestraszne wam b\u0119d\u0105 niskie temperatury. Materia\u0142y, z kt\u00f3rych wykonano os\u0142on\u0119 na nogi dziecka, s\u0105 dodatkowo zabezpieczone przed wiatrem. Dodatkowo budka posiada filtr przeciws\u0142oneczny UV50+ chroni\u0105cy przed szkodliwym promieniowaniem.Cybex Cloud Z I-size to model, kt\u00f3ry wprowadzi\u0142 najwi\u0119cej innowacji w kategorii fotelik\u00f3w 0-13kg od bardzo d\u0142ugiego czasu. Pierwsza i najbardziej charakterystyczna z nich to mo\u017cliwo\u015b\u0107 monta\u017cu na obrotowej bazie Cybex Baza Z. Umo\u017cliwia ona swobodne &#8222;obracanie&#8221; noside\u0142kiem w zakresie 180 stopni, co bardzo u\u0142atwia wk\u0142adanie dziecka do fotelika i zapinanie pi\u0119ciopunktowych pas\u00f3w. Co wa\u017cne, dedykowana Baza Isofix posiada system kontroli kierunku jazdy, kt\u00f3ry po pierwsze nie pozwoli na ustawienie fotelika przodem do kierunku jazdy, a po drugie b\u0119dzie informowa\u0107 za pomoc\u0105 specjalnych wska\u017anik\u00f3w, gdy ustawienie nie b\u0119dzie jeszcze prawid\u0142owe do rozpocz\u0119cia podr\u00f3\u017cy. Oczywi\u015bcie &#8211; tak, jak zawsze w przypadku modeli tej firmy &#8211; na pierwszym miejscu postawiono bezpiecze\u0144stwo u\u017cytkownika. Cloud Z I-size zosta\u0142 wyposa\u017cony w niezwykle wytrzyma\u0142\u0105, efektywnie poch\u0142aniaj\u0105c\u0105 energi\u0119 zderzenia skorup\u0119 oraz wysuwane os\u0142ony boczne L.S.P., efektywnie rozprowadzaj\u0105ce przeci\u0105\u017cenia podczas zderzenia bocznego. Kolejna funkcjonalno\u015b\u0107, kt\u00f3r\u0105 znajdziemy niemal\u017ce tylko w tym modelu (inne to Cybex Cloud Q oraz Kiddy Evoluna I-size), to mo\u017cliwo\u015b\u0107 roz\u0142o\u017cenia fotelika na p\u0142asko poza samochodem. Tworzy to znacznie bardziej ergonomiczn\u0105 pozycj\u0119, dostosowan\u0105 do potrzeb niemowl\u0119cia i umo\u017cliwia mu przebywanie w noside\u0142ku znacznie d\u0142u\u017cej bez odczuwania dyskomfortu czy negatywnych skutk\u00f3w zdrowotnych. To nie wszystko &#8211; na tej samej bazie (Baza Z) mo\u017cemy zamontowa\u0107 r\u00f3wnie\u017c siedzisko fotelika Cybex Sirona Z I-size z kategorii wagowej 0-18kg. Razem tworzy to kompletny system podr\u00f3\u017cny, kt\u00f3ry pozwoli na ca\u0142kowicie bezpieczne podr\u00f3\u017ce samochodem przez oko\u0142o 4 lata &#8211; najpierw ty\u0142em do kierunku jazdy, potem do wyboru &#8211; ty\u0142em lub przodem. Model Cloud Z I-size bez problemu zamontujemy r\u00f3wnie\u017c na stela\u017cach wi\u0119kszo\u015bci w\u00f3zk\u00f3w dost\u0119pnych na rynku.Najzdrowsza pozycja le\u017c\u0105caOparcie fotela Cloud Z I-size mo\u017cemy roz\u0142o\u017cy\u0107 do pozycji p\u0142askiej. Jest to znacznie zdrowsze i wygodniejsze dla malucha, zw\u0142aszcza podczas pierwszych tygodni \u017cycia. Standardowe noside\u0142ko wymusza pozycj\u0119 skurczon\u0105, ze \u015bci\u015bni\u0119tymi ramionami i zgi\u0119tym kr\u0119gos\u0142upem, co nie jest zdrowe dla fizjologii i dr\u00f3g oddechowych male\u0144stwa. Z tego te\u017c powodu nie zaleca si\u0119 &#8222;przetrzymywania&#8221; dziecka w noside\u0142ku d\u0142u\u017cej ni\u017c 1 godzin\u0119. Cloud Z rozwi\u0105zuje ten problem &#8211; poza samochodem ca\u0142e u\u0142o\u017cenie wn\u0119trza fotelika mo\u017cemy jedn\u0105 r\u0119k\u0105 bez trudu roz\u0142o\u017cy\u0107. Tworzy to znacznie zdrowsze i wygodniejsze warunki, a tak\u017ce znacznie przed\u0142u\u017ca czas, jaki niemowl\u0119 mo\u017ce sp\u0119dzi\u0107 w foteliku bez odczuwania dyskomfortu.Specjalna wk\u0142adka dla noworodk\u00f3wCybex Cloud Z I-Size zosta\u0142 wyposa\u017cony r\u00f3wnie\u017c w dodatkow\u0105 wk\u0142adk\u0119 wyp\u0142ycaj\u0105c\u0105. Ma ona za zadanie dopasowa\u0107 wn\u0119trze siedziska do potrzeb wcze\u015bniak\u00f3w i niemowlak\u00f3w. Dziecko podczas pierwszych tygodni i miesi\u0119cy \u017cycia rozwija si\u0119 bardzo intensywnie, a jego potrzeby szybko si\u0119 zmieniaj\u0105. Na samym pocz\u0105tku wk\u0142adka jest potrzebna, aby zaokr\u0105glone oparcie fotelika nie powodowa\u0142o problem\u00f3w z oddychaniem lub b\u00f3l\u00f3w rozwijaj\u0105cego si\u0119 kr\u0119gos\u0142upa. Po osi\u0105gni\u0119ciu wzrostu 60cm przestaje by\u0107 konieczna, wi\u0119c nale\u017cy j\u0105 wyj\u0105\u0107, aby zagwarantowa\u0107 wi\u0119cej miejsca, kiedy staje si\u0119 to potrzebne.Mo\u017cliwo\u015b\u0107 obracania na bazie IsofixFunkcja obrotu o 180 stopni jest szczeg\u00f3lnie przydatna, je\u015bli odbywacie cz\u0119ste i kr\u00f3tkie podr\u00f3\u017ce &#8211; znacznie u\u0142atwia wk\u0142adanie i wyjmowanie dziecka z samochodu. Dedykowana baza Z umo\u017cliwia swobodne ustawianie fotelika przodem do drzwi samochodu. W takim u\u0142o\u017ceniu wyj\u0105tkowo \u0142atwo jest umie\u015bci\u0107 malucha w noside\u0142ku i poprawnie go zapi\u0105\u0107 &#8211; bez zb\u0119dnego wyginania i nadwyr\u0119\u017cania si\u0119. Baza isofix posiada sprytnie opracowany system Driving Direction Control. Nadzoruje on, aby fotelik znajdowa\u0142 si\u0119 w prawid\u0142owym u\u0142o\u017ceniu ty\u0142em do kierunku jazdy, kiedy zaczynacie podr\u00f3\u017c. Gdy tak nie b\u0119dzie, baza b\u0119dzie ostrzega\u0107 o tym czerwonym wska\u017anikiem w dobrze widocznym miejscu. Dodatkowo sama wykryje, jaki model zosta\u0142 wpi\u0119ty i w przypadku opcji 0-13kg (tj. Cloud Z) w og\u00f3le nie pozwoli na ustawienie przodem.Jedna baza, dwa fotelikiNa bazie isofix przeznaczonej dla fotelika Cybex Cloud Z I-size mo\u017cemy zamontowa\u0107 r\u00f3wnie\u017c jego bezpo\u015bredniego nast\u0119pce z grupy 0-18kg, czyli Sirona Z I-size. Tworzy to kompletny system modu\u0142owy, kt\u00f3ry pozwala na bezpieczne i komfortowe podr\u00f3\u017ce samochodem od urodzenia do momentu, kiedy dziecko osi\u0105gnie wzrost 105cm, czyli ok. czwartego roku \u017cycia. Jedna baza kompatybilna z dwoma modelami to spora oszcz\u0119dno\u015b\u0107 pieni\u0119dzy, czasu i miejsca.Najwytrzymalsze komponentyLata test\u00f3w i bada\u0144 in\u017cynier\u00f3w firmy Cybex pozwoli\u0142y na stworzenie wr\u0119cz niezniszczalnej skorupy fotelika Cloud Z I-size, kt\u00f3ra bardzo skutecznie neutralizuje energi\u0119 uwalnian\u0105 podczas zderzenia. Skutecznie chroni to u\u017cytkownika przed zbyt du\u017cymi przeci\u0105\u017ceniami, mog\u0105cymi wp\u0142yn\u0105\u0107 negatywnie na zdrowie.Elastyczne dopasowanie do rosn\u0105cego u\u017cytkownikaWysoko\u015b\u0107 zag\u0142\u00f3wka fotelika Cloud Z I-size mo\u017cemy swobodnie regulowa\u0107 a\u017c w 11 r\u00f3\u017cnych pozycjach. Pozwala to na idealne wr\u0119cz dopasowanie wn\u0119trza noside\u0142ka do szybko zmieniaj\u0105cego si\u0119 cia\u0142a niemowl\u0119cia. Du\u017cy zakres regulacji zosta\u0142 stworzony po to, aby przez ca\u0142y okres u\u017cytkowania szczeg\u00f3lnie chroni\u0107 najwa\u017cniejsze cze\u015bci cia\u0142a &#8211; g\u0142ow\u0119, szyj\u0119 i kr\u0119gos\u0142up dziecka. Przydatn\u0105 i docenian\u0105 funkcjonalno\u015bci\u0105 jest fakt, \u017ce d\u0142ugo\u015b\u0107 i u\u0142o\u017cenie pas\u00f3w wewn\u0119trznych fotelika zmienia si\u0119 automatycznie, razem ze zmian\u0105 wysoko\u015bci zag\u0142\u00f3wka. Dzi\u0119ki temu nie musimy si\u0119 martwi\u0107 ich u\u0142o\u017ceniem, ani &#8211; co gorsza &#8211; trudzi\u0107 si\u0119 ich przepinaniem.Zaawansowane technologicznie os\u0142ony boczneWysuwane os\u0142ony w opatentowanym systemie LSP dzia\u0142aj\u0105 szczeg\u00f3lnie efektywnie podczas zderzenia bocznego. Zosta\u0142y stworzone, aby stworzy\u0107 pierwszy punkt styku z cia\u0142em obcym mo\u017cliwie jak najdalej od dziecka. Daje to cenny czas na rozprowadzenie energii kolizji po skorupie fotela, ochraniaj\u0105c przy tym u\u017cytkownika.S\u0142o\u0144ce, deszcz i wiatr nam niestraszne!Bardzo du\u017ca, rozk\u0142adana budka skutecznie ochroni malucha przed ra\u017c\u0105cym s\u0142o\u0144cem i innymi, niekorzystnymi warunkami pogodowymi. Jest ona regulowana zupe\u0142nie niezale\u017cnie od r\u0105czki fotelika Cloud Z I-size, co daje znacznie wi\u0119ksze pole manewru i zwi\u0119ksza wygod\u0119 w u\u017cytkowania poza samochodem. Materia\u0142y, z jakich zosta\u0142a wykonana zosta\u0142y wyposa\u017cone w filtr przeciws\u0142oneczny UV50 skutecznie blokuj\u0105cy szkodliwe promieniowanie. Ostatnia cze\u015b\u0107 os\u0142ony jest sztywna, wykonana z elastycznego plastiku, aby nie sk\u0142ada si\u0119 samoczynnie np. przy silnym powiewie wiatru.Monta\u017c na stela\u017cu w\u00f3zkaBezpiecze\u0144stwo na pierwszym miejscu, ale wygoda te\u017c jest wa\u017cna. Cloud Z I-size mo\u017cemy zamontowa\u0107 na stela\u017cach w\u00f3zk\u00f3w Cybex, Bebetto, Adamex i wielu innych marek. Idealnie dopasowuje si\u0119 do tego wcze\u015bniej omawiana funkcja roz\u0142o\u017cenia oparcia na p\u0142asko. Razem daje to mo\u017cliwo\u015b\u0107 niemal\u017ce ca\u0142kowitego zrezygnowania z gondoli w\u00f3zka.Niesamowity designZewn\u0119trzn\u0105 skorup\u0119 Cybex Cloud Z I-size powleczono wytrzyma\u0142ym, denimowym materia\u0142em w kolorze tapicerki siedziska. Tkaniny wewn\u0119trzne z kolei s\u0105 znacznie bardziej mi\u0119kkie i oddychaj\u0105ce, dla maksymalnego komfortu Twojego malucha. Tapicerk\u0119 oparcia, w\u0142\u0105cznie z os\u0142onami pas\u00f3w bezpiecze\u0144stwa mo\u017cemy zdj\u0105\u0107 i wypra\u0107 w pralce (maks. 30 stopni)L\u017cejszy od poprzednikaPomimo dodania kilku funkcjonalno\u015bci i poprawienia jako\u015bci u\u017cytych materia\u0142\u00f3w, in\u017cynierom Cybexa uda\u0142o si\u0119 zredukowa\u0107 wag\u0119 fotelika Cloud Z I-size a\u017c o 900 gram, wzgl\u0119dem jego porzednika &#8211; Clouda Q. Waga nowego modelu to zaledwie 4,8kg.<\/p>\n<h2>Cybex Priam 4.0 Dream Grey Simply Flowers G\u0142\u0119boko Spacerowy + Fotelik Cloud Z2 + Baza Z2 Cybex Platinum<\/h2>\n<p>kolorowanka antystresowa, traktory do druku, konkurencje sportowe dla dzieci, super zings kolorowanki, jeremi imi\u0119<\/p>\n<p>yyyyy<\/p>\n<p>&nbsp;<\/p>\n","protected":false},"excerpt":{"rendered":"<p>Cybex Priam 3.0 to w\u00f3zek, kt\u00f3ry spe\u0142ni wszystkie Twoje oczekiwania dotycz\u0105ce zar\u00f3wno niesamowitego wygl\u0105du jak i unikatowego designu, ale przede wszystkim bezpiecze\u0144stwa Twojego dziecka oraz komfortu u\u017cytkowania, zar\u00f3wno dla niego, jak i dla Ciebie. Poczuj si\u0119 wyj\u0105tkowo.Pakiet regulacjiPrzyznacie drodzy rodzice, \u017ce komfort prowadzenia w\u00f3zka du\u017co zale\u017cy od mo\u017cliwo\u015bci w\u00f3zka. Funkcje regulacji r\u0105czki, siedziska, podn\u00f3\u017cka &#8211; [&hellip;]<\/p>\n","protected":false},"featured_media":6763,"comment_status":"closed","ping_status":"open","template":"","meta":[],"product_cat":[114,110],"product_tag":[755,602,636,601,615],"class_list":["post-6762","product","type-product","status-publish","has-post-thumbnail","hentry","product_cat-cybex-platinum","product_cat-wozki-wielofunkcyjne","product_tag-henryk","product_tag-quiz-o-zwierzetach-domowych","product_tag-teksty-kolysanek","product_tag-zagadki-co-to-jest","product_tag-znane-misie-z-filmow-animowanych"],"_links":{"self":[{"href":"http:\/\/klubmamgdynia.pl\/index.php\/wp-json\/wp\/v2\/product\/6762","targetHints":{"allow":["GET"]}}],"collection":[{"href":"http:\/\/klubmamgdynia.pl\/index.php\/wp-json\/wp\/v2\/product"}],"about":[{"href":"http:\/\/klubmamgdynia.pl\/index.php\/wp-json\/wp\/v2\/types\/product"}],"replies":[{"embeddable":true,"href":"http:\/\/klubmamgdynia.pl\/index.php\/wp-json\/wp\/v2\/comments?post=6762"}],"wp:featuredmedia":[{"embeddable":true,"href":"http:\/\/klubmamgdynia.pl\/index.php\/wp-json\/wp\/v2\/media\/6763"}],"wp:attachment":[{"href":"http:\/\/klubmamgdynia.pl\/index.php\/wp-json\/wp\/v2\/media?parent=6762"}],"wp:term":[{"taxonomy":"product_cat","embeddable":true,"href":"http:\/\/klubmamgdynia.pl\/index.php\/wp-json\/wp\/v2\/product_cat?post=6762"},{"taxonomy":"product_tag","embeddable":true,"href":"http:\/\/klubmamgdynia.pl\/index.php\/wp-json\/wp\/v2\/product_tag?post=6762"}],"curies":[{"name":"wp","href":"https:\/\/api.w.org\/{rel}","templated":true}]}}