{"id":6764,"date":"2023-09-06T05:08:17","date_gmt":"2023-09-06T03:08:17","guid":{"rendered":"http:\/\/klubmamgdynia.pl\/?post_type=product&#038;p=6764"},"modified":"2026-04-30T17:28:25","modified_gmt":"2026-04-30T15:28:25","slug":"tutumi-wkladka-do-wozka-mata-motylek-zig-zag-pasy-4w1","status":"publish","type":"product","link":"http:\/\/klubmamgdynia.pl\/index.php\/produkt\/tutumi-wkladka-do-wozka-mata-motylek-zig-zag-pasy-4w1\/","title":{"rendered":"Tutumi Wk\u0142adka Do W\u00f3zka Mata Motylek Zig Zag +Pasy 4W1"},"content":{"rendered":"<p>DWUSTRONNA MATA DO W\u00d3ZKA DZIECI\u0118CEGO 4w1 PINK\/GREY ZIG ZAG JY02Mi\u0119kka dwustronna mata, kt\u00f3ra zapewni wygodn\u0105 podr\u00f3\u017c Twojemu dziecku oraz ochroni przed zabrudzeniami i zu\u017cyciem wn\u0119trze w\u00f3zka. W ciep\u0142e dni bawe\u0142niana strona maty zapewni ochron\u0119 przed nieprzyjemn\u0105 tapicerk\u0105 w\u00f3zka, a w ch\u0142odniejsze dni plusz zapewni odpowiedni\u0105 temperatur\u0119.Otwory na pasy bezpiecze\u0144stwa zosta\u0142y tak zaprojektowane, aby mo\u017cna by\u0142o swobodnie dopasowa\u0107 wk\u0142adk\u0119 do ka\u017cdego w\u00f3zka. Mata posiada tak\u017ce ochraniacze na pasy kt\u00f3re ochroni\u0105 przed nieprzyjemnym uciskiem pas\u00f3w.Poduszka motyl zagwarantuje Twojemu dziecku komfort podczas ka\u017cdej podr\u00f3\u017cy. Zosta\u0142a ona wyprofilowana tak aby zabezpieczy\u0107 delikatn\u0105 g\u0142\u00f3wk\u0119 dziecka przed wstrz\u0105sami i opadaniem g\u0142\u00f3wki na boki podczas jazdy w\u00f3zkiem lub samochodem.Sk\u0142ad zestawu 4w1:Dwustronna mata do w\u00f3zkaPoduszka motylekUchwyty do pas\u00f3wPas do przypi\u0119cia poduszkiDane techniczne:Wysoko\u015b\u0107: 75 cmSzeroko\u015b\u0107 35 cmGrubo\u015b\u0107: 1.5 cmWymiary poduszki: 35 cm x 25 cmWymiary ochraniaczy na pasy: 19 cm x 8 cmWymiary pasa: 5 cm x 20 cmMateria\u0142: Bawe\u0142na, PoliesterPink\/Grey ZigZag<\/p>\n<h2>Tutumi Wk\u0142adka Do W\u00f3zka Mata Motylek Zig Zag +Pasy 4W1 Tutumi<\/h2>\n<p>po\u0142\u0105cz kropki do druku, jesienne zagadki, kr\u00f3tkie bajki do czytania, zagadki dla dzieci, zagadki o bo\u017cym narodzeniu, plac zabaw pozna\u0144, imi\u0119 iwo, kanapki na urodziny dziecka, jak narysowa\u0107 kr\u00f3lika, zgadywanki dla dzieci, prezent dla 16 latka, kolorowanki kotki do druku, kartka walentynkow\u0105 przedszkole<\/p>\n<p>yyyyy<\/p>\n<p>&nbsp;<\/p>\n","protected":false},"excerpt":{"rendered":"<p>DWUSTRONNA MATA DO W\u00d3ZKA DZIECI\u0118CEGO 4w1 PINK\/GREY ZIG ZAG JY02Mi\u0119kka dwustronna mata, kt\u00f3ra zapewni wygodn\u0105 podr\u00f3\u017c Twojemu dziecku oraz ochroni przed zabrudzeniami i zu\u017cyciem wn\u0119trze w\u00f3zka. W ciep\u0142e dni bawe\u0142niana strona maty zapewni ochron\u0119 przed nieprzyjemn\u0105 tapicerk\u0105 w\u00f3zka, a w ch\u0142odniejsze dni plusz zapewni odpowiedni\u0105 temperatur\u0119.Otwory na pasy bezpiecze\u0144stwa zosta\u0142y tak zaprojektowane, aby mo\u017cna by\u0142o [&hellip;]<\/p>\n","protected":false},"featured_media":6765,"comment_status":"closed","ping_status":"open","template":"","meta":[],"product_cat":[127,1497],"product_tag":[831,580,588],"class_list":["post-6764","product","type-product","status-publish","has-post-thumbnail","hentry","product_cat-akcesoria-do-wozkow","product_cat-tutumi","product_tag-bruno","product_tag-janusz","product_tag-wzruszajace-slowa-dla-przyjaciela"],"_links":{"self":[{"href":"http:\/\/klubmamgdynia.pl\/index.php\/wp-json\/wp\/v2\/product\/6764","targetHints":{"allow":["GET"]}}],"collection":[{"href":"http:\/\/klubmamgdynia.pl\/index.php\/wp-json\/wp\/v2\/product"}],"about":[{"href":"http:\/\/klubmamgdynia.pl\/index.php\/wp-json\/wp\/v2\/types\/product"}],"replies":[{"embeddable":true,"href":"http:\/\/klubmamgdynia.pl\/index.php\/wp-json\/wp\/v2\/comments?post=6764"}],"wp:featuredmedia":[{"embeddable":true,"href":"http:\/\/klubmamgdynia.pl\/index.php\/wp-json\/wp\/v2\/media\/6765"}],"wp:attachment":[{"href":"http:\/\/klubmamgdynia.pl\/index.php\/wp-json\/wp\/v2\/media?parent=6764"}],"wp:term":[{"taxonomy":"product_cat","embeddable":true,"href":"http:\/\/klubmamgdynia.pl\/index.php\/wp-json\/wp\/v2\/product_cat?post=6764"},{"taxonomy":"product_tag","embeddable":true,"href":"http:\/\/klubmamgdynia.pl\/index.php\/wp-json\/wp\/v2\/product_tag?post=6764"}],"curies":[{"name":"wp","href":"https:\/\/api.w.org\/{rel}","templated":true}]}}