{"id":6766,"date":"2024-06-17T14:06:10","date_gmt":"2024-06-17T12:06:10","guid":{"rendered":"http:\/\/klubmamgdynia.pl\/?post_type=product&#038;p=6766"},"modified":"2026-04-03T21:23:11","modified_gmt":"2026-04-03T19:23:11","slug":"baby-design-espiro-bueno-2w1-spiwor-kolor-309-charming-beige","status":"publish","type":"product","link":"http:\/\/klubmamgdynia.pl\/index.php\/produkt\/baby-design-espiro-bueno-2w1-spiwor-kolor-309-charming-beige\/","title":{"rendered":"Baby Design Espiro Bueno 2W1 \u015apiw\u00f3r kolor 309 Charming Beige"},"content":{"rendered":"<p>W\u00f3zek 2w1 wielofumkcyjny ESPIRO BUENO new 2022 + SZEROKIE WYPOSA\u017bENIE DODATKOWE+ megazestaw dodatk\u00f3w gratisNA TEJ AUKCJI KOLOR 309 CHARMING BEIGE KOLEKCJA 2022zestaw 2w1 zawiera:stela\u017cgondol\u0119 w kolorze 309 CHARMING BEIGEspacer\u00f3wke w kolorze 309 CHARMING BEIGEOISEw zestawie r\u00f3wnie\u017c s\u0105 GRATISY :du\u017cy kosz na zakupy umieszczony na stela\u017cu w\u00f3zkamieciutki materacyk do gondolkipokrowiec na n\u00f3\u017cki do spacer\u00f3wki w kolorze tapicerki w\u00f3zkapokrowiec do gondolki w kolorze tapicerki w\u00f3zkadwie moskitiery wszyte w budki ( W SPACER\u00d3WCE I GONDOLI)mata do przewijaniakubek na napojesk\u00f3rzana barierkapakowna torba w kolorze tapicerki w\u00f3zkadwie folie przeciwdeszczowe ( 1 NA SPACER\u00d3WK\u0118 I 1 NA GONDOLK\u0118)OCIEPLANY \u015aPIWOREKdodatkowo gratis SZARA wk\u0142adka do spacer\u00f3wkizdj\u0119cia pogladowe innego koloru w\u00f3zka :W zestawie znajduje si\u0119 modny i uniwersalny plecak oczywi\u015bcie w kolorze tapicerki w\u00f3zka czyli 309 piel\u0119gnacyjny, kt\u00f3ry pomie\u015bci wszystkie najpotrzebniejsze przybory dla noworodka.ESPIRO  BUENO NEW model z 2022 rokuW\u00f3zek uniwersalny Bueno to nowo\u015b\u0107 w ofercie ESPIROPi\u0119kny wygl\u0105d i niezwyk\u0142e funkcjonalno\u015bci.Wodoodporne tkaniny z flitrem UV i spacer\u00f3wka do 22kg!Nowy w\u00f3zek dla mi\u0142o\u015bnik\u00f3w designu i wygody. Topowa jako\u015b\u0107 tkanin u\u017cytych do produkcji w\u00f3zka \u2013 posiadaj\u0105 certyfikat OEKO-TEX. W\u00f3zek, kt\u00f3ry pos\u0142u\u017cy od urodzenia na ca\u0142y okres w\u00f3zkowania. Dzi\u0119ki swojej funkcjonalno\u015bci i wytrzyma\u0142o\u015bci, to jeden zakup i komfort u\u017cytkowania bez wzgl\u0119du na wiek malucha.Bezobs\u0142ugowe, trwa\u0142e ko\u0142a. Nie musisz wymienia\u0107 d\u0119tki, sprawdza\u0107 ci\u015bnienia, dopompowywa\u0107. Trwa\u0142o\u015b\u0107 i brak przebi\u0107: poruszasz si\u0119 wsz\u0119dzie, bez wzgl\u0119du na pod\u0142o\u017ce, bez mo\u017cliwo\u015bci przebicia k\u00f3\u0142.W wyposa\u017ceniu w\u00f3zka znajdziesz: dwie moskitiery wszyte w budki, folie przeciwdeszczowe na gondol\u0119 i spacer\u00f3wk\u0119, pojemny kosz na zakupy, pojemn\u0105 torb\u0119 z przewijakiem, mi\u0119kk\u0105 wk\u0142adk\u0119Opr\u00f3cz tego ma oczywi\u015bcie wiele innych zalet \u2013 wszystkie opisane szczeg\u00f3\u0142owo poni\u017cej.Sprawd\u017a je dok\u0142adnie. Poznaj te\u017c opini\u0119 innych Mam, aby wybra\u0107 dla swojego dziecka i dla siebie w\u00f3zek, kt\u00f3ry najlepiej b\u0119dzie spe\u0142nia\u0142 Wasze oczekiwania.GondolaElementy odblaskowe\u015aWIECACA BIZA WOK\u00d3\u0141 GONDOLI I NA BUDCEErgonomiczne regulatoryZamki rewersoweKo\u0142nierz chroni\u0105cy przed wiatrem i nisk\u0105 temperatur\u0105Dodatkowo powi\u0119kszana budkaWygodna zewn\u0119trzna regulacja oparciaOKIENKO W BUDCEod urodzenia do oko\u0142o 6 miesi\u0105ca \u017cyciaobszerna z mi\u0119kkim materacykiemsystem wentylacji w budce\u0142atwy i szybki system wpinania i odpinania na stela\u017cuwygodny uchwyt do przenoszeniafolia przeciwdeszczowa i moskitiera w komplecieSIEDZISKO SPACEROWEOdblaskiSZARA mieciutka wk\u0142adkaDodatkowo powi\u0119kszana budkaOkienkoTkanina UVPOKRYWKA NA N\u00d3\u017bKImoskitiera wszyta w budk\u0119kilka pozycji siedziska, takze do spaniazastosowanie spacer\u00f3wki od oko\u0142o 6 miesi\u0119cy do 4 roku \u017cycia,siedzisko montowane ty\u0142em lub przodem do kierunku jazdymi\u0119kka wk\u0142adka dostosowana do letnich i zimowych temperaturregulowane, pi\u0119ciopunktowe pasy bezpiecze\u0144stwaochraniacze na pasach zapobiegaj\u0105ce otarciomkieszonka na drobiazgi w budceregulowany podn\u00f3\u017cek i odpinana barierkaCharakterystyka stela\u017ca\u0142atwy i szybki system sk\u0142adaniawszystkie ko\u0142a \u017celowemi\u0119kka amortyzacjapojemny koszr\u0105czka obszyta ekosk\u00f3r\u0105, wysoko\u015b\u0107 r\u0105czki regulowanaprzednie ko\u0142a skr\u0119tne z mo\u017cliwo\u015bci\u0105 blokadyhamulec no\u017cnytorba z przewijakiem w kompleciesk\u0142adany razem ze spacer\u00f3wk\u0105 , a tak\u017ce bez spacer\u00f3wkikolor W\u00d3ZKA BUENO espiro kolekcja 2022309 CHARMING BEIGE + megaakcesoria<\/p>\n<h2>Baby Design Espiro Bueno 2W1 \u015apiw\u00f3r kolor 309 Charming Beige Baby Design<\/h2>\n<p>inteligentne zagadki, quizy ma\u0142y ksi\u0105\u017c\u0119, quiz o koniach, zagadki i odpowiedzi, kr\u00f3tkie bajki na dobranoc o mi\u0142o\u015bci, felix net i nika oraz gang niewidzialnych ludzi quiz, piosenka dla taty przedszkole<\/p>\n<p>yyyyy<\/p>\n<p>&nbsp;<\/p>\n","protected":false},"excerpt":{"rendered":"<p>W\u00f3zek 2w1 wielofumkcyjny ESPIRO BUENO new 2022 + SZEROKIE WYPOSA\u017bENIE DODATKOWE+ megazestaw dodatk\u00f3w gratisNA TEJ AUKCJI KOLOR 309 CHARMING BEIGE KOLEKCJA 2022zestaw 2w1 zawiera:stela\u017cgondol\u0119 w kolorze 309 CHARMING BEIGEspacer\u00f3wke w kolorze 309 CHARMING BEIGEOISEw zestawie r\u00f3wnie\u017c s\u0105 GRATISY :du\u017cy kosz na zakupy umieszczony na stela\u017cu w\u00f3zkamieciutki materacyk do gondolkipokrowiec na n\u00f3\u017cki do spacer\u00f3wki w kolorze [&hellip;]<\/p>\n","protected":false},"featured_media":6767,"comment_status":"closed","ping_status":"open","template":"","meta":[],"product_cat":[575,110],"product_tag":[768,778,849],"class_list":["post-6766","product","type-product","status-publish","has-post-thumbnail","hentry","product_cat-baby-design","product_cat-wozki-wielofunkcyjne","product_tag-krotkie-zagadki-logiczne","product_tag-zabawki-na-roczek-dla-chlopca","product_tag-zagadki-matematyczne-dla-dzieci"],"_links":{"self":[{"href":"http:\/\/klubmamgdynia.pl\/index.php\/wp-json\/wp\/v2\/product\/6766","targetHints":{"allow":["GET"]}}],"collection":[{"href":"http:\/\/klubmamgdynia.pl\/index.php\/wp-json\/wp\/v2\/product"}],"about":[{"href":"http:\/\/klubmamgdynia.pl\/index.php\/wp-json\/wp\/v2\/types\/product"}],"replies":[{"embeddable":true,"href":"http:\/\/klubmamgdynia.pl\/index.php\/wp-json\/wp\/v2\/comments?post=6766"}],"wp:featuredmedia":[{"embeddable":true,"href":"http:\/\/klubmamgdynia.pl\/index.php\/wp-json\/wp\/v2\/media\/6767"}],"wp:attachment":[{"href":"http:\/\/klubmamgdynia.pl\/index.php\/wp-json\/wp\/v2\/media?parent=6766"}],"wp:term":[{"taxonomy":"product_cat","embeddable":true,"href":"http:\/\/klubmamgdynia.pl\/index.php\/wp-json\/wp\/v2\/product_cat?post=6766"},{"taxonomy":"product_tag","embeddable":true,"href":"http:\/\/klubmamgdynia.pl\/index.php\/wp-json\/wp\/v2\/product_tag?post=6766"}],"curies":[{"name":"wp","href":"https:\/\/api.w.org\/{rel}","templated":true}]}}