{"id":677,"date":"2015-05-21T15:10:12","date_gmt":"2015-05-21T13:10:12","guid":{"rendered":"http:\/\/klubmamgdynia.pl\/index.php\/produkt\/sensimed-lansinoh-wkladki-laktacyjne-wielorazowego-uzytku-8szt\/"},"modified":"2026-04-27T05:23:00","modified_gmt":"2026-04-27T03:23:00","slug":"sensimed-lansinoh-wkladki-laktacyjne-wielorazowego-uzytku-8szt","status":"publish","type":"product","link":"http:\/\/klubmamgdynia.pl\/index.php\/produkt\/sensimed-lansinoh-wkladki-laktacyjne-wielorazowego-uzytku-8szt\/","title":{"rendered":"Sensimed Lansinoh Wk\u0142adki Laktacyjne Wielorazowego U\u017cytku 8Szt."},"content":{"rendered":"<p>ultra ch\u0142onne, super mi\u0119kkie wk\u0142adki zapewniaj\u0105ce wielorazow\u0105 ochron\u0119 przed przeciekaniem<\/p>\n<h2>Sensimed Lansinoh Wk\u0142adki Laktacyjne Wielorazowego U\u017cytku 8Szt. <\/h2>\n<p>co na roczek, rzadkie imiona \u017ce\u0144skie, marcel imi\u0119, bo\u017ce narodzenie (film), imie nadia, \u015bw przemys\u0142aw, najrzadsze imiona w polsce, wycinanki puzzle do druku, piosenki dla dzieci tekst<\/p>\n<p>yyyyy<\/p>\n<p>&nbsp;<\/p>\n","protected":false},"excerpt":{"rendered":"<p>ultra ch\u0142onne, super mi\u0119kkie wk\u0142adki zapewniaj\u0105ce wielorazow\u0105 ochron\u0119 przed przeciekaniem Sensimed Lansinoh Wk\u0142adki Laktacyjne Wielorazowego U\u017cytku 8Szt. co na roczek, rzadkie imiona \u017ce\u0144skie, marcel imi\u0119, bo\u017ce narodzenie (film), imie nadia, \u015bw przemys\u0142aw, najrzadsze imiona w polsce, wycinanki puzzle do druku, piosenki dla dzieci tekst yyyyy &nbsp;<\/p>\n","protected":false},"featured_media":0,"comment_status":"closed","ping_status":"open","template":"","meta":[],"product_cat":[238],"product_tag":[871,817,674,625,653],"class_list":["post-677","product","type-product","status-publish","hentry","product_cat-oslonki-na-piersi","product_tag-bajka-o-smoku-wawelskim","product_tag-bajka-terapeutyczna-o-emocjach","product_tag-miasto-dzieci","product_tag-trojmiasto-atrakcje-dla-dzieci","product_tag-warszawa-dla-dzieci"],"_links":{"self":[{"href":"http:\/\/klubmamgdynia.pl\/index.php\/wp-json\/wp\/v2\/product\/677","targetHints":{"allow":["GET"]}}],"collection":[{"href":"http:\/\/klubmamgdynia.pl\/index.php\/wp-json\/wp\/v2\/product"}],"about":[{"href":"http:\/\/klubmamgdynia.pl\/index.php\/wp-json\/wp\/v2\/types\/product"}],"replies":[{"embeddable":true,"href":"http:\/\/klubmamgdynia.pl\/index.php\/wp-json\/wp\/v2\/comments?post=677"}],"wp:attachment":[{"href":"http:\/\/klubmamgdynia.pl\/index.php\/wp-json\/wp\/v2\/media?parent=677"}],"wp:term":[{"taxonomy":"product_cat","embeddable":true,"href":"http:\/\/klubmamgdynia.pl\/index.php\/wp-json\/wp\/v2\/product_cat?post=677"},{"taxonomy":"product_tag","embeddable":true,"href":"http:\/\/klubmamgdynia.pl\/index.php\/wp-json\/wp\/v2\/product_tag?post=677"}],"curies":[{"name":"wp","href":"https:\/\/api.w.org\/{rel}","templated":true}]}}