{"id":6770,"date":"2021-08-04T00:53:04","date_gmt":"2021-08-03T22:53:04","guid":{"rendered":"http:\/\/klubmamgdynia.pl\/index.php\/produkt\/mga-smooshins-saszetka-zestaw-uzupelniajacy-color-pouch-refill-399446\/"},"modified":"2026-04-03T23:09:59","modified_gmt":"2026-04-03T21:09:59","slug":"mga-smooshins-saszetka-zestaw-uzupelniajacy-color-pouch-refill-399446","status":"publish","type":"product","link":"http:\/\/klubmamgdynia.pl\/index.php\/produkt\/mga-smooshins-saszetka-zestaw-uzupelniajacy-color-pouch-refill-399446\/","title":{"rendered":"MGA Smooshins Saszetka Zestaw Uzupe\u0142niaj\u0105cy Color Pouch Refill 399446"},"content":{"rendered":"<p>Smooshins &#8211; Czerwona saszetka do robienia niespodzianek                            <\/p>\n<p>Smooshins &#8211; Czerwona saszetka do robienia niespodzianek 115489 jest to produkt uzupe\u0142niaj\u0105cy. Zr\u00f3b urocz\u0105, czerwon\u0105 Smooshy posta\u0107! Stw\u00f3rz inne postacie za pomoc\u0105 kolorowych saszetek do nape\u0142niania i foremek niespodzianek (sprzedawane oddzielnie). Do zebrania i stworzenia ponad 10 000 kombinacji.                            <\/p>\n<p>Zawarto\u015b\u0107 zestawu:\u00a0\u00a0czerwona saszetka<br \/>\nstojak dla figurki Smooshins<br \/>\nakcesoria niespodzianki: p\u0142ytka czo\u0142owa, p\u0142ytka na brzuszek i akcesoria na g\u0142\u00f3wk\u0119<br \/>\ndo u\u017cytku wy\u0142\u0105cznie z zestawem do robienia niespodzianek 115397<\/p>\n<h2>MGA Smooshins Saszetka Zestaw Uzupe\u0142niaj\u0105cy Color Pouch Refill 399446 MGA<\/h2>\n<p>rezolutna dziewczynka z wiersza tuwima, gry dla m\u0142odzie\u017cy, bajka o kreciku, kolorowanka ninjago, trudne zagadki z odpowiedziami, macierzy\u0144stwo cytaty, test detektyw pozytywka, \u015bwi\u0119ty przemys\u0142aw, test miko\u0142ajek, test z opowie\u015bci z narnii lew czarownica i stara szafa, test na znaki drogowe, quiz o \u015bwi\u0119tach, co na roczek dla ch\u0142opca, prezenty na roczek dla ch\u0142opca<\/p>\n<p>yyyyy<\/p>\n<p>&nbsp;<\/p>\n","protected":false},"excerpt":{"rendered":"<p>Smooshins &#8211; Czerwona saszetka do robienia niespodzianek Smooshins &#8211; Czerwona saszetka do robienia niespodzianek 115489 jest to produkt uzupe\u0142niaj\u0105cy. Zr\u00f3b urocz\u0105, czerwon\u0105 Smooshy posta\u0107! Stw\u00f3rz inne postacie za pomoc\u0105 kolorowych saszetek do nape\u0142niania i foremek niespodzianek (sprzedawane oddzielnie). Do zebrania i stworzenia ponad 10 000 kombinacji. Zawarto\u015b\u0107 zestawu:\u00a0\u00a0czerwona saszetka stojak dla figurki Smooshins akcesoria niespodzianki: [&hellip;]<\/p>\n","protected":false},"featured_media":6771,"comment_status":"closed","ping_status":"open","template":"","meta":[],"product_cat":[301,21],"product_tag":[829,686,578,818,826,620],"class_list":["post-6770","product","type-product","status-publish","has-post-thumbnail","hentry","product_cat-mga","product_cat-zabawki-plastyczne","product_tag-bajki-do-czytania-na-dobranoc","product_tag-co-na-roczek-dla-chlopca","product_tag-fajne-zarty-na-prima-aprilis","product_tag-oliwier","product_tag-prezent-dla-15-latka","product_tag-quiz-opowiesci-z-narnii"],"_links":{"self":[{"href":"http:\/\/klubmamgdynia.pl\/index.php\/wp-json\/wp\/v2\/product\/6770","targetHints":{"allow":["GET"]}}],"collection":[{"href":"http:\/\/klubmamgdynia.pl\/index.php\/wp-json\/wp\/v2\/product"}],"about":[{"href":"http:\/\/klubmamgdynia.pl\/index.php\/wp-json\/wp\/v2\/types\/product"}],"replies":[{"embeddable":true,"href":"http:\/\/klubmamgdynia.pl\/index.php\/wp-json\/wp\/v2\/comments?post=6770"}],"wp:featuredmedia":[{"embeddable":true,"href":"http:\/\/klubmamgdynia.pl\/index.php\/wp-json\/wp\/v2\/media\/6771"}],"wp:attachment":[{"href":"http:\/\/klubmamgdynia.pl\/index.php\/wp-json\/wp\/v2\/media?parent=6770"}],"wp:term":[{"taxonomy":"product_cat","embeddable":true,"href":"http:\/\/klubmamgdynia.pl\/index.php\/wp-json\/wp\/v2\/product_cat?post=6770"},{"taxonomy":"product_tag","embeddable":true,"href":"http:\/\/klubmamgdynia.pl\/index.php\/wp-json\/wp\/v2\/product_tag?post=6770"}],"curies":[{"name":"wp","href":"https:\/\/api.w.org\/{rel}","templated":true}]}}