{"id":6772,"date":"2015-08-10T16:17:57","date_gmt":"2015-08-10T14:17:57","guid":{"rendered":"http:\/\/klubmamgdynia.pl\/index.php\/produkt\/simba-glibbi-blubber\/"},"modified":"2026-04-28T13:42:54","modified_gmt":"2026-04-28T11:42:54","slug":"simba-glibbi-blubber","status":"publish","type":"product","link":"http:\/\/klubmamgdynia.pl\/index.php\/produkt\/simba-glibbi-blubber\/","title":{"rendered":"Simba Glibbi Blubber"},"content":{"rendered":"<p>Glibbi &#8211; najlepsza zabawa w wannie. Dzi\u0119ki uniwersalnym produktom Glibbi firmy Simba Toys nuda podczas k\u0105pieli to ju\u017c przesz\u0142o\u015b\u0107. Bez wzgl\u0119du na to, czy chodzi o bulgocz\u0105c\u0105, kolorow\u0105 wod\u0119, glibbery goo czy zabawny \u015bluz &#8211; wyb\u00f3r jest ogromny. Wystarczy wrzuci\u0107 do wody jedn\u0105 z czterech kolorowych kulek do k\u0105pieli, a natychmiast zaczn\u0105 robi\u0107 b\u0105belki i kolorowa\u0107 wod\u0119. Ka\u017cdy kula do k\u0105pieli ma inny zapach. W ten spos\u00f3b w \u0142azience roztacza si\u0119 zapach albo pysznego jab\u0142ka, albo truskawki, je\u017cyny lub tutti frutti. Wszystkie produkty Glibbi s\u0105 testowane dermatologicznie i absolutnie nieszkodliwe. Simba &#8211; Zabawa ze s\u0142oniem U podstaw tworzenia produkt\u00f3w le\u017cy entuzjazm dzieci. Dla ch\u0142opc\u00f3w i dziewczynek, ma\u0142ych i du\u017cych. Dzieci powinny si\u0119 dobrze bawi\u0107 i by\u0107 zach\u0119cane do dalszego odkrywania. Szczeg\u00f3\u0142y: Wymiary (D x Sz x W) 3,5 x 13,5 x 20,5 cm Zawarto\u015b\u0107: 4 kule do k\u0105pieli Wiek: od 3 lat. Uwaga: Produkt nie jest przeznaczony dla dzieci poni\u017cej 3 roku \u017cycia. Zestaw mo\u017ce zawiera\u0107 drobne elementy. Niebiezpiecze\u0144stwo uduszenia.<\/p>\n<h2>Simba Glibbi Blubber Simba<\/h2>\n<p>atrakcje dla nastolatk\u00f3w warszawa, literki do druku, \u0142atwe zagadki, bajka o biedronce, prezent dla m\u0142odzie\u017cy, zagadki o wielkanocy dla dzieci<\/p>\n<p>yyyyy<\/p>\n<p>&nbsp;<\/p>\n","protected":false},"excerpt":{"rendered":"<p>Glibbi &#8211; najlepsza zabawa w wannie. Dzi\u0119ki uniwersalnym produktom Glibbi firmy Simba Toys nuda podczas k\u0105pieli to ju\u017c przesz\u0142o\u015b\u0107. Bez wzgl\u0119du na to, czy chodzi o bulgocz\u0105c\u0105, kolorow\u0105 wod\u0119, glibbery goo czy zabawny \u015bluz &#8211; wyb\u00f3r jest ogromny. Wystarczy wrzuci\u0107 do wody jedn\u0105 z czterech kolorowych kulek do k\u0105pieli, a natychmiast zaczn\u0105 robi\u0107 b\u0105belki i [&hellip;]<\/p>\n","protected":false},"featured_media":6773,"comment_status":"closed","ping_status":"open","template":"","meta":[],"product_cat":[279,1498],"product_tag":[831,702,777,856,713,805],"class_list":["post-6772","product","type-product","status-publish","has-post-thumbnail","hentry","product_cat-simba","product_cat-zabawki-do-kapieli","product_tag-bruno","product_tag-co-kupic-na-roczek-dla-dziewczynki","product_tag-co-na-roczek","product_tag-prezent-dla-16-latki","product_tag-zagadki-logiczne-z-odpowiedziami","product_tag-znaczenie-imienia-alan"],"_links":{"self":[{"href":"http:\/\/klubmamgdynia.pl\/index.php\/wp-json\/wp\/v2\/product\/6772","targetHints":{"allow":["GET"]}}],"collection":[{"href":"http:\/\/klubmamgdynia.pl\/index.php\/wp-json\/wp\/v2\/product"}],"about":[{"href":"http:\/\/klubmamgdynia.pl\/index.php\/wp-json\/wp\/v2\/types\/product"}],"replies":[{"embeddable":true,"href":"http:\/\/klubmamgdynia.pl\/index.php\/wp-json\/wp\/v2\/comments?post=6772"}],"wp:featuredmedia":[{"embeddable":true,"href":"http:\/\/klubmamgdynia.pl\/index.php\/wp-json\/wp\/v2\/media\/6773"}],"wp:attachment":[{"href":"http:\/\/klubmamgdynia.pl\/index.php\/wp-json\/wp\/v2\/media?parent=6772"}],"wp:term":[{"taxonomy":"product_cat","embeddable":true,"href":"http:\/\/klubmamgdynia.pl\/index.php\/wp-json\/wp\/v2\/product_cat?post=6772"},{"taxonomy":"product_tag","embeddable":true,"href":"http:\/\/klubmamgdynia.pl\/index.php\/wp-json\/wp\/v2\/product_tag?post=6772"}],"curies":[{"name":"wp","href":"https:\/\/api.w.org\/{rel}","templated":true}]}}