{"id":6774,"date":"2013-05-11T08:49:24","date_gmt":"2013-05-11T06:49:24","guid":{"rendered":"http:\/\/klubmamgdynia.pl\/index.php\/produkt\/elodie-details-mondo-winter-sunset-gondola-moonshell-gleboko-spacerowy\/"},"modified":"2026-05-01T04:21:02","modified_gmt":"2026-05-01T02:21:02","slug":"elodie-details-mondo-winter-sunset-gondola-moonshell-gleboko-spacerowy","status":"publish","type":"product","link":"http:\/\/klubmamgdynia.pl\/index.php\/produkt\/elodie-details-mondo-winter-sunset-gondola-moonshell-gleboko-spacerowy\/","title":{"rendered":"Elodie Details Mondo Winter Sunset Gondola Moonshell G\u0142\u0119boko Spacerowy"},"content":{"rendered":"<p>Elodie Details &#8211; w\u00f3zek spacerowy MONDO. W\u00f3zek do 22 kg. MONDO to w\u00f3zek spacerowy dla dzieci od sz\u00f3stego miesi\u0105ca \u017cycia. Lekki i zwrotny. Idealny w podr\u00f3\u017cy, do samolotu jako baga\u017c podr\u0119czny.<\/p>\n<h2>Elodie Details Mondo Winter Sunset Gondola Moonshell G\u0142\u0119boko Spacerowy Elodie Details<\/h2>\n<p>kiedy dzieci zbieraja cukierki na halloween, m\u0105dre cytaty dla dzieci, przyja\u017a\u0144, \u0142\u00f3d\u017a atrakcje dla dzieci, jak zrobi\u0107 wulkan, logiczne zagadki dla dzieci, test dynastia mizio\u0142k\u00f3w, jak namalowa\u0107 psa, pytania zagadki, test dynastia mizio\u0142k\u00f3w<\/p>\n<p>yyyyy<\/p>\n<p>&nbsp;<\/p>\n","protected":false},"excerpt":{"rendered":"<p>Elodie Details &#8211; w\u00f3zek spacerowy MONDO. W\u00f3zek do 22 kg. MONDO to w\u00f3zek spacerowy dla dzieci od sz\u00f3stego miesi\u0105ca \u017cycia. Lekki i zwrotny. Idealny w podr\u00f3\u017cy, do samolotu jako baga\u017c podr\u0119czny. Elodie Details Mondo Winter Sunset Gondola Moonshell G\u0142\u0119boko Spacerowy Elodie Details kiedy dzieci zbieraja cukierki na halloween, m\u0105dre cytaty dla dzieci, przyja\u017a\u0144, \u0142\u00f3d\u017a atrakcje [&hellip;]<\/p>\n","protected":false},"featured_media":6775,"comment_status":"closed","ping_status":"open","template":"","meta":[],"product_cat":[1235,110],"product_tag":[808,673,697,726],"class_list":["post-6774","product","type-product","status-publish","has-post-thumbnail","hentry","product_cat-elodie-details","product_cat-wozki-wielofunkcyjne","product_tag-imie-mia","product_tag-juz-blisko-koleda-tekst","product_tag-krotkie-bajki-do-czytania","product_tag-quiz-zemsta"],"_links":{"self":[{"href":"http:\/\/klubmamgdynia.pl\/index.php\/wp-json\/wp\/v2\/product\/6774","targetHints":{"allow":["GET"]}}],"collection":[{"href":"http:\/\/klubmamgdynia.pl\/index.php\/wp-json\/wp\/v2\/product"}],"about":[{"href":"http:\/\/klubmamgdynia.pl\/index.php\/wp-json\/wp\/v2\/types\/product"}],"replies":[{"embeddable":true,"href":"http:\/\/klubmamgdynia.pl\/index.php\/wp-json\/wp\/v2\/comments?post=6774"}],"wp:featuredmedia":[{"embeddable":true,"href":"http:\/\/klubmamgdynia.pl\/index.php\/wp-json\/wp\/v2\/media\/6775"}],"wp:attachment":[{"href":"http:\/\/klubmamgdynia.pl\/index.php\/wp-json\/wp\/v2\/media?parent=6774"}],"wp:term":[{"taxonomy":"product_cat","embeddable":true,"href":"http:\/\/klubmamgdynia.pl\/index.php\/wp-json\/wp\/v2\/product_cat?post=6774"},{"taxonomy":"product_tag","embeddable":true,"href":"http:\/\/klubmamgdynia.pl\/index.php\/wp-json\/wp\/v2\/product_tag?post=6774"}],"curies":[{"name":"wp","href":"https:\/\/api.w.org\/{rel}","templated":true}]}}