{"id":6776,"date":"2015-04-19T05:44:59","date_gmt":"2015-04-19T03:44:59","guid":{"rendered":"http:\/\/klubmamgdynia.pl\/index.php\/produkt\/humana-piulatte-5gx-14-saszetek\/"},"modified":"2026-04-29T12:13:51","modified_gmt":"2026-04-29T10:13:51","slug":"humana-piulatte-5gx-14-saszetek","status":"publish","type":"product","link":"http:\/\/klubmamgdynia.pl\/index.php\/produkt\/humana-piulatte-5gx-14-saszetek\/","title":{"rendered":"Humana Piulatte 5gx 14 saszetek"},"content":{"rendered":"<p>Piulatte Plus to suplement diety, oparty na zio\u0142ach o dzia\u0142aniu prolaktacyjnym. Produkt mo\u017ce by\u0107 zastosowany nawet od pierwszego dnia karmienia piersi\u0105 lub w momencie wyst\u0105pienia problem\u00f3w lub w\u0105tpliwo\u015bci czy ilo\u015b\u0107 mleka jest wystarczaj\u0105ca dla dziecka. Zawiera Silitidil- to zaawansowany system dostarczania sk\u0142adnika aktywnego sylimaryna, kt\u00f3rego cechy farmakokinetyczne s\u0105 lepsze ni\u017c konwencjonalnego wyci\u0105gu zio\u0142owego.Zastosowanie: stosowa\u0107 w celu pobudzania fizjologicznej laktacji u kobiet, karmi\u0105cych piersi\u0105.Zalecane spo\u017cycie: nale\u017cy stosowa\u0107 1 saszetk\u0119 dziennie. Przyjmowa\u0107 mi\u0119dzy posi\u0142kami (1 godzin\u0119 przed lub po posi\u0142ku). Zawarto\u015b\u0107 saszetki wsypa\u0107 do niewielkiej ilo\u015bci wody lub innego p\u0142ynu, zamiesza\u0107 \u0142y\u017ceczk\u0105 i wypi\u0107.Sk\u0142adniki: sacharoza, Silitidil: Ostropest plamisty (Silybum marianum Gaertn.) suchy wyci\u0105g z ukwieconych cz\u0119\u015bci ro\u015bliny 15% mianowany w sylimarynie, fosfatydyloseryna (lecytyna sojowa); Rutwica lekarska (Galega officinals L.) suchy wyci\u0105g, maltodekstryny, regulator kwasowo\u015bci: kwas cytrynowy, aromat, substancja przeciwzbrylaj\u0105ca: krzemionka koloidalna.1 saszetka zawiera: warto\u015b\u0107 energetyczna 19,4 kcal, t\u0142uszcze 0,2g w tym: t\u0142uszcze nasycone 0,2g, w\u0119glowodany 4,4g w tym: cukry 4,3g, b\u0142onnik 0g, bia\u0142ka ilo\u015b\u0107 \u015bladowa, s\u00f3l 0g, wyci\u0105g rutwicy lekarskiej 150 mg, wyci\u0105g ostropestu plamistego 400mg w tym: sylimaryna 60mg, fosfatydyloseryna 120mg.Wa\u017cne wskaz\u00f3wki:-Nie nale\u017cy przekracza\u0107 zalecanej dziennej porcji.-Zr\u00f3wnowa\u017cony spos\u00f3b \u017cywienia i prawid\u0142owy tryb \u017cycia jest wa\u017cny dla funkcjonowania organizmu cz\u0142owieka.-Suplement diety nie mo\u017ce by\u0107 stosowany jak substytut(zamiennik) zr\u00f3\u017cnicowanej diety.-Suplementy diety powinny by\u0107 przechowywane w spos\u00f3b niedost\u0119pny dla ma\u0142ych dzieci, w temperaturze pokojowej i w suchym miejscu.-W przypadku stosowania lek\u00f3w zaleca sie konsultacj\u0119 z lekarzem.<\/p>\n<h2>Humana Piulatte 5gx 14 saszetek Humana<\/h2>\n<p>bajki dla dziewczynek, \u017carty na prima aprilis dla mamy, quiz z bajek, zagadki logiczne i odpowiedzi, zabawka dla rocznej dziewczynki, bajki do czytania na dobranoc, jak dobra\u0107 narty dla dziecka, kolorowanki do wydruku, adrian imie, dziwne zagadki, trudne zagadki dla dzieci, zagadki logiczne i odpowiedzi, szkic jak narysowa\u0107 kota, kolorowanki na dzie\u0144 mamy, kolorowanki do wydruku<\/p>\n<p>yyyyy<\/p>\n<p>&nbsp;<\/p>\n","protected":false},"excerpt":{"rendered":"<p>Piulatte Plus to suplement diety, oparty na zio\u0142ach o dzia\u0142aniu prolaktacyjnym. Produkt mo\u017ce by\u0107 zastosowany nawet od pierwszego dnia karmienia piersi\u0105 lub w momencie wyst\u0105pienia problem\u00f3w lub w\u0105tpliwo\u015bci czy ilo\u015b\u0107 mleka jest wystarczaj\u0105ca dla dziecka. Zawiera Silitidil- to zaawansowany system dostarczania sk\u0142adnika aktywnego sylimaryna, kt\u00f3rego cechy farmakokinetyczne s\u0105 lepsze ni\u017c konwencjonalnego wyci\u0105gu zio\u0142owego.Zastosowanie: stosowa\u0107 w [&hellip;]<\/p>\n","protected":false},"featured_media":6777,"comment_status":"closed","ping_status":"open","template":"","meta":[],"product_cat":[1499,18],"product_tag":[700,631,692,820],"class_list":["post-6776","product","type-product","status-publish","has-post-thumbnail","hentry","product_cat-dla-mam-i-kobiet-w-ciazy","product_cat-humana","product_tag-bajki-do-czytania-dla-dzieci","product_tag-prezent-na-roczek","product_tag-prezenty-na-roczek","product_tag-ziemia-wyspa-zielona-tekst"],"_links":{"self":[{"href":"http:\/\/klubmamgdynia.pl\/index.php\/wp-json\/wp\/v2\/product\/6776","targetHints":{"allow":["GET"]}}],"collection":[{"href":"http:\/\/klubmamgdynia.pl\/index.php\/wp-json\/wp\/v2\/product"}],"about":[{"href":"http:\/\/klubmamgdynia.pl\/index.php\/wp-json\/wp\/v2\/types\/product"}],"replies":[{"embeddable":true,"href":"http:\/\/klubmamgdynia.pl\/index.php\/wp-json\/wp\/v2\/comments?post=6776"}],"wp:featuredmedia":[{"embeddable":true,"href":"http:\/\/klubmamgdynia.pl\/index.php\/wp-json\/wp\/v2\/media\/6777"}],"wp:attachment":[{"href":"http:\/\/klubmamgdynia.pl\/index.php\/wp-json\/wp\/v2\/media?parent=6776"}],"wp:term":[{"taxonomy":"product_cat","embeddable":true,"href":"http:\/\/klubmamgdynia.pl\/index.php\/wp-json\/wp\/v2\/product_cat?post=6776"},{"taxonomy":"product_tag","embeddable":true,"href":"http:\/\/klubmamgdynia.pl\/index.php\/wp-json\/wp\/v2\/product_tag?post=6776"}],"curies":[{"name":"wp","href":"https:\/\/api.w.org\/{rel}","templated":true}]}}