{"id":6778,"date":"2017-04-30T23:53:49","date_gmt":"2017-04-30T21:53:49","guid":{"rendered":"http:\/\/klubmamgdynia.pl\/index.php\/produkt\/beztroska-spiworek-dla-dziecka-robin-chudek-pudrowy-roz\/"},"modified":"2026-04-05T22:06:27","modified_gmt":"2026-04-05T20:06:27","slug":"beztroska-spiworek-dla-dziecka-robin-chudek-pudrowy-roz","status":"publish","type":"product","link":"http:\/\/klubmamgdynia.pl\/index.php\/produkt\/beztroska-spiworek-dla-dziecka-robin-chudek-pudrowy-roz\/","title":{"rendered":"Beztroska \u015apiworek Dla Dziecka Robin Chudek Pudrowy R\u00f3\u017c"},"content":{"rendered":"<p>\u015apiworek do gondoli i fotelika Robin Chudek jesienno-zimowy (wodoodporny)\u015apiworek do gondoli i fotelika to propozycja dla najm\u0142odszych.Idealny rozmiar, odpowiedni ju\u017c od narodzin a\u017c do 12 miesi\u0105ca \u017cycia.Wierzch \u015bpiworka wykonany jest ze specjalnej tkaniny wodoodpornej, \u015brodek z kolei to ultra-mi\u0119kka podszewka z weluru bawe\u0142nianego. Rozpinany kapturek pozwala na wykorzystanie \u015bpiworka r\u00f3wnie\u017c w spacer\u00f3wce (z kapturka tworz\u0105 si\u0119 \u201d plecki\u201d).<\/p>\n<h2>Beztroska \u015apiworek Dla Dziecka Robin Chudek Pudrowy R\u00f3\u017c Beztroska<\/h2>\n<p>zaproszenia na urodziny do druku, a \u015bpij kochanie, quiz o polsce dla dzieci, podchwytliwe zagadki i odpowiedzi<\/p>\n<p>yyyyy<\/p>\n<p>&nbsp;<\/p>\n","protected":false},"excerpt":{"rendered":"<p>\u015apiworek do gondoli i fotelika Robin Chudek jesienno-zimowy (wodoodporny)\u015apiworek do gondoli i fotelika to propozycja dla najm\u0142odszych.Idealny rozmiar, odpowiedni ju\u017c od narodzin a\u017c do 12 miesi\u0105ca \u017cycia.Wierzch \u015bpiworka wykonany jest ze specjalnej tkaniny wodoodpornej, \u015brodek z kolei to ultra-mi\u0119kka podszewka z weluru bawe\u0142nianego. Rozpinany kapturek pozwala na wykorzystanie \u015bpiworka r\u00f3wnie\u017c w spacer\u00f3wce (z kapturka tworz\u0105 [&hellip;]<\/p>\n","protected":false},"featured_media":6779,"comment_status":"closed","ping_status":"open","template":"","meta":[],"product_cat":[127,927],"product_tag":[664,660,590],"class_list":["post-6778","product","type-product","status-publish","has-post-thumbnail","hentry","product_cat-akcesoria-do-wozkow","product_cat-beztroska","product_tag-atrakcje-dla-dzieci-trojmiasto","product_tag-bianka","product_tag-plac-zabaw-warszawa"],"_links":{"self":[{"href":"http:\/\/klubmamgdynia.pl\/index.php\/wp-json\/wp\/v2\/product\/6778","targetHints":{"allow":["GET"]}}],"collection":[{"href":"http:\/\/klubmamgdynia.pl\/index.php\/wp-json\/wp\/v2\/product"}],"about":[{"href":"http:\/\/klubmamgdynia.pl\/index.php\/wp-json\/wp\/v2\/types\/product"}],"replies":[{"embeddable":true,"href":"http:\/\/klubmamgdynia.pl\/index.php\/wp-json\/wp\/v2\/comments?post=6778"}],"wp:featuredmedia":[{"embeddable":true,"href":"http:\/\/klubmamgdynia.pl\/index.php\/wp-json\/wp\/v2\/media\/6779"}],"wp:attachment":[{"href":"http:\/\/klubmamgdynia.pl\/index.php\/wp-json\/wp\/v2\/media?parent=6778"}],"wp:term":[{"taxonomy":"product_cat","embeddable":true,"href":"http:\/\/klubmamgdynia.pl\/index.php\/wp-json\/wp\/v2\/product_cat?post=6778"},{"taxonomy":"product_tag","embeddable":true,"href":"http:\/\/klubmamgdynia.pl\/index.php\/wp-json\/wp\/v2\/product_tag?post=6778"}],"curies":[{"name":"wp","href":"https:\/\/api.w.org\/{rel}","templated":true}]}}