{"id":678,"date":"2010-12-21T06:23:19","date_gmt":"2010-12-21T05:23:19","guid":{"rendered":"http:\/\/klubmamgdynia.pl\/index.php\/produkt\/trefl-puzzle-300el-ulubione-dinozaury-23013\/"},"modified":"2026-04-14T17:10:41","modified_gmt":"2026-04-14T15:10:41","slug":"trefl-puzzle-300el-ulubione-dinozaury-23013","status":"publish","type":"product","link":"http:\/\/klubmamgdynia.pl\/index.php\/produkt\/trefl-puzzle-300el-ulubione-dinozaury-23013\/","title":{"rendered":"Trefl Puzzle 300el. Ulubione Dinozaury 23013"},"content":{"rendered":"<p>Trefl Puzzle 300el. Ulubione Dinozaury 23013Puzzle sk\u0142adaj\u0105ce si\u0119 z 300 element\u00f3w przedstawiaj\u0105ce dinozaury Jurassic World .Produkt zosta\u0142 wykonany z wysokiej jako\u015bci materia\u0142\u00f3w, z zastosowaniem specjalnego kalandrowanego papieru odbijaj\u0105cego \u015bwiat\u0142o, co u\u0142atwia uk\u0142adanie.Produkt zosta\u0142 wyprodukowany w Polsce, a do produkcji zosta\u0142y u\u017cyte materia\u0142y ekologiczne.                            <\/p>\n<p>Uk\u0142adanie puzzli niesie za sob\u0105 szereg korzy\u015bci, zar\u00f3wni dla dzieci jak i doros\u0142ych. To skuteczny spos\u00f3b na \u0107wiczenie pami\u0119ci, koncentracji, a tak\u017ce niezawodny spos\u00f3b na odstrsowanie si\u0119 i odpr\u0119\u017cenie.                            <\/p>\n<p>Dzi\u0119ki puzzlom trenujemy spostrzegawczo\u015b\u0107, ale r\u00f3wnie\u017c uczymy si\u0119 cierpliwo\u015bci. U\u0142o\u017cony przez nas, gotowy obraz mo\u017cemy powiesi\u0107 na \u015bcianie, a tym samym urozmaici\u0107 wn\u0119trze naszego mieszkania.\u00a0<\/p>\n<h2>Trefl Puzzle 300el. Ulubione Dinozaury 23013 Trefl<\/h2>\n<p>co kupi\u0107 na roczek dla dziewczynki, tabliczka mno\u017cenia karty pracy do druku, r\u00f3\u017ca imie, opisy o rodzinie, lilianna, atrakcje do 30 km od wroc\u0142awia, prezent dla trzynastolatki, calineczka test z odpowiedziami, prezenty dla nastolatk\u00f3w do 50 z\u0142, nadia imi\u0119, zaj\u0119cia dla nastolatk\u00f3w<\/p>\n<p>yyyyy<\/p>\n<p>&nbsp;<\/p>\n","protected":false},"excerpt":{"rendered":"<p>Trefl Puzzle 300el. Ulubione Dinozaury 23013Puzzle sk\u0142adaj\u0105ce si\u0119 z 300 element\u00f3w przedstawiaj\u0105ce dinozaury Jurassic World .Produkt zosta\u0142 wykonany z wysokiej jako\u015bci materia\u0142\u00f3w, z zastosowaniem specjalnego kalandrowanego papieru odbijaj\u0105cego \u015bwiat\u0142o, co u\u0142atwia uk\u0142adanie.Produkt zosta\u0142 wyprodukowany w Polsce, a do produkcji zosta\u0142y u\u017cyte materia\u0142y ekologiczne. Uk\u0142adanie puzzli niesie za sob\u0105 szereg korzy\u015bci, zar\u00f3wni dla dzieci jak i [&hellip;]<\/p>\n","protected":false},"featured_media":679,"comment_status":"closed","ping_status":"open","template":"","meta":[],"product_cat":[90,104],"product_tag":[848,665,743,824],"class_list":["post-678","product","type-product","status-publish","has-post-thumbnail","hentry","product_cat-puzzle","product_cat-trefl","product_tag-cytat-o-rodzinie","product_tag-proste-zagadki","product_tag-quiz-dla-dzieci","product_tag-warszawa-atrakcje-dla-dzieci"],"_links":{"self":[{"href":"http:\/\/klubmamgdynia.pl\/index.php\/wp-json\/wp\/v2\/product\/678","targetHints":{"allow":["GET"]}}],"collection":[{"href":"http:\/\/klubmamgdynia.pl\/index.php\/wp-json\/wp\/v2\/product"}],"about":[{"href":"http:\/\/klubmamgdynia.pl\/index.php\/wp-json\/wp\/v2\/types\/product"}],"replies":[{"embeddable":true,"href":"http:\/\/klubmamgdynia.pl\/index.php\/wp-json\/wp\/v2\/comments?post=678"}],"wp:featuredmedia":[{"embeddable":true,"href":"http:\/\/klubmamgdynia.pl\/index.php\/wp-json\/wp\/v2\/media\/679"}],"wp:attachment":[{"href":"http:\/\/klubmamgdynia.pl\/index.php\/wp-json\/wp\/v2\/media?parent=678"}],"wp:term":[{"taxonomy":"product_cat","embeddable":true,"href":"http:\/\/klubmamgdynia.pl\/index.php\/wp-json\/wp\/v2\/product_cat?post=678"},{"taxonomy":"product_tag","embeddable":true,"href":"http:\/\/klubmamgdynia.pl\/index.php\/wp-json\/wp\/v2\/product_tag?post=678"}],"curies":[{"name":"wp","href":"https:\/\/api.w.org\/{rel}","templated":true}]}}