{"id":6780,"date":"2021-03-26T21:05:53","date_gmt":"2021-03-26T20:05:53","guid":{"rendered":"http:\/\/klubmamgdynia.pl\/index.php\/produkt\/zaffiro-dwuczesciowe-mufki-2w1-do-wozka-z-pluszem\/"},"modified":"2026-04-30T16:49:47","modified_gmt":"2026-04-30T14:49:47","slug":"zaffiro-dwuczesciowe-mufki-2w1-do-wozka-z-pluszem","status":"publish","type":"product","link":"http:\/\/klubmamgdynia.pl\/index.php\/produkt\/zaffiro-dwuczesciowe-mufki-2w1-do-wozka-z-pluszem\/","title":{"rendered":"Zaffiro Dwucz\u0119\u015bciowe Mufki 2W1 Do W\u00f3zka Z Pluszem"},"content":{"rendered":"<p>Zaffiro dwucz\u0119\u015bciowe mufki 2w1 do w\u00f3zka z pluszem<\/p>\n<h2>Zaffiro Dwucz\u0119\u015bciowe Mufki 2W1 Do W\u00f3zka Z Pluszem Zaffiro<\/h2>\n<p>pokemon do druku, zagadki wielkanocne dla dzieci, wy\u015bcig but\u00f3w, podzi\u0119kowania dla nauczyciela cytaty, prezent na urodziny dla nastolatki, bajka dla dzieci do czytania, kolorowe kredki tekst, trudne zagadki wielkanocne, izabela imie, wszystkie flagi \u015bwiata quiz, quizy miko\u0142ajek, zabawka na roczek dla ch\u0142opca, kolorowanka spongebob, dyplom za udzia\u0142 w konkursie do druku, mapa europy do druku, kolorowanka pikachu, bezwarunkowa mi\u0142o\u015b\u0107 do dziecka cytaty, najpi\u0119kniejsze cytaty cytaty dla mamy, lucjan imi\u0119<\/p>\n<p>yyyyy<\/p>\n<p>&nbsp;<\/p>\n","protected":false},"excerpt":{"rendered":"<p>Zaffiro dwucz\u0119\u015bciowe mufki 2w1 do w\u00f3zka z pluszem Zaffiro Dwucz\u0119\u015bciowe Mufki 2W1 Do W\u00f3zka Z Pluszem Zaffiro pokemon do druku, zagadki wielkanocne dla dzieci, wy\u015bcig but\u00f3w, podzi\u0119kowania dla nauczyciela cytaty, prezent na urodziny dla nastolatki, bajka dla dzieci do czytania, kolorowe kredki tekst, trudne zagadki wielkanocne, izabela imie, wszystkie flagi \u015bwiata quiz, quizy miko\u0142ajek, zabawka [&hellip;]<\/p>\n","protected":false},"featured_media":6781,"comment_status":"closed","ping_status":"open","template":"","meta":[],"product_cat":[127,1500],"product_tag":[658,827,727,670,745,675],"class_list":["post-6780","product","type-product","status-publish","has-post-thumbnail","hentry","product_cat-akcesoria-do-wozkow","product_cat-zaffiro","product_tag-alan-znaczenie-imienia","product_tag-bajki-dla-niemowlat","product_tag-godlo-polski-do-druku","product_tag-irma","product_tag-prezent-dla-15-latki","product_tag-test-z-lektury-kajko-i-kokosz-szkola-latania"],"_links":{"self":[{"href":"http:\/\/klubmamgdynia.pl\/index.php\/wp-json\/wp\/v2\/product\/6780","targetHints":{"allow":["GET"]}}],"collection":[{"href":"http:\/\/klubmamgdynia.pl\/index.php\/wp-json\/wp\/v2\/product"}],"about":[{"href":"http:\/\/klubmamgdynia.pl\/index.php\/wp-json\/wp\/v2\/types\/product"}],"replies":[{"embeddable":true,"href":"http:\/\/klubmamgdynia.pl\/index.php\/wp-json\/wp\/v2\/comments?post=6780"}],"wp:featuredmedia":[{"embeddable":true,"href":"http:\/\/klubmamgdynia.pl\/index.php\/wp-json\/wp\/v2\/media\/6781"}],"wp:attachment":[{"href":"http:\/\/klubmamgdynia.pl\/index.php\/wp-json\/wp\/v2\/media?parent=6780"}],"wp:term":[{"taxonomy":"product_cat","embeddable":true,"href":"http:\/\/klubmamgdynia.pl\/index.php\/wp-json\/wp\/v2\/product_cat?post=6780"},{"taxonomy":"product_tag","embeddable":true,"href":"http:\/\/klubmamgdynia.pl\/index.php\/wp-json\/wp\/v2\/product_tag?post=6780"}],"curies":[{"name":"wp","href":"https:\/\/api.w.org\/{rel}","templated":true}]}}