{"id":6784,"date":"2013-08-11T21:57:43","date_gmt":"2013-08-11T19:57:43","guid":{"rendered":"http:\/\/klubmamgdynia.pl\/index.php\/produkt\/ibebe-i-stop-is1-spacerowy\/"},"modified":"2026-05-17T22:43:21","modified_gmt":"2026-05-17T20:43:21","slug":"ibebe-i-stop-is1-spacerowy","status":"publish","type":"product","link":"http:\/\/klubmamgdynia.pl\/index.php\/produkt\/ibebe-i-stop-is1-spacerowy\/","title":{"rendered":"Ibebe I-Stop Is1 Spacerowy"},"content":{"rendered":"<p>I-STOP ibebe w\u00f3zek spacerowy z elektronicznym systemem hamowania &#8211; IS1 szary1 799,00oferta z rabatemJEDYNY W\u00d3ZEK Z ELEKTRONICZNYM SYSTEMEM HAMOWANIA Wielofunkcyjny w\u00f3zek z unikalnym elektronicznym systemem hamowania i-stop Auto-Braking-System. Celem tego systemu jest powstrzymanie poruszania si\u0119 w\u00f3zka, nawet je\u015bli zapomnisz zastosowa\u0107 hamulec. Spacer\u00f3wka nadaje si\u0119 dla dzieci od 0-15 kg, spacer\u00f3wka wyposa\u017cona jest w regulowany podn\u00f3\u017cek, podw\u00f3jne amortyzatory i regulowan\u0105 os\u0142on\u0119 przeciws\u0142oneczn\u0105.Stylowy, atrakcyjny i innowacyjny w\u00f3zek jest \u0142atwy w u\u017cyciu. Ergonomiczny i funkcjonalny, sprawdzi si\u0119 w ka\u017cdym miejscu, gdziekolwiek b\u0119dziesz.Jeste\u015bmy przekonani, \u017ce nasz w\u00f3zek b\u0119dzie idealnym po\u0142\u0105czeniem wszystkich Twoich potrzeb.Dlaczego ibebeNarodziny dziecka to bardzo wa\u017cny moment w \u017cyciu. Naszym celem by\u0142o stworzenie najbezpieczniejszego oraz najnowocze\u015bniejszego w\u00f3zka na rynku.Dane TechniczneWYMIARY SIEDZISKA: 18&#215;34 cm; WYSOKO\u015a\u0106 OPARCIA: 47 cm; WYMIARY GONDOLI: 75x35x21 cm;Z\u0141O\u017bONY W\u00d3ZEK: 88x53x35 cm; ROZ\u0141O\u017bONY W\u00d3ZEK: 69x62x110 cmWaga:W\u00f3zek z siedziskiem spacerowym 12,6 kg.Spacer\u00f3wka wyposa\u017cona jest w regulowany podn\u00f3\u017cek i regulowan\u0105 os\u0142on\u0119 przeciws\u0142oneczn\u0105.W komplecie torba lub plecak (w zale\u017cno\u015bci od koloru w\u00f3zka),folia przeciwdeszczowa, moskitiera, okrycie na n\u00f3zki spacer\u00f3wki.Zgodny z norm\u0105 EN1888-2:2018ParametryW magazynie: wysy\u0142ka 24hAdaptery: do Maxi-Cosi, &#8212;<\/p>\n<h2>Ibebe I-Stop Is1 Spacerowy Ibebe<\/h2>\n<p>co dla dziecka na roczek, ma\u0142y ksi\u0105\u017ce cytaty, rysunki do druku, prezent dla dwunastolatka, zabawka na roczek, cukierku ty \u0142obuzie test, cytaty o rodzinie i dzieciach, sporty po francusku, bajka o biedronce, imi\u0119 kostek, maska karnawa\u0142owa pdf<\/p>\n<p>yyyyy<\/p>\n<p>&nbsp;<\/p>\n","protected":false},"excerpt":{"rendered":"<p>I-STOP ibebe w\u00f3zek spacerowy z elektronicznym systemem hamowania &#8211; IS1 szary1 799,00oferta z rabatemJEDYNY W\u00d3ZEK Z ELEKTRONICZNYM SYSTEMEM HAMOWANIA Wielofunkcyjny w\u00f3zek z unikalnym elektronicznym systemem hamowania i-stop Auto-Braking-System. Celem tego systemu jest powstrzymanie poruszania si\u0119 w\u00f3zka, nawet je\u015bli zapomnisz zastosowa\u0107 hamulec. Spacer\u00f3wka nadaje si\u0119 dla dzieci od 0-15 kg, spacer\u00f3wka wyposa\u017cona jest w regulowany podn\u00f3\u017cek, [&hellip;]<\/p>\n","protected":false},"featured_media":6785,"comment_status":"closed","ping_status":"open","template":"","meta":[],"product_cat":[1501,71],"product_tag":[777,797,677,733],"class_list":["post-6784","product","type-product","status-publish","has-post-thumbnail","hentry","product_cat-ibebe","product_cat-wozki-spacerowe","product_tag-co-na-roczek","product_tag-kiekrz","product_tag-milosz-imie","product_tag-zarty-na-prima-aprilis"],"_links":{"self":[{"href":"http:\/\/klubmamgdynia.pl\/index.php\/wp-json\/wp\/v2\/product\/6784","targetHints":{"allow":["GET"]}}],"collection":[{"href":"http:\/\/klubmamgdynia.pl\/index.php\/wp-json\/wp\/v2\/product"}],"about":[{"href":"http:\/\/klubmamgdynia.pl\/index.php\/wp-json\/wp\/v2\/types\/product"}],"replies":[{"embeddable":true,"href":"http:\/\/klubmamgdynia.pl\/index.php\/wp-json\/wp\/v2\/comments?post=6784"}],"wp:featuredmedia":[{"embeddable":true,"href":"http:\/\/klubmamgdynia.pl\/index.php\/wp-json\/wp\/v2\/media\/6785"}],"wp:attachment":[{"href":"http:\/\/klubmamgdynia.pl\/index.php\/wp-json\/wp\/v2\/media?parent=6784"}],"wp:term":[{"taxonomy":"product_cat","embeddable":true,"href":"http:\/\/klubmamgdynia.pl\/index.php\/wp-json\/wp\/v2\/product_cat?post=6784"},{"taxonomy":"product_tag","embeddable":true,"href":"http:\/\/klubmamgdynia.pl\/index.php\/wp-json\/wp\/v2\/product_tag?post=6784"}],"curies":[{"name":"wp","href":"https:\/\/api.w.org\/{rel}","templated":true}]}}