{"id":6786,"date":"2013-11-13T22:24:27","date_gmt":"2013-11-13T21:24:27","guid":{"rendered":"http:\/\/klubmamgdynia.pl\/index.php\/produkt\/sluban-klocki-straz-pozarna-samochod-ludzik-58el\/"},"modified":"2026-04-22T14:02:55","modified_gmt":"2026-04-22T12:02:55","slug":"sluban-klocki-straz-pozarna-samochod-ludzik-58el","status":"publish","type":"product","link":"http:\/\/klubmamgdynia.pl\/index.php\/produkt\/sluban-klocki-straz-pozarna-samochod-ludzik-58el\/","title":{"rendered":"Sluban Klocki Stra\u017c Po\u017carna Samoch\u00f3d Ludzik 58El."},"content":{"rendered":"<p>KLOCKI SLUBANSERIA: STRA\u017b PO\u017bARNAMODEL: M38-B0621POJAZD, LUDZIKZGODNO\u015a\u0106 Z NORMAMI UNIJNYMI: CE; EN71Klocki SLUBAN zaprojektowano z my\u015bl\u0105 o bezpiecze\u0144stwie dziecka, co zosta\u0142o potwierdzone przeprowadzonymi testami i dopuszczeniem produktu do sprzeda\u017cy na terenie Unii Europejskiej.Zestawy Klock\u00f3w SLUBAN rozwijaj\u0105 zdolno\u015bci manualne oraz kreatywno\u015b\u0107 dziecka. Pozwalaj\u0105 na \u0107wiczenie koncentracji oraz rozwijaj\u0105 umiej\u0119tno\u015b\u0107 my\u015blenia logicznego. Powoduj\u0105 r\u00f3wnie\u017c poznanie szeregu zawod\u00f3w.Zestaw STRA\u017b PO\u017bARNA sk\u0142ada si\u0119 z 58 element\u00f3w w postaci klock\u00f3w i figurkI, jest on kompatybilny z innymi markami klock\u00f3w (LEGO; COBI; KAZI; BLOCKI; LEUI i wiele innych)Zestaw STRA\u017b PO\u017bARNA pojazd\u00f3w, a zabawa nim sprawi wiele rado\u015bci i satysfakcji dziecku.<\/p>\n<h2>Sluban Klocki Stra\u017c Po\u017carna Samoch\u00f3d Ludzik 58El. Sluban<\/h2>\n<p>karyna, kolorowe listki tekst, \u015bmieszne \u0142ama\u0144ce j\u0119zykowe, uk\u0142ad s\u0142oneczny dla dzieci, zagadki o wio\u015bnie dla dzieci, sky kolorowanka, zagadki dla dzieci do druku, kwiatek kwiaty do druku szablony, imi\u0119 alan, wierszyki na \u015bmigus dyngus, zagadki rymowane, imi\u0119 nadia, flagi pa\u0144stw quiz, nadia imie, test z lektury opowie\u015bci z narni lew czarownica i stara szafa, pomys\u0142y na prezent na roczek, quiz o bajkach, niech \u017cyj\u0105 wakacje tekst<\/p>\n<p>yyyyy<\/p>\n<p>&nbsp;<\/p>\n","protected":false},"excerpt":{"rendered":"<p>KLOCKI SLUBANSERIA: STRA\u017b PO\u017bARNAMODEL: M38-B0621POJAZD, LUDZIKZGODNO\u015a\u0106 Z NORMAMI UNIJNYMI: CE; EN71Klocki SLUBAN zaprojektowano z my\u015bl\u0105 o bezpiecze\u0144stwie dziecka, co zosta\u0142o potwierdzone przeprowadzonymi testami i dopuszczeniem produktu do sprzeda\u017cy na terenie Unii Europejskiej.Zestawy Klock\u00f3w SLUBAN rozwijaj\u0105 zdolno\u015bci manualne oraz kreatywno\u015b\u0107 dziecka. Pozwalaj\u0105 na \u0107wiczenie koncentracji oraz rozwijaj\u0105 umiej\u0119tno\u015b\u0107 my\u015blenia logicznego. Powoduj\u0105 r\u00f3wnie\u017c poznanie szeregu zawod\u00f3w.Zestaw STRA\u017b [&hellip;]<\/p>\n","protected":false},"featured_media":6787,"comment_status":"closed","ping_status":"open","template":"","meta":[],"product_cat":[113,513],"product_tag":[702,689,637,759,679],"class_list":["post-6786","product","type-product","status-publish","has-post-thumbnail","hentry","product_cat-klocki","product_cat-sluban","product_tag-co-kupic-na-roczek-dla-dziewczynki","product_tag-linda","product_tag-niech-zyja-wakacje-tekst","product_tag-pomysly-na-prezent-dla-nastolatkow","product_tag-zabawki-na-roczek-dla-dziewczynki"],"_links":{"self":[{"href":"http:\/\/klubmamgdynia.pl\/index.php\/wp-json\/wp\/v2\/product\/6786","targetHints":{"allow":["GET"]}}],"collection":[{"href":"http:\/\/klubmamgdynia.pl\/index.php\/wp-json\/wp\/v2\/product"}],"about":[{"href":"http:\/\/klubmamgdynia.pl\/index.php\/wp-json\/wp\/v2\/types\/product"}],"replies":[{"embeddable":true,"href":"http:\/\/klubmamgdynia.pl\/index.php\/wp-json\/wp\/v2\/comments?post=6786"}],"wp:featuredmedia":[{"embeddable":true,"href":"http:\/\/klubmamgdynia.pl\/index.php\/wp-json\/wp\/v2\/media\/6787"}],"wp:attachment":[{"href":"http:\/\/klubmamgdynia.pl\/index.php\/wp-json\/wp\/v2\/media?parent=6786"}],"wp:term":[{"taxonomy":"product_cat","embeddable":true,"href":"http:\/\/klubmamgdynia.pl\/index.php\/wp-json\/wp\/v2\/product_cat?post=6786"},{"taxonomy":"product_tag","embeddable":true,"href":"http:\/\/klubmamgdynia.pl\/index.php\/wp-json\/wp\/v2\/product_tag?post=6786"}],"curies":[{"name":"wp","href":"https:\/\/api.w.org\/{rel}","templated":true}]}}