{"id":6790,"date":"2015-01-21T18:53:06","date_gmt":"2015-01-21T17:53:06","guid":{"rendered":"http:\/\/klubmamgdynia.pl\/index.php\/produkt\/babyactive-spacerowy-xq-gold\/"},"modified":"2026-05-17T22:33:43","modified_gmt":"2026-05-17T20:33:43","slug":"babyactive-spacerowy-xq-gold","status":"publish","type":"product","link":"http:\/\/klubmamgdynia.pl\/index.php\/produkt\/babyactive-spacerowy-xq-gold\/","title":{"rendered":"Babyactive Spacerowy Xq Gold"},"content":{"rendered":"<p>Babyactive W\u00f3zek Spacerowy XQ GoldW\u00f3zek Spacerowy XQ zosta\u0142 zaprojektowany z my\u015bl\u0105 o ma\u0142ych podr\u00f3\u017cnikach, kt\u00f3rzy kochaj\u0105 poznawa\u0107 \u015bwiat.Marka Babactive stawia przede wszystkim na bezpiecze\u0144stwo oraz funkcjonalno\u015b\u0107, jednak nie tarci na designie. S\u0142owa te idealnie opisuj\u0105 w\u00f3zek spacerowy XQ, kt\u00f3ry zosta\u0142 wykonany z najwy\u017cszej jako\u015bci materia\u0142\u00f3w, aby zadowoli\u0107 ka\u017cdego rodzica. Lekka aluminiowa konstrukcja, oraz szereg funkcji jakie posiada w\u00f3zek spacerowy XQ spe\u0142ni oczekiwania nawet najbardziej wymagaj\u0105cych rodzic\u00f3w. Ciasne i zat\u0142oczone uliczki miast, czy wysokie kraw\u0119\u017cniki ju\u017c nie b\u0119d\u0105 koszmarem kolejnych spaceru. Z w\u00f3zkiem spacerowym XQ ka\u017cdy spacer b\u0119dzie wyj\u0105tkowy,a Ty i Twoje dziecko b\u0119dziecie mogli czerpa\u0107 z niego 100% przyjemno\u015bci.Co sprawia, \u017ce w\u00f3zek spacerowy XQ jest wyj\u0105tkowy?Obszerne, wygodne siedzisko z funkcj\u0105 regulacji, pozwoli przyj\u0105\u0107 maluchowi wygodn\u0105, dla siebie pozycj\u0119. Siedzisko rozk\u0142ada si\u0119 do pozycji le\u017c\u0105cej, co pozwala dziecku na ma\u0142\u0105 drzemk\u0119 podczas d\u0142ugich spacer\u00f3w.Regulowany podn\u00f3\u017cek zwi\u0119kszy komfort podr\u00f3\u017cy.Maluch od pierwszych dnia swojego \u017cycia, s\u0105 bardzo ciekawe \u015bwiata. Dlatego w\u00f3zek spacerowy XQ wychodzi naprzeciw ma\u0142ym podr\u00f3\u017cnikom i umo\u017cliwia monta\u017c siedziska zar\u00f3wno przodem jak i ty\u0142em do kierunku jazdy. W ten spos\u00f3b maluch, bez problemu mo\u017ce podziwia\u0107 krajobraz, kt\u00f3ry go otacza.Dodatkowy system wentylacji pozwoli podgl\u0105da\u0107 nam dziecko, i nie dopu\u015bci\u0107 do przegrzania go.S\u0142o\u0144ce to co\u015b, co wszyscy kochamy. Jednak co za du\u017co to niezdrowo, dlatego w\u00f3zek spacerowy XQ posiada obszern\u0105 budk\u0119, kt\u00f3ra chroni dziecko przed nadmiarem promieni s\u0142onecznych w letnie dni. W\u00f3zek spacerowy XQ, sprawdzi si\u0119 idealnie podczas ka\u017cdej pogody i ochroni maluch, r\u00f3wnie\u017c przed silnym wiatrem czy deszczem.\u0141amana r\u0105czka, zapewni komfort ka\u017cdemu rodzicowi, i umo\u017cliwi mu przyj\u0119cie odpowiedniej pozycji r\u0105k bez wzgl\u0119du na wzrost.Ko\u0142a, kt\u00f3re poradz\u0105 sobie na ka\u017cdej nawierzchni !W\u00f3zek spacerowy XQ posiada du\u017ce pompowane ko\u0142a, kt\u00f3re idealnie sprawdz\u0105 si\u0119 na ka\u017cdej powierzchni. System amortyzacji usprawni ca\u0142\u0105 jazd\u0119, oraz sprawi, \u017ce maluch nie b\u0119dzie odczuwa\u0142 niepotrzebnych wstrz\u0105s\u00f3w. Mo\u017cliwo\u015b\u0107 zablokowania k\u00f3\u0142 do jazdy na wprost, w wielu przypadkach u\u0142atwi sterowanie rodzicom.System Tavel pozwoli na wpi\u0119cie fotelika samochodowego, a niewielkie rozmiary po z\u0142o\u017ceniu sprawi\u0105, \u017ce idealnie sprawdzi si\u0119 on podczas podr\u00f3\u017cy.Du\u017cy, obszerny kosz na zakupy idealnie sprawdzi si\u0119, podczas czynno\u015bci dnia codziennego. Pomie\u015bci ka\u017cde zakupy, a tak\u017ce niezb\u0119dne akcesoria i zabawki potrzebne na spacerze.<\/p>\n<h2>Babyactive Spacerowy Xq Gold Babyactive<\/h2>\n<p>aurelia, kr\u00f3tkie bajki do czytania, zagadki dla 8 latka, atrakcje dla nastolatk\u00f3w, bursztynek, opisy rodzina, nauka pisania wyraz\u00f3w dla dzieci do druku pdf, daria imie, teksty o rodzinie, zagadki s\u0142owne, co kupi\u0107 dziewczynce na roczek, roczek prezenty<\/p>\n<p>yyyyy<\/p>\n<p>&nbsp;<\/p>\n","protected":false},"excerpt":{"rendered":"<p>Babyactive W\u00f3zek Spacerowy XQ GoldW\u00f3zek Spacerowy XQ zosta\u0142 zaprojektowany z my\u015bl\u0105 o ma\u0142ych podr\u00f3\u017cnikach, kt\u00f3rzy kochaj\u0105 poznawa\u0107 \u015bwiat.Marka Babactive stawia przede wszystkim na bezpiecze\u0144stwo oraz funkcjonalno\u015b\u0107, jednak nie tarci na designie. S\u0142owa te idealnie opisuj\u0105 w\u00f3zek spacerowy XQ, kt\u00f3ry zosta\u0142 wykonany z najwy\u017cszej jako\u015bci materia\u0142\u00f3w, aby zadowoli\u0107 ka\u017cdego rodzica. Lekka aluminiowa konstrukcja, oraz szereg funkcji [&hellip;]<\/p>\n","protected":false},"featured_media":6791,"comment_status":"closed","ping_status":"open","template":"","meta":[],"product_cat":[1502,71],"product_tag":[681,720,684,764,868],"class_list":["post-6790","product","type-product","status-publish","has-post-thumbnail","hentry","product_cat-babyactive","product_cat-wozki-spacerowe","product_tag-flagi-europy-quiz","product_tag-malowanki","product_tag-prezent-dla-dziewczynki-na-roczek","product_tag-prezenty-na-roczek-dla-dziewczynki","product_tag-quizy-dla-dzieci"],"_links":{"self":[{"href":"http:\/\/klubmamgdynia.pl\/index.php\/wp-json\/wp\/v2\/product\/6790","targetHints":{"allow":["GET"]}}],"collection":[{"href":"http:\/\/klubmamgdynia.pl\/index.php\/wp-json\/wp\/v2\/product"}],"about":[{"href":"http:\/\/klubmamgdynia.pl\/index.php\/wp-json\/wp\/v2\/types\/product"}],"replies":[{"embeddable":true,"href":"http:\/\/klubmamgdynia.pl\/index.php\/wp-json\/wp\/v2\/comments?post=6790"}],"wp:featuredmedia":[{"embeddable":true,"href":"http:\/\/klubmamgdynia.pl\/index.php\/wp-json\/wp\/v2\/media\/6791"}],"wp:attachment":[{"href":"http:\/\/klubmamgdynia.pl\/index.php\/wp-json\/wp\/v2\/media?parent=6790"}],"wp:term":[{"taxonomy":"product_cat","embeddable":true,"href":"http:\/\/klubmamgdynia.pl\/index.php\/wp-json\/wp\/v2\/product_cat?post=6790"},{"taxonomy":"product_tag","embeddable":true,"href":"http:\/\/klubmamgdynia.pl\/index.php\/wp-json\/wp\/v2\/product_tag?post=6790"}],"curies":[{"name":"wp","href":"https:\/\/api.w.org\/{rel}","templated":true}]}}