{"id":6794,"date":"2011-07-29T15:30:40","date_gmt":"2011-07-29T13:30:40","guid":{"rendered":"http:\/\/klubmamgdynia.pl\/index.php\/produkt\/milu-kids-atteso-19-gleboko-spacerowy\/"},"modified":"2026-04-27T00:44:39","modified_gmt":"2026-04-26T22:44:39","slug":"milu-kids-atteso-19-gleboko-spacerowy","status":"publish","type":"product","link":"http:\/\/klubmamgdynia.pl\/index.php\/produkt\/milu-kids-atteso-19-gleboko-spacerowy\/","title":{"rendered":"Milu Kids Atteso 19 G\u0142\u0119boko Spacerowy"},"content":{"rendered":"<p>Milu KidsATESSO 19W\u00f3zek Atteso wyr\u00f3\u017cnia si\u0119 prostot\u0105, minimalizmem, bezpiecze\u0144stwem i funkcjonalnym designem. W\u00f3zek g\u0142\u0119boko-spacerowy z mo\u017cliwo\u015bci\u0105 monta\u017cu fotelika samochodowego.Dost\u0119pny w 6 kolorach standardowych oraz 4 presti\u017cowych z aksamitu + sta\u0142a kolorystyka.GONDOLA:Budka sk\u0142ada si\u0119 z dw\u00f3ch klin\u00f3w. Posiada chowany daszek, system regulacji, r\u0105czk\u0119 do przenoszenia, a tak\u017ce okno wentylacyjne z moskitier\u0105. Budka, gondola i pokrowiec wykonane materia\u0142u b\u0105d\u017a aksamitu, wewn\u0105trz znajduje si\u0119 bawe\u0142niany materacyk. Gondola posiada wbudowan\u0105 moskitier\u0119, kt\u00f3r\u0105 mo\u017cna za\u0142o\u017cy\u0107 na budk\u0119 oraz dodatkow\u0105 kiesze\u0144 wewn\u0119trzn\u0105Wymiary zewn\u0119trzned\u0142. 78cmwys. 65cmszer. 40cmWymiary wewn\u0119trzned\u0142. 74cmwys. 53cmszer. 35cmWaga. 4,9 kgSIEDZISKO SPACEROWE:Mo\u017cliwo\u015b\u0107 monta\u017cu spacer\u00f3wki przodem lub ty\u0142em do kierunku jazdy. Posiada regulacje podn\u00f3\u017cka jak i regulacj\u0119 oparcia. Siedzisko wyposa\u017cone jest w 4-stopniowe pasy bezpiecze\u0144stwa. Podnoszona budka wyposa\u017cona jest w okienko a tak\u017ce w dodatkowy klin pozwalaj\u0105cy uchroni\u0107 dziecko przed wiatrem.Pami\u0119taj zawsze u\u017cywaj systemu zapi\u0119\u0107!Wymiary spacer\u00f3wkad\u0142. 90cmwys. 61cmszer. 40cmWymiary siedziskod\u0142. 85cmwys. 38cmszer. 36cmWaga. 5,1 kgSTELA\u017bLekki i \u0142atwy do z\u0142o\u017cenia\/roz\u0142o\u017cenia stela\u017c wykonany z aluminiowych element\u00f3w. Zdejmowane ko\u0142a \u017celowe, przednie ko\u0142a obrotowe z systemem blokady na wprost. Konstrukcja posiada 3- pary amortyzator\u00f3w, regulowan\u0105 r\u0105czk\u0119 , pojemny kosz, centralny hamulec oraz blokad\u0119 samoistnego rozk\u0142adania si\u0119 stela\u017ca.Wymiary stela\u017cd\u0142. 100cmwys. 112cmszer. 59cmWymiary z\u0142o\u017cony stela\u017cd\u0142. 75cmwys. 29cmszer. 59cmWaga. 8,6 kgZESTAW 2W1 ZAWIERA:<\/p>\n<h2>Milu Kids Atteso 19 G\u0142\u0119boko Spacerowy Milu Kids<\/h2>\n<p>ach \u015bpij kochanie tekst, kolorowanki lol do druku, zagadki dla doros\u0142ych z odpowiedziami, m\u0105dre bajki dla dzieci do czytania, anastazja imi\u0119, przysz\u0142a zima bia\u0142a, pomysly na prima aprilis, jak narysowa\u0107 \u017cab\u0119, kolorowanki do druku pokemon, co kupi\u0107 dziewczynce na roczek, a \u015bpij kochanie, everest psi patrol kolorowanka, smoki rysunek, \u015bmieszne \u0142ama\u0144ce j\u0119zykowe, mapa europy do druku<\/p>\n<p>yyyyy<\/p>\n<p>&nbsp;<\/p>\n","protected":false},"excerpt":{"rendered":"<p>Milu KidsATESSO 19W\u00f3zek Atteso wyr\u00f3\u017cnia si\u0119 prostot\u0105, minimalizmem, bezpiecze\u0144stwem i funkcjonalnym designem. W\u00f3zek g\u0142\u0119boko-spacerowy z mo\u017cliwo\u015bci\u0105 monta\u017cu fotelika samochodowego.Dost\u0119pny w 6 kolorach standardowych oraz 4 presti\u017cowych z aksamitu + sta\u0142a kolorystyka.GONDOLA:Budka sk\u0142ada si\u0119 z dw\u00f3ch klin\u00f3w. Posiada chowany daszek, system regulacji, r\u0105czk\u0119 do przenoszenia, a tak\u017ce okno wentylacyjne z moskitier\u0105. Budka, gondola i pokrowiec wykonane [&hellip;]<\/p>\n","protected":false},"featured_media":6795,"comment_status":"closed","ping_status":"open","template":"","meta":[],"product_cat":[1503,110],"product_tag":[831,781,706,605,815,576],"class_list":["post-6794","product","type-product","status-publish","has-post-thumbnail","hentry","product_cat-milu-kids","product_cat-wozki-wielofunkcyjne","product_tag-bruno","product_tag-cytaty-o-wychowaniu-dzieci","product_tag-imie-kuba","product_tag-milena","product_tag-ozdoby-choinkowe-dla-dzieci","product_tag-trudne-zagadki"],"_links":{"self":[{"href":"http:\/\/klubmamgdynia.pl\/index.php\/wp-json\/wp\/v2\/product\/6794","targetHints":{"allow":["GET"]}}],"collection":[{"href":"http:\/\/klubmamgdynia.pl\/index.php\/wp-json\/wp\/v2\/product"}],"about":[{"href":"http:\/\/klubmamgdynia.pl\/index.php\/wp-json\/wp\/v2\/types\/product"}],"replies":[{"embeddable":true,"href":"http:\/\/klubmamgdynia.pl\/index.php\/wp-json\/wp\/v2\/comments?post=6794"}],"wp:featuredmedia":[{"embeddable":true,"href":"http:\/\/klubmamgdynia.pl\/index.php\/wp-json\/wp\/v2\/media\/6795"}],"wp:attachment":[{"href":"http:\/\/klubmamgdynia.pl\/index.php\/wp-json\/wp\/v2\/media?parent=6794"}],"wp:term":[{"taxonomy":"product_cat","embeddable":true,"href":"http:\/\/klubmamgdynia.pl\/index.php\/wp-json\/wp\/v2\/product_cat?post=6794"},{"taxonomy":"product_tag","embeddable":true,"href":"http:\/\/klubmamgdynia.pl\/index.php\/wp-json\/wp\/v2\/product_tag?post=6794"}],"curies":[{"name":"wp","href":"https:\/\/api.w.org\/{rel}","templated":true}]}}