{"id":6796,"date":"2024-02-10T12:43:31","date_gmt":"2024-02-10T11:43:31","guid":{"rendered":"http:\/\/klubmamgdynia.pl\/?post_type=product&#038;p=6796"},"modified":"2026-05-01T17:35:24","modified_gmt":"2026-05-01T15:35:24","slug":"milu-kids-lluvia-luv-09-gleboko-spacerowy","status":"publish","type":"product","link":"http:\/\/klubmamgdynia.pl\/index.php\/produkt\/milu-kids-lluvia-luv-09-gleboko-spacerowy\/","title":{"rendered":"Milu Kids Lluvia Luv 09 G\u0142\u0119boko Spacerowy"},"content":{"rendered":"<p>W\u00f3zek Lluvia to po\u0142\u0105czenie elegancji i funkcjonalno\u015bci. Jego zalet\u0105 jest bezpiecze\u0144stwo a charakterystyczny motyw naszywki nadaje w\u00f3zkowi oryginalno\u015b\u0107. W\u00f3zek g\u0142\u0119boko-spacerowy z mo\u017cliwo\u015bci\u0105 monta\u017cu fotelika samochodowego. Dost\u0119pny w 5 ods\u0142onach z materia\u0142u.GondolaBudka sk\u0142ada si\u0119 z trzech klin\u00f3w. Posiada chowany daszek, system regulacji, r\u0105czk\u0119 do przenoszenia a tak\u017ce okno wentylacyjne z moskitier\u0105. Budka, gondola i pokrowiec wykonane z materia\u0142u, wewn\u0105trz znajduje si\u0119 bawe\u0142niany materacyk. Do gondoli mo\u017cna doczepi\u0107 naszywk\u0119 w kszta\u0142cie wa\u017cki.wymiary zewn\u0119trzned\u0142. 83 cmwys. 67cmszer. 40 cmwymiary wewn\u0119trzned\u0142. 80cmwys. 50cmszer. 35cmwaga. 5,2kgSpacer\u00f3wkaMo\u017cliwo\u015b\u0107 monta\u017cu spacer\u00f3wki przodem lub ty\u0142em do kierunku jazdy. Posiada regulacje podn\u00f3\u017cka jak i regulacj\u0119 oparcia. Siedzisko wyposa\u017cone jest w 4-stopniowe pasy bezpiecze\u0144stwa. Podnoszona budka wyposa\u017cona jest w okienko a tak\u017ce w dodatkowy klin pozwalaj\u0105cy uchroni\u0107 dziecko przed wiatrem.Pami\u0119taj zawsze u\u017cywaj systemu zapi\u0119\u0107!wymiary spacer\u00f3wkad\u0142. 82cmwys. 63cmszer. 35cmwymiary siedziskod\u0142. 65cmwys. 42 cmszer. 32cmwaga. 4,3 kgStela\u017cLekki i \u0142atwy do z\u0142o\u017cenia\/roz\u0142o\u017cenia stela\u017c wykonany z aluminiowych element\u00f3w. Zdejmowane ko\u0142a \u017celowe, przednie ko\u0142a obrotowe z systemem blokady na wprost. Konstrukcja posiada 3- pary amortyzator\u00f3w, regulowan\u0105 r\u0105czk\u0119 , pojemny kosz, centralny hamulec oraz blokad\u0119 samoistnego rozk\u0142adania si\u0119 stela\u017cawymiary stela\u017cd\u0142. 100cmwys. 112cmszer. 59cmwymiary z\u0142o\u017cony stela\u017cd\u0142. 30cmwys. 29cmszer. 59cmwaga. 8,6 kg<\/p>\n<h2>Milu Kids Lluvia Luv 09 G\u0142\u0119boko Spacerowy Milu Kids<\/h2>\n<p>traktor z przyczep\u0105 kolorowanka, ahmed, miasto dzieci krak\u00f3w, quiz bajki, zabawy dla 7 latka, test z lektury kajko i kokosz, co na roczek, kolorowanki ninjago<\/p>\n<p>yyyyy<\/p>\n<p>&nbsp;<\/p>\n","protected":false},"excerpt":{"rendered":"<p>W\u00f3zek Lluvia to po\u0142\u0105czenie elegancji i funkcjonalno\u015bci. Jego zalet\u0105 jest bezpiecze\u0144stwo a charakterystyczny motyw naszywki nadaje w\u00f3zkowi oryginalno\u015b\u0107. W\u00f3zek g\u0142\u0119boko-spacerowy z mo\u017cliwo\u015bci\u0105 monta\u017cu fotelika samochodowego. Dost\u0119pny w 5 ods\u0142onach z materia\u0142u.GondolaBudka sk\u0142ada si\u0119 z trzech klin\u00f3w. Posiada chowany daszek, system regulacji, r\u0105czk\u0119 do przenoszenia a tak\u017ce okno wentylacyjne z moskitier\u0105. Budka, gondola i pokrowiec wykonane [&hellip;]<\/p>\n","protected":false},"featured_media":6797,"comment_status":"closed","ping_status":"open","template":"","meta":[],"product_cat":[1503,110],"product_tag":[654,627,762,595,592,649],"class_list":["post-6796","product","type-product","status-publish","has-post-thumbnail","hentry","product_cat-milu-kids","product_cat-wozki-wielofunkcyjne","product_tag-krotkie-bajki-dla-dzieci-do-czytania","product_tag-quiz-dzieci-z-bullerbyn","product_tag-trudne-zagadki-dla-dzieci","product_tag-zagadki-dla-6-latka","product_tag-zagadki-dla-dzieci","product_tag-zagadki-dla-nastolatkow"],"_links":{"self":[{"href":"http:\/\/klubmamgdynia.pl\/index.php\/wp-json\/wp\/v2\/product\/6796","targetHints":{"allow":["GET"]}}],"collection":[{"href":"http:\/\/klubmamgdynia.pl\/index.php\/wp-json\/wp\/v2\/product"}],"about":[{"href":"http:\/\/klubmamgdynia.pl\/index.php\/wp-json\/wp\/v2\/types\/product"}],"replies":[{"embeddable":true,"href":"http:\/\/klubmamgdynia.pl\/index.php\/wp-json\/wp\/v2\/comments?post=6796"}],"wp:featuredmedia":[{"embeddable":true,"href":"http:\/\/klubmamgdynia.pl\/index.php\/wp-json\/wp\/v2\/media\/6797"}],"wp:attachment":[{"href":"http:\/\/klubmamgdynia.pl\/index.php\/wp-json\/wp\/v2\/media?parent=6796"}],"wp:term":[{"taxonomy":"product_cat","embeddable":true,"href":"http:\/\/klubmamgdynia.pl\/index.php\/wp-json\/wp\/v2\/product_cat?post=6796"},{"taxonomy":"product_tag","embeddable":true,"href":"http:\/\/klubmamgdynia.pl\/index.php\/wp-json\/wp\/v2\/product_tag?post=6796"}],"curies":[{"name":"wp","href":"https:\/\/api.w.org\/{rel}","templated":true}]}}