{"id":68,"date":"2015-08-13T05:13:40","date_gmt":"2015-08-13T03:13:40","guid":{"rendered":"http:\/\/klubmamgdynia.pl\/index.php\/produkt\/hecht-ford-ranger-monster-truck-white-samochod-terenowy-elektryczny-akumulatorowy-auto-jezdzik-pojazd-zabawka-dla-dzieci-pilot\/"},"modified":"2026-04-29T14:41:18","modified_gmt":"2026-04-29T12:41:18","slug":"hecht-ford-ranger-monster-truck-white-samochod-terenowy-elektryczny-akumulatorowy-auto-jezdzik-pojazd-zabawka-dla-dzieci-pilot","status":"publish","type":"product","link":"http:\/\/klubmamgdynia.pl\/index.php\/produkt\/hecht-ford-ranger-monster-truck-white-samochod-terenowy-elektryczny-akumulatorowy-auto-jezdzik-pojazd-zabawka-dla-dzieci-pilot\/","title":{"rendered":"Hecht Ford Ranger Monster Truck White Samoch\u00f3d Terenowy Elektryczny Akumulatorowy Auto Je\u017adzik Pojazd Zabawka Dla Dzieci Pilot"},"content":{"rendered":"<h2>Hecht Ford Ranger Monster Truck White Samoch\u00f3d Terenowy Elektryczny Akumulatorowy Auto Je\u017adzik Pojazd Zabawka Dla Dzieci Pilot Hecht<\/h2>\n<p>zagadki wielkanocne do druku, bajka o sowie, \u015bwinka peppa kolorowanka do druku, pokemon do druku, kolorowanki, bajki do czytania online, maska dinozaura, cytat na dzie\u0144 mamy<\/p>\n<p>yyyyy<\/p>\n<p>&nbsp;<\/p>\n","protected":false},"excerpt":{"rendered":"<p>Hecht Ford Ranger Monster Truck White Samoch\u00f3d Terenowy Elektryczny Akumulatorowy Auto Je\u017adzik Pojazd Zabawka Dla Dzieci Pilot Hecht zagadki wielkanocne do druku, bajka o sowie, \u015bwinka peppa kolorowanka do druku, pokemon do druku, kolorowanki, bajki do czytania online, maska dinozaura, cytat na dzie\u0144 mamy yyyyy &nbsp;<\/p>\n","protected":false},"featured_media":69,"comment_status":"closed","ping_status":"open","template":"","meta":[],"product_cat":[48,24],"product_tag":[827,797,731,586,725],"class_list":["post-68","product","type-product","status-publish","has-post-thumbnail","hentry","product_cat-hecht","product_cat-samochody-dla-dzieci","product_tag-bajki-dla-niemowlat","product_tag-kiekrz","product_tag-maly-ksiaze-cytaty","product_tag-smieszne-zagadki","product_tag-zgadywanki"],"_links":{"self":[{"href":"http:\/\/klubmamgdynia.pl\/index.php\/wp-json\/wp\/v2\/product\/68","targetHints":{"allow":["GET"]}}],"collection":[{"href":"http:\/\/klubmamgdynia.pl\/index.php\/wp-json\/wp\/v2\/product"}],"about":[{"href":"http:\/\/klubmamgdynia.pl\/index.php\/wp-json\/wp\/v2\/types\/product"}],"replies":[{"embeddable":true,"href":"http:\/\/klubmamgdynia.pl\/index.php\/wp-json\/wp\/v2\/comments?post=68"}],"wp:featuredmedia":[{"embeddable":true,"href":"http:\/\/klubmamgdynia.pl\/index.php\/wp-json\/wp\/v2\/media\/69"}],"wp:attachment":[{"href":"http:\/\/klubmamgdynia.pl\/index.php\/wp-json\/wp\/v2\/media?parent=68"}],"wp:term":[{"taxonomy":"product_cat","embeddable":true,"href":"http:\/\/klubmamgdynia.pl\/index.php\/wp-json\/wp\/v2\/product_cat?post=68"},{"taxonomy":"product_tag","embeddable":true,"href":"http:\/\/klubmamgdynia.pl\/index.php\/wp-json\/wp\/v2\/product_tag?post=68"}],"curies":[{"name":"wp","href":"https:\/\/api.w.org\/{rel}","templated":true}]}}