{"id":6800,"date":"2017-09-26T05:19:00","date_gmt":"2017-09-26T03:19:00","guid":{"rendered":"http:\/\/klubmamgdynia.pl\/index.php\/produkt\/milu-kids-fiori-01-spacerowy\/"},"modified":"2026-04-04T23:43:31","modified_gmt":"2026-04-04T21:43:31","slug":"milu-kids-fiori-01-spacerowy","status":"publish","type":"product","link":"http:\/\/klubmamgdynia.pl\/index.php\/produkt\/milu-kids-fiori-01-spacerowy\/","title":{"rendered":"Milu Kids Fiori 01 Spacerowy"},"content":{"rendered":"<p>Milu KidsFIORIKOLOR: 01Spacer\u00f3wka Fiori wyr\u00f3\u017cnia si\u0119 prostot\u0105, trwa\u0142o\u015bci\u0105 jak i bezpiecze\u0144stwem. W\u00f3zek z mo\u017cliwo\u015bci\u0105 wypi\u0119cia siedziska ze stela\u017ca, z\u0142o\u017cenia stela\u017ca z siedziskiem jak i bez. W\u00f3zek przystosowany do monta\u017cu fotelika samochodowego .Dost\u0119pny w czterech ods\u0142onach z r\u00f3\u017cnymi kolorami materacykaSIEDZISKO SPACEROWE:Mo\u017cliwo\u015b\u0107 monta\u017cu spacer\u00f3wki przodem lub ty\u0142em do kierunku jazdy. Posiada regulacje podn\u00f3\u017cka jak i regulacj\u0119 oparcia. Siedzisko wyposa\u017cone jest w 4-stopniowe pasy bezpiecze\u0144stwa. Podnoszona budka wyposa\u017cona jest w okienko a tak\u017ce w dodatkowy klin pozwalaj\u0105cy uchroni\u0107 dziecko przed wiatrem.Pami\u0119taj zawsze u\u017cywaj systemu zapi\u0119\u0107!Wymiary spacer\u00f3wkad\u0142. 95cmwys. 68cmszer. 43cmWymiary siedziskod\u0142. 60cmwys. 50cmszer. 30cmWaga. 3,0 kgSTELA\u017bLekki i \u0142atwy do z\u0142o\u017cenia\/roz\u0142o\u017cenia stela\u017c wykonany z aluminiowych element\u00f3w. Zdejmowane ko\u0142a \u017celowe, przednie ko\u0142a obrotowe z systemem blokady na wprost. Konstrukcja posiada regulowan\u0105 r\u0105czk\u0119 , pojemny kosz, centralny hamulec oraz blokad\u0119 samoistnego rozk\u0142adania si\u0119 stela\u017caWymiary stela\u017cd\u0142. 95cmwys. 98cmszer. 60cmWymiary z\u0142o\u017cony stela\u017cd\u0142. 80cmwys. 28cmszer. 60cmWaga. 3,9 kgWymiary z\u0142o\u017cony stela\u017c ze spacer\u00f3wk\u0105d\u0142. 150cmwys. 30cmszer. 60cmwaga. 9,4 kgW ZESTAWIEstela\u017c2x przednie ko\u0142a2x tylne ko\u0142apojemnik na kubekplecakspacer\u00f3wkapokrowiecbarierkamateracyk<\/p>\n<h2>Milu Kids Fiori 01 Spacerowy Milu Kids<\/h2>\n<p>markowa, quiz bo\u017ce narodzenie, jeremi imi\u0119, fajne \u017carty na prima aprilis, bajki dla dzieci od 7 do 10 lat, super zings do druku, cytaty o rodzinie, obrazki do druku, test z lektury felix net i nika oraz gang niewidzialnych ludzi, gabriel, j\u0119zyk polski dla dzieci z ukrainy<\/p>\n<p>yyyyy<\/p>\n<p>&nbsp;<\/p>\n","protected":false},"excerpt":{"rendered":"<p>Milu KidsFIORIKOLOR: 01Spacer\u00f3wka Fiori wyr\u00f3\u017cnia si\u0119 prostot\u0105, trwa\u0142o\u015bci\u0105 jak i bezpiecze\u0144stwem. W\u00f3zek z mo\u017cliwo\u015bci\u0105 wypi\u0119cia siedziska ze stela\u017ca, z\u0142o\u017cenia stela\u017ca z siedziskiem jak i bez. W\u00f3zek przystosowany do monta\u017cu fotelika samochodowego .Dost\u0119pny w czterech ods\u0142onach z r\u00f3\u017cnymi kolorami materacykaSIEDZISKO SPACEROWE:Mo\u017cliwo\u015b\u0107 monta\u017cu spacer\u00f3wki przodem lub ty\u0142em do kierunku jazdy. Posiada regulacje podn\u00f3\u017cka jak i regulacj\u0119 oparcia. [&hellip;]<\/p>\n","protected":false},"featured_media":6801,"comment_status":"closed","ping_status":"open","template":"","meta":[],"product_cat":[1503,71],"product_tag":[622,656,620],"class_list":["post-6800","product","type-product","status-publish","has-post-thumbnail","hentry","product_cat-milu-kids","product_cat-wozki-spacerowe","product_tag-fajne-zagadki","product_tag-kolorowanki-lol","product_tag-quiz-opowiesci-z-narnii"],"_links":{"self":[{"href":"http:\/\/klubmamgdynia.pl\/index.php\/wp-json\/wp\/v2\/product\/6800","targetHints":{"allow":["GET"]}}],"collection":[{"href":"http:\/\/klubmamgdynia.pl\/index.php\/wp-json\/wp\/v2\/product"}],"about":[{"href":"http:\/\/klubmamgdynia.pl\/index.php\/wp-json\/wp\/v2\/types\/product"}],"replies":[{"embeddable":true,"href":"http:\/\/klubmamgdynia.pl\/index.php\/wp-json\/wp\/v2\/comments?post=6800"}],"wp:featuredmedia":[{"embeddable":true,"href":"http:\/\/klubmamgdynia.pl\/index.php\/wp-json\/wp\/v2\/media\/6801"}],"wp:attachment":[{"href":"http:\/\/klubmamgdynia.pl\/index.php\/wp-json\/wp\/v2\/media?parent=6800"}],"wp:term":[{"taxonomy":"product_cat","embeddable":true,"href":"http:\/\/klubmamgdynia.pl\/index.php\/wp-json\/wp\/v2\/product_cat?post=6800"},{"taxonomy":"product_tag","embeddable":true,"href":"http:\/\/klubmamgdynia.pl\/index.php\/wp-json\/wp\/v2\/product_tag?post=6800"}],"curies":[{"name":"wp","href":"https:\/\/api.w.org\/{rel}","templated":true}]}}