{"id":6806,"date":"2022-12-28T05:14:44","date_gmt":"2022-12-28T04:14:44","guid":{"rendered":"http:\/\/klubmamgdynia.pl\/?post_type=product&#038;p=6806"},"modified":"2026-04-04T01:30:48","modified_gmt":"2026-04-03T23:30:48","slug":"madej-mata-wodna-zraszacz-delfinek-004453","status":"publish","type":"product","link":"http:\/\/klubmamgdynia.pl\/index.php\/produkt\/madej-mata-wodna-zraszacz-delfinek-004453\/","title":{"rendered":"Madej Mata wodna Zraszacz &#8222;Delfinek&#8221; 004453"},"content":{"rendered":"<p>Spos\u00f3b zabawy:Pod\u0142\u0105cz mat\u0119 do zewn\u0119trznego w\u0119\u017ca ogrodowego. Dostosuj ci\u015bnienie wody, aby obnizy\u0107 lub zwi\u0119kszy\u0107 wysoko\u015b\u0107 natrysku. Po nape\u0142nieniu obr\u0119czy wod\u0105 tryskacze zaczynaj\u0105 dzia\u0142a\u0107.\u015arodki ostro\u017cno\u015bci:Umie\u015b\u0107 mat\u0119 na mi\u0119kkiej powierzchni (np. trawie). Nie k\u0142ad\u017a maty na twardej powierzchni (np. betonie). Unikaj uzywania przy silnym wietrze. Nie podno\u015b, nie przesuwaj maty gdy jest wype\u0142niona wod\u0105, poniewa\u017c ci\u0119\u017car wody mo\u017ce spowodowa\u0107 jej p\u0119kni\u0119cie.Wymiary opakowania (cm): 18 x 20 x 3\u015arednica maty: ok. 168 cmWiek: 3+<\/p>\n<h2>Madej Mata wodna Zraszacz &#8222;Delfinek&#8221; 004453 Madej<\/h2>\n<p>leon imi\u0119, kolorowanki lego friends, zagadki o wiosnie, lato lato lato czeka, co kupi\u0107 nastolatkowi, wszystkie flagi \u015bwiata quiz, karaluchy pod poduchy, gdzie nad wod\u0119 ko\u0142o warszawy, nowe quizy do rozwi\u0105zania, pomysl na prezent na roczek, malowanki \u015bwi\u0105teczne, alfons, pa\u0144stwa europy i ich stolice quiz, imie gaja, mitologia grecka test wiedzy, zagadki zagadki, gad\u017cety dla nastolatka<\/p>\n<p>yyyyy<\/p>\n<p>&nbsp;<\/p>\n","protected":false},"excerpt":{"rendered":"<p>Spos\u00f3b zabawy:Pod\u0142\u0105cz mat\u0119 do zewn\u0119trznego w\u0119\u017ca ogrodowego. Dostosuj ci\u015bnienie wody, aby obnizy\u0107 lub zwi\u0119kszy\u0107 wysoko\u015b\u0107 natrysku. Po nape\u0142nieniu obr\u0119czy wod\u0105 tryskacze zaczynaj\u0105 dzia\u0142a\u0107.\u015arodki ostro\u017cno\u015bci:Umie\u015b\u0107 mat\u0119 na mi\u0119kkiej powierzchni (np. trawie). Nie k\u0142ad\u017a maty na twardej powierzchni (np. betonie). Unikaj uzywania przy silnym wietrze. Nie podno\u015b, nie przesuwaj maty gdy jest wype\u0142niona wod\u0105, poniewa\u017c ci\u0119\u017car wody [&hellip;]<\/p>\n","protected":false},"featured_media":6807,"comment_status":"closed","ping_status":"open","template":"","meta":[],"product_cat":[70,518],"product_tag":[752,637,842],"class_list":["post-6806","product","type-product","status-publish","has-post-thumbnail","hentry","product_cat-madej","product_cat-zabawki-wodne","product_tag-kuba-imie","product_tag-niech-zyja-wakacje-tekst","product_tag-plac-zabaw-poznan"],"_links":{"self":[{"href":"http:\/\/klubmamgdynia.pl\/index.php\/wp-json\/wp\/v2\/product\/6806","targetHints":{"allow":["GET"]}}],"collection":[{"href":"http:\/\/klubmamgdynia.pl\/index.php\/wp-json\/wp\/v2\/product"}],"about":[{"href":"http:\/\/klubmamgdynia.pl\/index.php\/wp-json\/wp\/v2\/types\/product"}],"replies":[{"embeddable":true,"href":"http:\/\/klubmamgdynia.pl\/index.php\/wp-json\/wp\/v2\/comments?post=6806"}],"wp:featuredmedia":[{"embeddable":true,"href":"http:\/\/klubmamgdynia.pl\/index.php\/wp-json\/wp\/v2\/media\/6807"}],"wp:attachment":[{"href":"http:\/\/klubmamgdynia.pl\/index.php\/wp-json\/wp\/v2\/media?parent=6806"}],"wp:term":[{"taxonomy":"product_cat","embeddable":true,"href":"http:\/\/klubmamgdynia.pl\/index.php\/wp-json\/wp\/v2\/product_cat?post=6806"},{"taxonomy":"product_tag","embeddable":true,"href":"http:\/\/klubmamgdynia.pl\/index.php\/wp-json\/wp\/v2\/product_tag?post=6806"}],"curies":[{"name":"wp","href":"https:\/\/api.w.org\/{rel}","templated":true}]}}