{"id":6808,"date":"2011-03-31T19:27:26","date_gmt":"2011-03-31T17:27:26","guid":{"rendered":"http:\/\/klubmamgdynia.pl\/index.php\/produkt\/rex-london-mini-puzzle-48el-dinozaury\/"},"modified":"2026-04-20T09:26:46","modified_gmt":"2026-04-20T07:26:46","slug":"rex-london-mini-puzzle-48el-dinozaury","status":"publish","type":"product","link":"http:\/\/klubmamgdynia.pl\/index.php\/produkt\/rex-london-mini-puzzle-48el-dinozaury\/","title":{"rendered":"Rex London Mini Puzzle 48El. Dinozaury"},"content":{"rendered":"<p>48-elementowe puzzle w opakowaniu wielko\u015bci pude\u0142ka od zapa\u0142ek. Bez problemu miesz\u0105 si\u0119 w ma\u0142ej torebce lub kieszeni kurtki.Czego uczy uk\u0142adanie puzzli od Rex London?Wytrwa\u0142o\u015bci w d\u0105\u017ceniu do celuCierpliwo\u015bci i koncentracjiPrecyzji ruch\u00f3w (motoryki ma\u0142ej)Wsp\u00f3\u0142pracyZach\u0119ca do snucia opowie\u015bci zawieraj\u0105cej motywy z uk\u0142adankiParametry techniczne:Zawarto\u015b\u0107 zestawu: kolorowa plansza z kompletn\u0105 uk\u0142adank\u0105 w pude\u0142kuMateria\u0142 puzzli: kartonMateria\u0142 opakowania (pude\u0142ka): kartonWymiary produktu: szeroko\u015b\u0107: 12 cm, d\u0142ugo\u015b\u0107: 17 cm, wysoko\u015b\u0107: 1 cm, waga: 24 gWymiary opakowania: szeroko\u015b\u0107: 7,1 cm, d\u0142ugo\u015b\u0107: 10 cm, wysoko\u015b\u0107: 2,5 cm, waga: 43 gOstrze\u017cenia (!)Uwaga!Zabawka nieodpowiednia dla dzieci poni\u017cej 3 lat. Ze wzgl\u0119du na ma\u0142e elementy grozi zad\u0142awieniem<\/p>\n<h2>Rex London Mini Puzzle 48El. Dinozaury Rex London<\/h2>\n<p>test z lektury opowie\u015bci z narnii lew czarownica i stara szafa, bajka o kreciku, laurka dla mamy rysunek, kolorowanki do druku, stare piosenki, dzie\u0144 pluszowego misia, test z lektury miko\u0142ajek do druku, adriana imie, litera r do druku, co kupic na roczek, kolorowanka my little pony, gaja imi\u0119, impreza halloween 2021 dla dzieci, minecraft quiz, prezenty dla nastolatk\u00f3w, pomysl na prezent na roczek, maski superbohater\u00f3w do wydrukowania<\/p>\n<p>yyyyy<\/p>\n<p>&nbsp;<\/p>\n","protected":false},"excerpt":{"rendered":"<p>48-elementowe puzzle w opakowaniu wielko\u015bci pude\u0142ka od zapa\u0142ek. Bez problemu miesz\u0105 si\u0119 w ma\u0142ej torebce lub kieszeni kurtki.Czego uczy uk\u0142adanie puzzli od Rex London?Wytrwa\u0142o\u015bci w d\u0105\u017ceniu do celuCierpliwo\u015bci i koncentracjiPrecyzji ruch\u00f3w (motoryki ma\u0142ej)Wsp\u00f3\u0142pracyZach\u0119ca do snucia opowie\u015bci zawieraj\u0105cej motywy z uk\u0142adankiParametry techniczne:Zawarto\u015b\u0107 zestawu: kolorowa plansza z kompletn\u0105 uk\u0142adank\u0105 w pude\u0142kuMateria\u0142 puzzli: kartonMateria\u0142 opakowania (pude\u0142ka): kartonWymiary produktu: [&hellip;]<\/p>\n","protected":false},"featured_media":6809,"comment_status":"closed","ping_status":"open","template":"","meta":[],"product_cat":[90,259],"product_tag":[723,773,623],"class_list":["post-6808","product","type-product","status-publish","has-post-thumbnail","hentry","product_cat-puzzle","product_cat-rex-london","product_tag-krotkie-bajki-do-czytania-na-dobranoc","product_tag-test-z-lektury-opowiesci-z-narnii-lew-czarownica-i-stara-szafa","product_tag-zagadki-logiczne-smieszne"],"_links":{"self":[{"href":"http:\/\/klubmamgdynia.pl\/index.php\/wp-json\/wp\/v2\/product\/6808","targetHints":{"allow":["GET"]}}],"collection":[{"href":"http:\/\/klubmamgdynia.pl\/index.php\/wp-json\/wp\/v2\/product"}],"about":[{"href":"http:\/\/klubmamgdynia.pl\/index.php\/wp-json\/wp\/v2\/types\/product"}],"replies":[{"embeddable":true,"href":"http:\/\/klubmamgdynia.pl\/index.php\/wp-json\/wp\/v2\/comments?post=6808"}],"wp:featuredmedia":[{"embeddable":true,"href":"http:\/\/klubmamgdynia.pl\/index.php\/wp-json\/wp\/v2\/media\/6809"}],"wp:attachment":[{"href":"http:\/\/klubmamgdynia.pl\/index.php\/wp-json\/wp\/v2\/media?parent=6808"}],"wp:term":[{"taxonomy":"product_cat","embeddable":true,"href":"http:\/\/klubmamgdynia.pl\/index.php\/wp-json\/wp\/v2\/product_cat?post=6808"},{"taxonomy":"product_tag","embeddable":true,"href":"http:\/\/klubmamgdynia.pl\/index.php\/wp-json\/wp\/v2\/product_tag?post=6808"}],"curies":[{"name":"wp","href":"https:\/\/api.w.org\/{rel}","templated":true}]}}