{"id":6810,"date":"2020-10-31T21:42:45","date_gmt":"2020-10-31T20:42:45","guid":{"rendered":"http:\/\/klubmamgdynia.pl\/index.php\/produkt\/czytaj-z-albikiem-etui-silikonowe-na-pioro-albik-niebieski\/"},"modified":"2026-04-20T15:25:05","modified_gmt":"2026-04-20T13:25:05","slug":"czytaj-z-albikiem-etui-silikonowe-na-pioro-albik-niebieski","status":"publish","type":"product","link":"http:\/\/klubmamgdynia.pl\/index.php\/produkt\/czytaj-z-albikiem-etui-silikonowe-na-pioro-albik-niebieski\/","title":{"rendered":"Czytaj z Albikiem. Etui silikonowe na pi\u00f3ro Albik &#8211; Niebieski"},"content":{"rendered":"<p>Silikownowe etui pozwoli aby elektroniczne pi\u00f3r Albik by\u0142o bezpieczne przed upadkami i zadrapaniami. A mo\u017ce chcesz zmieni\u0107 jego wygl\u0105d, lub zas\u0142oni\u0107 miganie? W ka\u017cdym przypadku kolorowe silikonowe etui zapewni ochron\u0119 przed uszkodzeniami zewn\u0119trznymi! Do wyboru masz 5 wariant\u00f3w kolorystycznych: niebieski, r\u00f3\u017cowy, zielony, \u017c\u00f3\u0142ty i fioletowy.<\/p>\n<h2>Czytaj z Albikiem. Etui silikonowe na pi\u00f3ro Albik &#8211; Niebieski Albi<\/h2>\n<p>zadania dla 7 latka do druku, roczek prezent, nauka pisania literek do wydruku pdf, wzory zaprosze\u0144 zaproszenie na urodziny szablon do druku, kucyki pony kolorowanka, harry potter kolorowanka, malowanki piesek, kolorowanki na dzie\u0144 mamy, quizy dla dzieci 10 lat, kolorowanki wakacje, quiz minecraft, kolorowanka kotki, place zabaw warszawa, na roczek dla dziewczynki, ciasteczka na halloween dla dzieci, kr\u00f3tkie czytanki dla dzieci do wydruku, rysunki do druku, prezent dla nastolatk\u00f3w, wiersze o wakacjach, cytaty o dzieci\u0144stwie<\/p>\n<p>yyyyy<\/p>\n<p>&nbsp;<\/p>\n","protected":false},"excerpt":{"rendered":"<p>Silikownowe etui pozwoli aby elektroniczne pi\u00f3r Albik by\u0142o bezpieczne przed upadkami i zadrapaniami. A mo\u017ce chcesz zmieni\u0107 jego wygl\u0105d, lub zas\u0142oni\u0107 miganie? W ka\u017cdym przypadku kolorowe silikonowe etui zapewni ochron\u0119 przed uszkodzeniami zewn\u0119trznymi! Do wyboru masz 5 wariant\u00f3w kolorystycznych: niebieski, r\u00f3\u017cowy, zielony, \u017c\u00f3\u0142ty i fioletowy. Czytaj z Albikiem. Etui silikonowe na pi\u00f3ro Albik &#8211; Niebieski [&hellip;]<\/p>\n","protected":false},"featured_media":6811,"comment_status":"closed","ping_status":"open","template":"","meta":[],"product_cat":[1504,482],"product_tag":[797,749,631,771,757,592],"class_list":["post-6810","product","type-product","status-publish","has-post-thumbnail","hentry","product_cat-albi","product_cat-gadzety","product_tag-kiekrz","product_tag-najlepsze-zarty-na-prima-aprilis","product_tag-prezent-na-roczek","product_tag-stolice-europy-quiz","product_tag-test-z-lektury-ania-z-zielonego-wzgorza-klasa-6-z-odpowiedziami","product_tag-zagadki-dla-dzieci"],"_links":{"self":[{"href":"http:\/\/klubmamgdynia.pl\/index.php\/wp-json\/wp\/v2\/product\/6810","targetHints":{"allow":["GET"]}}],"collection":[{"href":"http:\/\/klubmamgdynia.pl\/index.php\/wp-json\/wp\/v2\/product"}],"about":[{"href":"http:\/\/klubmamgdynia.pl\/index.php\/wp-json\/wp\/v2\/types\/product"}],"replies":[{"embeddable":true,"href":"http:\/\/klubmamgdynia.pl\/index.php\/wp-json\/wp\/v2\/comments?post=6810"}],"wp:featuredmedia":[{"embeddable":true,"href":"http:\/\/klubmamgdynia.pl\/index.php\/wp-json\/wp\/v2\/media\/6811"}],"wp:attachment":[{"href":"http:\/\/klubmamgdynia.pl\/index.php\/wp-json\/wp\/v2\/media?parent=6810"}],"wp:term":[{"taxonomy":"product_cat","embeddable":true,"href":"http:\/\/klubmamgdynia.pl\/index.php\/wp-json\/wp\/v2\/product_cat?post=6810"},{"taxonomy":"product_tag","embeddable":true,"href":"http:\/\/klubmamgdynia.pl\/index.php\/wp-json\/wp\/v2\/product_tag?post=6810"}],"curies":[{"name":"wp","href":"https:\/\/api.w.org\/{rel}","templated":true}]}}