{"id":6812,"date":"2024-03-30T08:57:43","date_gmt":"2024-03-30T07:57:43","guid":{"rendered":"http:\/\/klubmamgdynia.pl\/?post_type=product&#038;p=6812"},"modified":"2026-05-17T22:23:16","modified_gmt":"2026-05-17T20:23:16","slug":"vulli-myszka-josephine-300194","status":"publish","type":"product","link":"http:\/\/klubmamgdynia.pl\/index.php\/produkt\/vulli-myszka-josephine-300194\/","title":{"rendered":"Vulli Myszka Jos\u00e9phine 300194"},"content":{"rendered":"<p>VULLI Myszka Jos\u00e9phineOpis:Zapoznaj si\u0119 z\u00a0nowymi przyjaci\u00f3\u0142mi \u017cyrafy Sophie\u00a0\u2013 z\u00a0zabawkami,kt\u00f3re stymuluj\u0105 wszystkie zmys\u0142y dziecka!Smak: Zabawka wykonana jest z\u00a0elastycznego tworzywa. Jestmi\u0119kka ma wiele cz\u0119\u015bci przeznaczonych do gryzienia, jest wi\u0119c idealn\u0105pomoc\u0105, kt\u00f3ra uspokoi i\u00a0z\u0142agodzi b\u00f3l dzi\u0105se\u0142 podczas z\u0105bkowania. Zabawkawykonana z\u00a0w 100% naturalnej gumy, jest wi\u0119c ca\u0142kowicie bezpieczna.S\u0142uch: Zabawka zawiera piszcza\u0142k\u0119, kt\u00f3ra jest nie tylko\u017ar\u00f3d\u0142em zabawy, ale r\u00f3wnie\u017c stymuluje s\u0142uch dziecka i\u00a0pomaga mu wzrozumieniu zale\u017cno\u015bci pomi\u0119dzy przyczyn\u0105 a skutkiem.Dotyk: Zabawka jest lekka i\u00a0doskonale przystosowana dodrobnych r\u0105czek dziecka, kt\u00f3re mo\u017ce j\u0105 \u0142atwo chwyci\u0107. G\u0142adko\u015b\u0107 zabawkiprzypomina delikatn\u0105 sk\u00f3r\u0119 mamy, dlatego wywo\u0142uje u\u00a0dziecka poczuciebezpiecze\u0144stwa, stanowi\u0105c \u017ar\u00f3d\u0142o fizjologicznych i\u00a0emocjonalnychreakcji.W\u0119ch: Specyficzny zapach naturalnego kauczuku pozwaladziecku na \u0142atwe zidentyfikowanie zabawki i\u00a0odr\u00f3\u017cnienie jej od innych.Wzrok: Jasne, kontrastowe barwy przyci\u0105gaj\u0105 uwag\u0119dziecka. Stanie si\u0119 wi\u0119c rozpoznawalnym dla dziecka przedmiotem, kt\u00f3ry \u0142atwopozna i\u00a0zidentyfikuje.<\/p>\n<h2>Vulli Myszka Jos\u00e9phine 300194 Vulli<\/h2>\n<p>kolorowanka traktor, otto, kolorowanka kotka, ninjago kolorowanki, kolorowe listki, \u0142amig\u0142\u00f3wki dla dzieci do wydruku, mi\u0142osz imie, zagadki na myslenie, myszka minnie kolorowanka, prezent dla 1 latka, u\u015bmiech dziecka wiersz, podchwytliwe zagadki dla dzieci, piosenka dla taty przedszkole, zagadki o lesie, w zieleni \u0142\u0105ka majowa tekst, kira imi\u0119, atrakcje dla dzieci tr\u00f3jmiasto, jak namalowa\u0107 kota<\/p>\n<p>yyyyy<\/p>\n<p>&nbsp;<\/p>\n","protected":false},"excerpt":{"rendered":"<p>VULLI Myszka Jos\u00e9phineOpis:Zapoznaj si\u0119 z\u00a0nowymi przyjaci\u00f3\u0142mi \u017cyrafy Sophie\u00a0\u2013 z\u00a0zabawkami,kt\u00f3re stymuluj\u0105 wszystkie zmys\u0142y dziecka!Smak: Zabawka wykonana jest z\u00a0elastycznego tworzywa. Jestmi\u0119kka ma wiele cz\u0119\u015bci przeznaczonych do gryzienia, jest wi\u0119c idealn\u0105pomoc\u0105, kt\u00f3ra uspokoi i\u00a0z\u0142agodzi b\u00f3l dzi\u0105se\u0142 podczas z\u0105bkowania. Zabawkawykonana z\u00a0w 100% naturalnej gumy, jest wi\u0119c ca\u0142kowicie bezpieczna.S\u0142uch: Zabawka zawiera piszcza\u0142k\u0119, kt\u00f3ra jest nie tylko\u017ar\u00f3d\u0142em zabawy, ale r\u00f3wnie\u017c stymuluje [&hellip;]<\/p>\n","protected":false},"featured_media":6813,"comment_status":"closed","ping_status":"open","template":"","meta":[],"product_cat":[63,1489],"product_tag":[837,667,640,823,713],"class_list":["post-6812","product","type-product","status-publish","has-post-thumbnail","hentry","product_cat-grzechotki-i-gryzaki","product_cat-vulli","product_tag-cicha-noc-po-angielsku","product_tag-kolorowanka-lol","product_tag-prezent-dla-rocznej-dziewczynki","product_tag-zagadki-dla-dzieci-7-lat","product_tag-zagadki-logiczne-z-odpowiedziami"],"_links":{"self":[{"href":"http:\/\/klubmamgdynia.pl\/index.php\/wp-json\/wp\/v2\/product\/6812","targetHints":{"allow":["GET"]}}],"collection":[{"href":"http:\/\/klubmamgdynia.pl\/index.php\/wp-json\/wp\/v2\/product"}],"about":[{"href":"http:\/\/klubmamgdynia.pl\/index.php\/wp-json\/wp\/v2\/types\/product"}],"replies":[{"embeddable":true,"href":"http:\/\/klubmamgdynia.pl\/index.php\/wp-json\/wp\/v2\/comments?post=6812"}],"wp:featuredmedia":[{"embeddable":true,"href":"http:\/\/klubmamgdynia.pl\/index.php\/wp-json\/wp\/v2\/media\/6813"}],"wp:attachment":[{"href":"http:\/\/klubmamgdynia.pl\/index.php\/wp-json\/wp\/v2\/media?parent=6812"}],"wp:term":[{"taxonomy":"product_cat","embeddable":true,"href":"http:\/\/klubmamgdynia.pl\/index.php\/wp-json\/wp\/v2\/product_cat?post=6812"},{"taxonomy":"product_tag","embeddable":true,"href":"http:\/\/klubmamgdynia.pl\/index.php\/wp-json\/wp\/v2\/product_tag?post=6812"}],"curies":[{"name":"wp","href":"https:\/\/api.w.org\/{rel}","templated":true}]}}