{"id":6814,"date":"2023-05-19T06:35:42","date_gmt":"2023-05-19T04:35:42","guid":{"rendered":"http:\/\/klubmamgdynia.pl\/?post_type=product&#038;p=6814"},"modified":"2026-04-06T06:22:18","modified_gmt":"2026-04-06T04:22:18","slug":"cotti-motti-mis-oscar-friends-edition","status":"publish","type":"product","link":"http:\/\/klubmamgdynia.pl\/index.php\/produkt\/cotti-motti-mis-oscar-friends-edition\/","title":{"rendered":"Cotti Motti Mi\u015b Oscar Friends Edition"},"content":{"rendered":"<p>Cotti Motti Mi\u015b Oscar &#8211; Friends Edition Charakterystyka pi\u0119knie wykonany z naturalnych materia\u0142\u00f3w bezpieczny dla najm\u0142odszych dzieci dba\u0142o\u015b\u0107 o ka\u017cdy szczeg\u00f3\u0142 ubranka mo\u017cna zdejmowa\u0107 estetyczne pude\u0142ko W zestawie maskotka ubranka pude\u0142ko idealne na prezent Wymiary wysoko\u015b\u0107 maskotki: 29 cm wymiary opakowania: 38 cm x 15 cm x 11 cm Zabawka przeznaczona dla dzieci od 0 roku \u017cycia. Posiada atest CE. Pra\u0107 r\u0119cznie w temperaturze 30 stopni CM07-07<\/p>\n<h2>Cotti Motti Mi\u015b Oscar Friends Edition <\/h2>\n<p>po \u0142\u0105ce biega lato tekst, audiobooki dla dzieci za darmo, wycinanki puzzle do druku, quiz o zwierz\u0119tach domowych, prezent na roczek dziewczynka, maurycy, prezent na roczek od babci, znaczenie imiona dawid, zagadki dla 9 latk\u00f3w, pierwsze urodziny prezent na roczek dla ch\u0142opca, prezent dla pi\u0119tnastolatka<\/p>\n<p>yyyyy<\/p>\n<p>&nbsp;<\/p>\n","protected":false},"excerpt":{"rendered":"<p>Cotti Motti Mi\u015b Oscar &#8211; Friends Edition Charakterystyka pi\u0119knie wykonany z naturalnych materia\u0142\u00f3w bezpieczny dla najm\u0142odszych dzieci dba\u0142o\u015b\u0107 o ka\u017cdy szczeg\u00f3\u0142 ubranka mo\u017cna zdejmowa\u0107 estetyczne pude\u0142ko W zestawie maskotka ubranka pude\u0142ko idealne na prezent Wymiary wysoko\u015b\u0107 maskotki: 29 cm wymiary opakowania: 38 cm x 15 cm x 11 cm Zabawka przeznaczona dla dzieci od 0 [&hellip;]<\/p>\n","protected":false},"featured_media":6815,"comment_status":"closed","ping_status":"open","template":"","meta":[],"product_cat":[42],"product_tag":[834,825,851,735,757,778],"class_list":["post-6814","product","type-product","status-publish","has-post-thumbnail","hentry","product_cat-maskotki","product_tag-bajka-do-czytania-na-dobranoc","product_tag-bajka-na-dobranoc-do-czytania","product_tag-jak-narysowac-kota","product_tag-prezent-na-roczek-dziewczynka","product_tag-test-z-lektury-ania-z-zielonego-wzgorza-klasa-6-z-odpowiedziami","product_tag-zabawki-na-roczek-dla-chlopca"],"_links":{"self":[{"href":"http:\/\/klubmamgdynia.pl\/index.php\/wp-json\/wp\/v2\/product\/6814","targetHints":{"allow":["GET"]}}],"collection":[{"href":"http:\/\/klubmamgdynia.pl\/index.php\/wp-json\/wp\/v2\/product"}],"about":[{"href":"http:\/\/klubmamgdynia.pl\/index.php\/wp-json\/wp\/v2\/types\/product"}],"replies":[{"embeddable":true,"href":"http:\/\/klubmamgdynia.pl\/index.php\/wp-json\/wp\/v2\/comments?post=6814"}],"wp:featuredmedia":[{"embeddable":true,"href":"http:\/\/klubmamgdynia.pl\/index.php\/wp-json\/wp\/v2\/media\/6815"}],"wp:attachment":[{"href":"http:\/\/klubmamgdynia.pl\/index.php\/wp-json\/wp\/v2\/media?parent=6814"}],"wp:term":[{"taxonomy":"product_cat","embeddable":true,"href":"http:\/\/klubmamgdynia.pl\/index.php\/wp-json\/wp\/v2\/product_cat?post=6814"},{"taxonomy":"product_tag","embeddable":true,"href":"http:\/\/klubmamgdynia.pl\/index.php\/wp-json\/wp\/v2\/product_tag?post=6814"}],"curies":[{"name":"wp","href":"https:\/\/api.w.org\/{rel}","templated":true}]}}