{"id":6816,"date":"2014-01-06T12:38:11","date_gmt":"2014-01-06T11:38:11","guid":{"rendered":"http:\/\/klubmamgdynia.pl\/index.php\/produkt\/rebel-gra-terraformacja-marsa-ekspedycja-ares-zestaw-dodatkowy-1-gxp810503\/"},"modified":"2026-04-30T00:53:51","modified_gmt":"2026-04-29T22:53:51","slug":"rebel-gra-terraformacja-marsa-ekspedycja-ares-zestaw-dodatkowy-1-gxp810503","status":"publish","type":"product","link":"http:\/\/klubmamgdynia.pl\/index.php\/produkt\/rebel-gra-terraformacja-marsa-ekspedycja-ares-zestaw-dodatkowy-1-gxp810503\/","title":{"rendered":"Rebel Gra Terraformacja Marsa: Ekspedycja Ares zestaw dodatkowy #1 (GXP810503)"},"content":{"rendered":"<p>Jeszcze wi\u0119cej kart, wp\u0142ywaj\u0105cych na nasz\u0105 rozgrywk\u0119 w Terraformacja Marsa: Ekspedycja Ares! Inwestuj w ciekawe projekty, rozwijaj si\u0119 w nieznanych dot\u0105d kierunkach i jeszcze mocniej okre\u015blaj swoj\u0105 strategi\u0119 dzi\u0119ki interesuj\u0105cym korporacjom!<\/p>\n<h2>Rebel Gra Terraformacja Marsa: Ekspedycja Ares zestaw dodatkowy #1 (GXP810503) Rebel<\/h2>\n<p>karty pracy dla dzieci z ukrainy, literki do pisania, cytat z ma\u0142ego ksi\u0119cia o przyja\u017ani, kajko i kokosz szko\u0142a latania test z odpowiedziami, rysowanie po \u015bladzie pdf, test z lektury dynastia mizio\u0142k\u00f3w, pies kolorowanka, zagadki dla dzieci 10 12 lat z odpowiedziami, zagadki co to jest, jak narysowa\u0107 oko, pomys\u0142 na prezent dla nastolatki, alfons, literki do nauki pisania do druku, zagadki dla m\u0142odzie\u017cy, rodzina cytaty<\/p>\n<p>yyyyy<\/p>\n<p>&nbsp;<\/p>\n","protected":false},"excerpt":{"rendered":"<p>Jeszcze wi\u0119cej kart, wp\u0142ywaj\u0105cych na nasz\u0105 rozgrywk\u0119 w Terraformacja Marsa: Ekspedycja Ares! Inwestuj w ciekawe projekty, rozwijaj si\u0119 w nieznanych dot\u0105d kierunkach i jeszcze mocniej okre\u015blaj swoj\u0105 strategi\u0119 dzi\u0119ki interesuj\u0105cym korporacjom! Rebel Gra Terraformacja Marsa: Ekspedycja Ares zestaw dodatkowy #1 (GXP810503) Rebel karty pracy dla dzieci z ukrainy, literki do pisania, cytat z ma\u0142ego ksi\u0119cia [&hellip;]<\/p>\n","protected":false},"featured_media":6817,"comment_status":"closed","ping_status":"open","template":"","meta":[],"product_cat":[90,219],"product_tag":[650,866,764,803],"class_list":["post-6816","product","type-product","status-publish","has-post-thumbnail","hentry","product_cat-puzzle","product_cat-rebel","product_tag-choinka-z-bibuly","product_tag-opis-do-zdjecia-dziecka-na-fb","product_tag-prezenty-na-roczek-dla-dziewczynki","product_tag-szlaczki-do-druku"],"_links":{"self":[{"href":"http:\/\/klubmamgdynia.pl\/index.php\/wp-json\/wp\/v2\/product\/6816","targetHints":{"allow":["GET"]}}],"collection":[{"href":"http:\/\/klubmamgdynia.pl\/index.php\/wp-json\/wp\/v2\/product"}],"about":[{"href":"http:\/\/klubmamgdynia.pl\/index.php\/wp-json\/wp\/v2\/types\/product"}],"replies":[{"embeddable":true,"href":"http:\/\/klubmamgdynia.pl\/index.php\/wp-json\/wp\/v2\/comments?post=6816"}],"wp:featuredmedia":[{"embeddable":true,"href":"http:\/\/klubmamgdynia.pl\/index.php\/wp-json\/wp\/v2\/media\/6817"}],"wp:attachment":[{"href":"http:\/\/klubmamgdynia.pl\/index.php\/wp-json\/wp\/v2\/media?parent=6816"}],"wp:term":[{"taxonomy":"product_cat","embeddable":true,"href":"http:\/\/klubmamgdynia.pl\/index.php\/wp-json\/wp\/v2\/product_cat?post=6816"},{"taxonomy":"product_tag","embeddable":true,"href":"http:\/\/klubmamgdynia.pl\/index.php\/wp-json\/wp\/v2\/product_tag?post=6816"}],"curies":[{"name":"wp","href":"https:\/\/api.w.org\/{rel}","templated":true}]}}