{"id":682,"date":"2011-09-14T19:29:27","date_gmt":"2011-09-14T17:29:27","guid":{"rendered":"http:\/\/klubmamgdynia.pl\/index.php\/produkt\/mam-baby-smoczek-uspokajajacy-night-rozowy-kot-2-6m\/"},"modified":"2026-05-17T22:49:40","modified_gmt":"2026-05-17T20:49:40","slug":"mam-baby-smoczek-uspokajajacy-night-rozowy-kot-2-6m","status":"publish","type":"product","link":"http:\/\/klubmamgdynia.pl\/index.php\/produkt\/mam-baby-smoczek-uspokajajacy-night-rozowy-kot-2-6m\/","title":{"rendered":"Mam Baby Smoczek Uspokajaj\u0105cy Night R\u00f3\u017c\u00f3wy Kot 2-6M"},"content":{"rendered":"<p>Uspokajaj\u0105cy smoczek MAM Night \u015bwieci w ciemno\u015bciach, dzi\u0119ki czemu w \u0142atwy spos\u00f3b mo\u017cna znale\u017a\u0107 go w \u0142\u00f3\u017ceczku maluszka w nocy, bez potrzeby w\u0142\u0105czania \u015bwiat\u0142a. Ma\u0142a tarczka smoczka jest dobrze dopasowana do twarzy dziecka, a zawarte w niej du\u017ce otwory pozwalaj\u0105 na swobodny przep\u0142yw powietrza i zapobiega podra\u017cnieniom sk\u00f3ry. Ortodontyczny kszta\u0142t smoczka sprawia, \u017ce dostosowuje si\u0119 on do faz rozwoju i indywidualnie dopasowuje si\u0119 do buzi dziecka, pozostaj\u0105c zawsze we w\u0142a\u015bciwej pozycji.Cechy produktu:- jedwabistty silikon,- ma\u0142a i lekka tarczka,- funkcjonalny design.<\/p>\n<h2>Mam Baby Smoczek Uspokajaj\u0105cy Night R\u00f3\u017c\u00f3wy Kot 2-6M MAM<\/h2>\n<p>wiosna kolorowanka do druku, rymowanki o pisankach, co dla rocznego dziecka, prezent dla roczniaka, farma dyni poznan, szablony zimowe do wydruku, znaczenie imienia lilia, bajki dla dzieci za darmo, ma\u0142y ksi\u0105\u017c\u0119 cytaty o przyja\u017ani<\/p>\n<p>yyyyy<\/p>\n<p>&nbsp;<\/p>\n","protected":false},"excerpt":{"rendered":"<p>Uspokajaj\u0105cy smoczek MAM Night \u015bwieci w ciemno\u015bciach, dzi\u0119ki czemu w \u0142atwy spos\u00f3b mo\u017cna znale\u017a\u0107 go w \u0142\u00f3\u017ceczku maluszka w nocy, bez potrzeby w\u0142\u0105czania \u015bwiat\u0142a. Ma\u0142a tarczka smoczka jest dobrze dopasowana do twarzy dziecka, a zawarte w niej du\u017ce otwory pozwalaj\u0105 na swobodny przep\u0142yw powietrza i zapobiega podra\u017cnieniom sk\u00f3ry. Ortodontyczny kszta\u0142t smoczka sprawia, \u017ce dostosowuje si\u0119 [&hellip;]<\/p>\n","protected":false},"featured_media":683,"comment_status":"closed","ping_status":"open","template":"","meta":[],"product_cat":[233,255],"product_tag":[754,670,708,649],"class_list":["post-682","product","type-product","status-publish","has-post-thumbnail","hentry","product_cat-mam","product_cat-smoczki-uspokajajace","product_tag-dyplomy-do-wydrukowania-a4","product_tag-irma","product_tag-zabawy-ruchowe-dla-dzieci","product_tag-zagadki-dla-nastolatkow"],"_links":{"self":[{"href":"http:\/\/klubmamgdynia.pl\/index.php\/wp-json\/wp\/v2\/product\/682","targetHints":{"allow":["GET"]}}],"collection":[{"href":"http:\/\/klubmamgdynia.pl\/index.php\/wp-json\/wp\/v2\/product"}],"about":[{"href":"http:\/\/klubmamgdynia.pl\/index.php\/wp-json\/wp\/v2\/types\/product"}],"replies":[{"embeddable":true,"href":"http:\/\/klubmamgdynia.pl\/index.php\/wp-json\/wp\/v2\/comments?post=682"}],"wp:featuredmedia":[{"embeddable":true,"href":"http:\/\/klubmamgdynia.pl\/index.php\/wp-json\/wp\/v2\/media\/683"}],"wp:attachment":[{"href":"http:\/\/klubmamgdynia.pl\/index.php\/wp-json\/wp\/v2\/media?parent=682"}],"wp:term":[{"taxonomy":"product_cat","embeddable":true,"href":"http:\/\/klubmamgdynia.pl\/index.php\/wp-json\/wp\/v2\/product_cat?post=682"},{"taxonomy":"product_tag","embeddable":true,"href":"http:\/\/klubmamgdynia.pl\/index.php\/wp-json\/wp\/v2\/product_tag?post=682"}],"curies":[{"name":"wp","href":"https:\/\/api.w.org\/{rel}","templated":true}]}}