{"id":6820,"date":"2020-06-14T20:43:41","date_gmt":"2020-06-14T18:43:41","guid":{"rendered":"http:\/\/klubmamgdynia.pl\/index.php\/produkt\/joinco-karteczki-samoprzylepne\/"},"modified":"2026-04-27T17:42:07","modified_gmt":"2026-04-27T15:42:07","slug":"joinco-karteczki-samoprzylepne","status":"publish","type":"product","link":"http:\/\/klubmamgdynia.pl\/index.php\/produkt\/joinco-karteczki-samoprzylepne\/","title":{"rendered":"Joinco Karteczki Samoprzylepne"},"content":{"rendered":"<p>Zestaw karteczki samoprzylepne- 80 arkuszy z nadrukiem- idealne do robienia notatek i rysowania- z ciekawym wzorem- Notes jest nowy, oryginalnie zafoliowany.<\/p>\n<h2>Joinco Karteczki Samoprzylepne Joinco<\/h2>\n<p>kolorowanka do malowania farbami, gry dla nastolatk\u00f3w, karty pracy po ukrai\u0144sku, prezent dla dziecka na roczek, bajki do czytania psi patrol, dzie\u0144 pluszowego misia 2021, quiz flagi \u015bwiata, kawal na prima aprilis, kryspinow<\/p>\n<p>yyyyy<\/p>\n<p>&nbsp;<\/p>\n","protected":false},"excerpt":{"rendered":"<p>Zestaw karteczki samoprzylepne- 80 arkuszy z nadrukiem- idealne do robienia notatek i rysowania- z ciekawym wzorem- Notes jest nowy, oryginalnie zafoliowany. Joinco Karteczki Samoprzylepne Joinco kolorowanka do malowania farbami, gry dla nastolatk\u00f3w, karty pracy po ukrai\u0144sku, prezent dla dziecka na roczek, bajki do czytania psi patrol, dzie\u0144 pluszowego misia 2021, quiz flagi \u015bwiata, kawal na [&hellip;]<\/p>\n","protected":false},"featured_media":6821,"comment_status":"closed","ping_status":"open","template":"","meta":[],"product_cat":[330,325],"product_tag":[606,636,850],"class_list":["post-6820","product","type-product","status-publish","has-post-thumbnail","hentry","product_cat-joinco","product_cat-szkolne-artykuly-papiernicze","product_tag-stala-pod-sniegiem","product_tag-teksty-kolysanek","product_tag-wroclaw-atrakcje-dla-dzieci"],"_links":{"self":[{"href":"http:\/\/klubmamgdynia.pl\/index.php\/wp-json\/wp\/v2\/product\/6820","targetHints":{"allow":["GET"]}}],"collection":[{"href":"http:\/\/klubmamgdynia.pl\/index.php\/wp-json\/wp\/v2\/product"}],"about":[{"href":"http:\/\/klubmamgdynia.pl\/index.php\/wp-json\/wp\/v2\/types\/product"}],"replies":[{"embeddable":true,"href":"http:\/\/klubmamgdynia.pl\/index.php\/wp-json\/wp\/v2\/comments?post=6820"}],"wp:featuredmedia":[{"embeddable":true,"href":"http:\/\/klubmamgdynia.pl\/index.php\/wp-json\/wp\/v2\/media\/6821"}],"wp:attachment":[{"href":"http:\/\/klubmamgdynia.pl\/index.php\/wp-json\/wp\/v2\/media?parent=6820"}],"wp:term":[{"taxonomy":"product_cat","embeddable":true,"href":"http:\/\/klubmamgdynia.pl\/index.php\/wp-json\/wp\/v2\/product_cat?post=6820"},{"taxonomy":"product_tag","embeddable":true,"href":"http:\/\/klubmamgdynia.pl\/index.php\/wp-json\/wp\/v2\/product_tag?post=6820"}],"curies":[{"name":"wp","href":"https:\/\/api.w.org\/{rel}","templated":true}]}}