{"id":6822,"date":"2023-04-26T05:04:15","date_gmt":"2023-04-26T03:04:15","guid":{"rendered":"http:\/\/klubmamgdynia.pl\/?post_type=product&#038;p=6822"},"modified":"2026-04-23T07:13:39","modified_gmt":"2026-04-23T05:13:39","slug":"joinco-skladany-organizer-na-biurko","status":"publish","type":"product","link":"http:\/\/klubmamgdynia.pl\/index.php\/produkt\/joinco-skladany-organizer-na-biurko\/","title":{"rendered":"Joinco Sk\u0142adany Organizer Na Biurko"},"content":{"rendered":"<p>KAYET SK\u0141ADANY ORGANIZER NA BIURKO WOW20026Cechy produktu:- sk\u0142adany organizer na biurko,- 3 komory o r\u00f3\u017cnej wysoko\u015bci,- trzy pojemniki po\u0142\u0105czone w jeden praktyczny organizer,- pojemny, nie zajmuje du\u017co miejsca,- pomaga zachowa\u0107 porz\u0105dek na biurku,- wykonano z grubej tektury powlekanej,- dla dzieci powy\u017cej 3. roku \u017cycia,- certyfikat ekologiczny Der Gr\u00fcne Punkt,- certyfikat bezpiecze\u0144stwa i jako\u015bci CE,- uznany producent KAYET.<\/p>\n<h2>Joinco Sk\u0142adany Organizer Na Biurko Joinco<\/h2>\n<p>prezent na pierwsze urodziny, ry\u017c z owocami, transformers kolorowanka, szlaczki do druku, prezent dla rocznej dziewczynki, piosenka na dzie\u0144 nauczyciela przedszkole, zak\u0142adka do ksi\u0105\u017cki szablon, cytaty o dzieciach i rodzicach, pokemony do druku, warszawa atrakcje dla m\u0142odzie\u017cy, nietypowe imiona damskie, milan imi\u0119, szablony papierowe lalki do ubierania do wydruku, test z narnii lew czarownica i stara szafa, wakacyjne kolorowanki, znaczenie imienia julian, dobranoc pch\u0142y na noc, bajki dla dzieci za darmo<\/p>\n<p>yyyyy<\/p>\n<p>&nbsp;<\/p>\n","protected":false},"excerpt":{"rendered":"<p>KAYET SK\u0141ADANY ORGANIZER NA BIURKO WOW20026Cechy produktu:- sk\u0142adany organizer na biurko,- 3 komory o r\u00f3\u017cnej wysoko\u015bci,- trzy pojemniki po\u0142\u0105czone w jeden praktyczny organizer,- pojemny, nie zajmuje du\u017co miejsca,- pomaga zachowa\u0107 porz\u0105dek na biurku,- wykonano z grubej tektury powlekanej,- dla dzieci powy\u017cej 3. roku \u017cycia,- certyfikat ekologiczny Der Gr\u00fcne Punkt,- certyfikat bezpiecze\u0144stwa i jako\u015bci CE,- uznany [&hellip;]<\/p>\n","protected":false},"featured_media":6823,"comment_status":"closed","ping_status":"open","template":"","meta":[],"product_cat":[330,325],"product_tag":[817,722,745,743],"class_list":["post-6822","product","type-product","status-publish","has-post-thumbnail","hentry","product_cat-joinco","product_cat-szkolne-artykuly-papiernicze","product_tag-bajka-terapeutyczna-o-emocjach","product_tag-cytaty-o-przyjazni","product_tag-prezent-dla-15-latki","product_tag-quiz-dla-dzieci"],"_links":{"self":[{"href":"http:\/\/klubmamgdynia.pl\/index.php\/wp-json\/wp\/v2\/product\/6822","targetHints":{"allow":["GET"]}}],"collection":[{"href":"http:\/\/klubmamgdynia.pl\/index.php\/wp-json\/wp\/v2\/product"}],"about":[{"href":"http:\/\/klubmamgdynia.pl\/index.php\/wp-json\/wp\/v2\/types\/product"}],"replies":[{"embeddable":true,"href":"http:\/\/klubmamgdynia.pl\/index.php\/wp-json\/wp\/v2\/comments?post=6822"}],"wp:featuredmedia":[{"embeddable":true,"href":"http:\/\/klubmamgdynia.pl\/index.php\/wp-json\/wp\/v2\/media\/6823"}],"wp:attachment":[{"href":"http:\/\/klubmamgdynia.pl\/index.php\/wp-json\/wp\/v2\/media?parent=6822"}],"wp:term":[{"taxonomy":"product_cat","embeddable":true,"href":"http:\/\/klubmamgdynia.pl\/index.php\/wp-json\/wp\/v2\/product_cat?post=6822"},{"taxonomy":"product_tag","embeddable":true,"href":"http:\/\/klubmamgdynia.pl\/index.php\/wp-json\/wp\/v2\/product_tag?post=6822"}],"curies":[{"name":"wp","href":"https:\/\/api.w.org\/{rel}","templated":true}]}}