{"id":6824,"date":"2018-11-17T16:03:17","date_gmt":"2018-11-17T15:03:17","guid":{"rendered":"http:\/\/klubmamgdynia.pl\/index.php\/produkt\/twistshake-gryzak-dla-dzieci-na-zabkowanie-1m-white\/"},"modified":"2026-04-30T18:20:01","modified_gmt":"2026-04-30T16:20:01","slug":"twistshake-gryzak-dla-dzieci-na-zabkowanie-1m-white","status":"publish","type":"product","link":"http:\/\/klubmamgdynia.pl\/index.php\/produkt\/twistshake-gryzak-dla-dzieci-na-zabkowanie-1m-white\/","title":{"rendered":"Twistshake Gryzak Dla Dzieci Na Z\u0105bkowanie 1M White"},"content":{"rendered":"<p>Ju\u017c na pocz\u0105tku z\u0105bkowania zapewnij dziecku przyjemny masa\u017c sw\u0119dz\u0105cymi dzi\u0105s\u0142ami naszym gryzakiem. \u0141atwy do trzymania, wykonany z mi\u0119kkiego materia\u0142u o teksturowanej powierzchni. Wolny od BPA. Czy to czas na pierwsze z\u0119by Twojego dziecka? W takim razie potrzebujesz gryzaka lub dw\u00f3ch! Uspok\u00f3j swoje dziecko za pomoc\u0105 gryzaka Twistshake, wykonanego z mi\u0119kkiego materia\u0142u o teksturowanej powierzchni, kt\u00f3ra zapewnia przyjemny masa\u017c delikatnym dzi\u0105s\u0142om Twojego dziecka. Specjalnie zaprojektowany dla pierwszych z\u0119b\u00f3w Twojego dziecka. Gryzak ma dwie powierzchnie do u\u017cycia i jest odpowiedni nawet dla najmniejszych niemowl\u0105t. Kszta\u0142t pier\u015bcienia u\u0142atwia dziecku podnoszenie i trzymanie. Oczywi\u015bcie wolne od BPA. Cechy produktu: Nie zawiera BPA \u2013 produkt bezpieczny dla Ciebie i dla Twojego dziecka. Teksturowana powierzchnia &#8211; przynosi ulg\u0119 sw\u0119dz\u0105cym dzi\u0105s\u0142om. Wyj\u0105tkowo lekki i por\u0119czny &#8211; idealny dla ma\u0142ych r\u0105czek. Odpowiedni dla niemowl\u0105t od 1. miesi\u0105ca \u017cycia. Plastik typu PP i TPE &#8211; wyprodukowany z najwy\u017cszej jako\u015bci materia\u0142\u00f3w.<\/p>\n<h2>Twistshake Gryzak Dla Dzieci Na Z\u0105bkowanie 1M White Twistshake<\/h2>\n<p>sabina, parasol szablon do wydruku, origami dla dzieci, kolorowanka my little pony, wycinanki dla dzieci do druku, marianna imi\u0119, traktor z przyczep\u0105 kolorowanka do druku, zdrowe dania dla dzieci, dzie\u0144 pluszowego misia, co na roczek, kolorowanka do druku super zings, cukierku ty \u0142obuzie test, molo w brze\u017anie, teksty ko\u0142ysanek<\/p>\n<p>yyyyy<\/p>\n<p>&nbsp;<\/p>\n","protected":false},"excerpt":{"rendered":"<p>Ju\u017c na pocz\u0105tku z\u0105bkowania zapewnij dziecku przyjemny masa\u017c sw\u0119dz\u0105cymi dzi\u0105s\u0142ami naszym gryzakiem. \u0141atwy do trzymania, wykonany z mi\u0119kkiego materia\u0142u o teksturowanej powierzchni. Wolny od BPA. Czy to czas na pierwsze z\u0119by Twojego dziecka? W takim razie potrzebujesz gryzaka lub dw\u00f3ch! Uspok\u00f3j swoje dziecko za pomoc\u0105 gryzaka Twistshake, wykonanego z mi\u0119kkiego materia\u0142u o teksturowanej powierzchni, kt\u00f3ra [&hellip;]<\/p>\n","protected":false},"featured_media":6825,"comment_status":"closed","ping_status":"open","template":"","meta":[],"product_cat":[63,1505],"product_tag":[758,629,604],"class_list":["post-6824","product","type-product","status-publish","has-post-thumbnail","hentry","product_cat-grzechotki-i-gryzaki","product_cat-twistshake","product_tag-julian","product_tag-smieszne-zagadki-z-odpowiedziami","product_tag-zagadki-trudne"],"_links":{"self":[{"href":"http:\/\/klubmamgdynia.pl\/index.php\/wp-json\/wp\/v2\/product\/6824","targetHints":{"allow":["GET"]}}],"collection":[{"href":"http:\/\/klubmamgdynia.pl\/index.php\/wp-json\/wp\/v2\/product"}],"about":[{"href":"http:\/\/klubmamgdynia.pl\/index.php\/wp-json\/wp\/v2\/types\/product"}],"replies":[{"embeddable":true,"href":"http:\/\/klubmamgdynia.pl\/index.php\/wp-json\/wp\/v2\/comments?post=6824"}],"wp:featuredmedia":[{"embeddable":true,"href":"http:\/\/klubmamgdynia.pl\/index.php\/wp-json\/wp\/v2\/media\/6825"}],"wp:attachment":[{"href":"http:\/\/klubmamgdynia.pl\/index.php\/wp-json\/wp\/v2\/media?parent=6824"}],"wp:term":[{"taxonomy":"product_cat","embeddable":true,"href":"http:\/\/klubmamgdynia.pl\/index.php\/wp-json\/wp\/v2\/product_cat?post=6824"},{"taxonomy":"product_tag","embeddable":true,"href":"http:\/\/klubmamgdynia.pl\/index.php\/wp-json\/wp\/v2\/product_tag?post=6824"}],"curies":[{"name":"wp","href":"https:\/\/api.w.org\/{rel}","templated":true}]}}