{"id":6826,"date":"2022-09-01T10:23:57","date_gmt":"2022-09-01T08:23:57","guid":{"rendered":"http:\/\/klubmamgdynia.pl\/index.php\/produkt\/spin-master-spin-dragon-smoki-saszetka-24szt-66616-6045161\/"},"modified":"2026-05-17T22:06:10","modified_gmt":"2026-05-17T20:06:10","slug":"spin-master-spin-dragon-smoki-saszetka-24szt-66616-6045161","status":"publish","type":"product","link":"http:\/\/klubmamgdynia.pl\/index.php\/produkt\/spin-master-spin-dragon-smoki-saszetka-24szt-66616-6045161\/","title":{"rendered":"Spin Master Spin Dragon Smoki Saszetka 24Szt 66616 6045161"},"content":{"rendered":"<p>Seria Spin Master Dragons nawi\u0105zuje do uwielbianego przez dzieci i doros\u0142ych filmu animowanego &#8222;Jak wytresowa\u0107 smoka 3&#8221;. R\u00f3\u017cnej wielko\u015bci figurki i zestawy, pozwalaj\u0105 na stworzenie wspania\u0142ej scenerii z filmu i rozbudzaj\u0105 wyobra\u017ani\u0119, przenosz\u0105c dzieci do \u015bwiata fantazji, okraszonego skandynawskim krajobrazem i kultur\u0105 Wiking\u00f3w.Ostatni rozdzia\u0142 historii, kt\u00f3ra oszo\u0142omi\u0142a widz\u00f3w na ca\u0142ym \u015bwiecie, z g\u0142\u00f3wnych bohater\u00f3w: Czkawki i smoka Szczerbatka, czyni\u0105c obiekt mi\u0119dzynarodowego uwielbienia. Ma\u0142o kt\u00f3ra seria animowana wzbudza takie emocje zar\u00f3wno w\u015br\u00f3d dzieci, jak i doros\u0142ych. Przed Czkawk\u0105 i Szczerbatkiem zupe\u0142nie nowe przygody, mn\u00f3stwo niebezpiecze\u0144stw, wielkie wyzwania, niezwyk\u0142a wyprawa w nieznane oraz\u2026mi\u0142o\u015b\u0107. Kiedy nad Berk nadci\u0105ga zagro\u017cenie, jakiego nigdy wcze\u015bniej jego mieszka\u0144cy nie do\u015bwiadczyli, Czkawka wie, \u017ce musi zrobi\u0107 wszystko, by uratowa\u0107 smoki. Przyjdzie mu wraz z przyjaci\u00f3\u0142mi uda\u0107 si\u0119 w ekscytuj\u0105c\u0105 podr\u00f3\u017c do mitycznej krainy, w kt\u00f3rej smoki czuj\u0105 si\u0119 bezpieczne. Zaskakuj\u0105ca opowie\u015b\u0107 o dorastaniu oraz odnajdywaniu odwagi, by stawi\u0107 czo\u0142a nieznanemu, a tak\u017ce o tym, jak nigdy si\u0119 nie podda\u0107. Co\u015b, co zacz\u0119\u0142o si\u0119 jako niezwyk\u0142a przyja\u017a\u0144 mi\u0119dzy nastoletnim Wikingiem (Czkawka) a smokiem z gatunku Nocna Furia (Szczerbatek), uros\u0142o do wielkich rozmiar\u00f3w i sta\u0142o si\u0119 jedn\u0105 z najpopularniejszych serii animowanych ostatnich lat.Saszetka z figurk\u0105 Tajemnicze Smoki 20103882. W saszetce znajduje si\u0119 jedna mini figurka smoka. Figurka jest form\u0105 niespodzianki, produkt wysy\u0142amy losowo. Zbierz ca\u0142\u0105 kolekcj\u0119!<\/p>\n<h2>Spin Master Spin Dragon Smoki Saszetka 24Szt 66616 6045161 Spin Master<\/h2>\n<p>wzruszaj\u0105c\u0105 piosenka dla taty, kolorowanka do druku super zings, podchwytliwe zagadki matematyczne, prezent dla 7 letniej dziewczynki, jak narysowa\u0107 sanie miko\u0142aja, dorian, quiz o zwierz\u0119tach domowych, quizy dla dzieci o zwierz\u0119tach, wroc\u0142aw i okolice atrakcje, walentynka dla syna<\/p>\n<p>yyyyy<\/p>\n<p>&nbsp;<\/p>\n","protected":false},"excerpt":{"rendered":"<p>Seria Spin Master Dragons nawi\u0105zuje do uwielbianego przez dzieci i doros\u0142ych filmu animowanego &#8222;Jak wytresowa\u0107 smoka 3&#8221;. R\u00f3\u017cnej wielko\u015bci figurki i zestawy, pozwalaj\u0105 na stworzenie wspania\u0142ej scenerii z filmu i rozbudzaj\u0105 wyobra\u017ani\u0119, przenosz\u0105c dzieci do \u015bwiata fantazji, okraszonego skandynawskim krajobrazem i kultur\u0105 Wiking\u00f3w.Ostatni rozdzia\u0142 historii, kt\u00f3ra oszo\u0142omi\u0142a widz\u00f3w na ca\u0142ym \u015bwiecie, z g\u0142\u00f3wnych bohater\u00f3w: Czkawki [&hellip;]<\/p>\n","protected":false},"featured_media":6827,"comment_status":"closed","ping_status":"open","template":"","meta":[],"product_cat":[95,94],"product_tag":[737,850,857],"class_list":["post-6826","product","type-product","status-publish","has-post-thumbnail","hentry","product_cat-figurki-makiety-i-zestawy","product_cat-spin-master","product_tag-test-z-lektury-felix-net-i-nika-oraz-gang-niewidzialnych-ludzi","product_tag-wroclaw-atrakcje-dla-dzieci","product_tag-zagadki-dla-dzieci-7-8-lat"],"_links":{"self":[{"href":"http:\/\/klubmamgdynia.pl\/index.php\/wp-json\/wp\/v2\/product\/6826","targetHints":{"allow":["GET"]}}],"collection":[{"href":"http:\/\/klubmamgdynia.pl\/index.php\/wp-json\/wp\/v2\/product"}],"about":[{"href":"http:\/\/klubmamgdynia.pl\/index.php\/wp-json\/wp\/v2\/types\/product"}],"replies":[{"embeddable":true,"href":"http:\/\/klubmamgdynia.pl\/index.php\/wp-json\/wp\/v2\/comments?post=6826"}],"wp:featuredmedia":[{"embeddable":true,"href":"http:\/\/klubmamgdynia.pl\/index.php\/wp-json\/wp\/v2\/media\/6827"}],"wp:attachment":[{"href":"http:\/\/klubmamgdynia.pl\/index.php\/wp-json\/wp\/v2\/media?parent=6826"}],"wp:term":[{"taxonomy":"product_cat","embeddable":true,"href":"http:\/\/klubmamgdynia.pl\/index.php\/wp-json\/wp\/v2\/product_cat?post=6826"},{"taxonomy":"product_tag","embeddable":true,"href":"http:\/\/klubmamgdynia.pl\/index.php\/wp-json\/wp\/v2\/product_tag?post=6826"}],"curies":[{"name":"wp","href":"https:\/\/api.w.org\/{rel}","templated":true}]}}