{"id":6828,"date":"2014-03-27T15:30:32","date_gmt":"2014-03-27T14:30:32","guid":{"rendered":"http:\/\/klubmamgdynia.pl\/index.php\/produkt\/ark-therapeutic-gryzak-terapeutyczny-lod-wisiorek-fuksja-bm\/"},"modified":"2026-04-29T17:43:28","modified_gmt":"2026-04-29T15:43:28","slug":"ark-therapeutic-gryzak-terapeutyczny-lod-wisiorek-fuksja-bm","status":"publish","type":"product","link":"http:\/\/klubmamgdynia.pl\/index.php\/produkt\/ark-therapeutic-gryzak-terapeutyczny-lod-wisiorek-fuksja-bm\/","title":{"rendered":"Ark Therapeutic Gryzak Terapeutyczny L\u00f3d Wisiorek Fuksja Bm"},"content":{"rendered":"<p>ARK\u2019S ICE CREAM CHEW NECKLACE &#8211; FUKSJANaszyjnik Ice Cream Chew to idealna propozycja dla wszystkich dzieci poszukuj\u0105cych sensorycznych wra\u017ce\u0144 gryz\u0105c ro\u017cne przedmioty, s\u0142odki kszta\u0142t Lod\u00f3w z du\u017c\u0105 ilo\u015bci\u0105 tekstury idealnie zaspokoi ich potrzeby sensoryczne.Kszta\u0142t loda to \u015bwietna opcja do \u017cucia przednimi z\u0119bami jak r\u00f3wnie\u017c sto\u017ckowaty kszta\u0142t pozwala na swobodne dotarcie do z\u0119b\u00f3w trzonowych. Przeznaczony dla ka\u017cdego, kto czuje potrzeb\u0119 \u017cucia. U\u017cywaj go jako bezpiecznej alternatywy dla \u017cucia o\u0142\u00f3wk\u00f3w, koszulek, palc\u00f3w itp. oraz aby pom\u00f3c w uspokojeniu, skupieniu i samoregulacji.Jak wszystkie produkty ARK, gryzak produkowany jest w Po\u0142udniowej Karolinie w USA i jest dost\u0119pny w 3 kodowanych kolorami poziomach twardo\u015bci:Soft\/Standard \/ Bardzo Mi\u0119kki ( Czerwony, Fuksja, \u017b\u00f3\u0142ty ) \u2013 zalecany do \u0142agodnego \u017cucia, dla os\u00f3b z niskim napi\u0119ciem w jamie ustnej lub os\u00f3b o ograniczonej sile szcz\u0119ki dopiero ucz\u0105cych si\u0119 gryzienia i \u017cucia.XT \/ Medium Firm \/ Mi\u0119kki ( Zielony, R\u00f3\u017cowy, B\u0142\u0119kitny ) \u2013 XT oznacza \u201eXtra Tough\u201d. S\u0105 twardsze, ale nadal do\u015b\u0107 mi\u0119kkie. Polecany dla umiarkowanych prze\u017cuwaczy lub dla os\u00f3b pracuj\u0105cych nad budowaniem si\u0142y szcz\u0119ki mog\u0105 w ko\u0144cu \u201eprzej\u015b\u0107\u201d z Bardzo Mi\u0119kkiego gryzka do XT.XXT \/ Very Firm \/ Twardy ( Niebieski, Pomara\u0144czowy, Fioletowy ) \u2013 XXT oznacza \u201eXtra Xtra Tough\u201d. S\u0105 one ju\u017c bardziej twarde i zapewniaj\u0105 \u017cuchwie najwi\u0119kszy op\u00f3r. \u017badne gryzaki do \u017cucia nie s\u0105 niezniszczalne, ale s\u0105 one bardzo wytrzyma\u0142e, najbardziej wytrzyma\u0142a opcja do gorliwego \u017cucia dla najbardziej zapalonych prze\u017cuwaczy.Odpowiedni Kolor\/Twardo\u015b\u0107 nale\u017cy wybra\u0107 w Menu obok Ceny.Kolory na zdj\u0119ciach mog\u0105 nieznacznie r\u00f3\u017cni\u0107 si\u0119 w rzeczywisto\u015bci.Wyprodukowano w USA.Klasa medyczna, zgodno\u015b\u0107 z FDA Bez BPA, PVC.Nie zawiera o\u0142owiu, ftalan\u00f3w i lateksu.Mo\u017cna my\u0107 w zmywarce.Uwaga: Produkt nie jest zabawk\u0105. Zapi\u0119cie i sznurek nie s\u0105 przeznaczone do \u017cucia. Przeznaczony dla dzieci w wieku od 5 lat.Chocia\u017c gryzaki do \u017cucia s\u0105 mocne i trwa\u0142e, \u017caden z nich nie jest niezniszczalny. Niekt\u00f3re dzieci (szczeg\u00f3lnie te z du\u017cymi potrzebami doustnymi i intensywn\u0105, agresywn\u0105 ch\u0119ci\u0105 gryzienia\/\u017cucia) mog\u0105 by\u0107 w stanie uszkodzi\u0107 gryzak. Zalecany jest ci\u0105g\u0142y nadz\u00f3r i wymiana gryzaka w razie potrzeby, gdy gryzak wykazuje oznaki uszkodze\u0144.Twardo\u015b\u0107 gryzak\u00f3w z serii &#8211; w Skali: 1-6Bardzo Mi\u0119kki &#8211; 1 ( Czerwony, Fuksja, \u017b\u00f3\u0142ty )Mi\u0119kki &#8211; 4 ( Zielony, R\u00f3\u017cowy, B\u0142\u0119kitny )Twardy &#8211; 6 ( Niebieski, Pomara\u0144czowy, Fioletowy )Ka\u017cdy z gryzak\u00f3w dost\u0119pny jest na osobnej aukcji<\/p>\n<h2>Ark Therapeutic Gryzak Terapeutyczny L\u00f3d Wisiorek Fuksja Bm <\/h2>\n<p>wierszyki na lany poniedzia\u0142ek, \u015bwi\u0119ty przemys\u0142aw, zabawy dla 5-6 latk\u00f3w, jak dobra\u0107 narty dla dziecka, pomys\u0142y na dzie\u0144 dziecka dla nastolatk\u00f3w, karteczki wydruku wr\u00f3\u017cby andrzejkowe dla dzieci, gabriel imi\u0119, sky kolorowanka, szablony postacie do szopki do druku, z\u0142ote my\u015bli pedagogiczne, wierszyk o choince, kolorowanka pokemon, kr\u00f3tkie zagadki dla doros\u0142ych, rebusy i krzy\u017c\u00f3wki dla dzieci do druku, zagadki na logike, aurelia imi\u0119, kolorowanki \u015bwinka peppa, bajki o ksi\u0119\u017cniczkach do czytania<\/p>\n<p>yyyyy<\/p>\n<p>&nbsp;<\/p>\n","protected":false},"excerpt":{"rendered":"<p>ARK\u2019S ICE CREAM CHEW NECKLACE &#8211; FUKSJANaszyjnik Ice Cream Chew to idealna propozycja dla wszystkich dzieci poszukuj\u0105cych sensorycznych wra\u017ce\u0144 gryz\u0105c ro\u017cne przedmioty, s\u0142odki kszta\u0142t Lod\u00f3w z du\u017c\u0105 ilo\u015bci\u0105 tekstury idealnie zaspokoi ich potrzeby sensoryczne.Kszta\u0142t loda to \u015bwietna opcja do \u017cucia przednimi z\u0119bami jak r\u00f3wnie\u017c sto\u017ckowaty kszta\u0142t pozwala na swobodne dotarcie do z\u0119b\u00f3w trzonowych. Przeznaczony dla [&hellip;]<\/p>\n","protected":false},"featured_media":6829,"comment_status":"closed","ping_status":"open","template":"","meta":[],"product_cat":[63],"product_tag":[722,622,583,814,623],"class_list":["post-6828","product","type-product","status-publish","has-post-thumbnail","hentry","product_cat-grzechotki-i-gryzaki","product_tag-cytaty-o-przyjazni","product_tag-fajne-zagadki","product_tag-kolysanki-dla-dzieci-tekst","product_tag-prezenty-dla-nastolatek","product_tag-zagadki-logiczne-smieszne"],"_links":{"self":[{"href":"http:\/\/klubmamgdynia.pl\/index.php\/wp-json\/wp\/v2\/product\/6828","targetHints":{"allow":["GET"]}}],"collection":[{"href":"http:\/\/klubmamgdynia.pl\/index.php\/wp-json\/wp\/v2\/product"}],"about":[{"href":"http:\/\/klubmamgdynia.pl\/index.php\/wp-json\/wp\/v2\/types\/product"}],"replies":[{"embeddable":true,"href":"http:\/\/klubmamgdynia.pl\/index.php\/wp-json\/wp\/v2\/comments?post=6828"}],"wp:featuredmedia":[{"embeddable":true,"href":"http:\/\/klubmamgdynia.pl\/index.php\/wp-json\/wp\/v2\/media\/6829"}],"wp:attachment":[{"href":"http:\/\/klubmamgdynia.pl\/index.php\/wp-json\/wp\/v2\/media?parent=6828"}],"wp:term":[{"taxonomy":"product_cat","embeddable":true,"href":"http:\/\/klubmamgdynia.pl\/index.php\/wp-json\/wp\/v2\/product_cat?post=6828"},{"taxonomy":"product_tag","embeddable":true,"href":"http:\/\/klubmamgdynia.pl\/index.php\/wp-json\/wp\/v2\/product_tag?post=6828"}],"curies":[{"name":"wp","href":"https:\/\/api.w.org\/{rel}","templated":true}]}}