{"id":6832,"date":"2019-10-30T08:48:01","date_gmt":"2019-10-30T07:48:01","guid":{"rendered":"http:\/\/klubmamgdynia.pl\/index.php\/produkt\/mamaspapas-strada-ivy-spacerowy\/"},"modified":"2026-05-17T22:13:28","modified_gmt":"2026-05-17T20:13:28","slug":"mamaspapas-strada-ivy-spacerowy","status":"publish","type":"product","link":"http:\/\/klubmamgdynia.pl\/index.php\/produkt\/mamaspapas-strada-ivy-spacerowy\/","title":{"rendered":"Mamas&amp;Papas Strada Ivy Spacerowy"},"content":{"rendered":"<p>Mamas&amp;Papas Strada to bardzo kompaktowy w\u00f3zek, dzi\u0119ki czemu mo\u017cesz go \u0142atwo przechowywa\u0107 w samochodzie, w kawiarni lub w domu. Prowadzenie przez ciasne ulice i ruchliwe sklepy jest \u0142atwe dzi\u0119ki ma\u0142ej i lekkiej ramie, a mocny bie\u017cnik opony przydaje si\u0119, gdy chcesz dosta\u0107 si\u0119 do ulubionych miejsc piknikowych.<\/p>\n<h2>Mamas&amp;Papas Strada Ivy Spacerowy Mamas&amp;Papas<\/h2>\n<p>zaproszenie na urodziny dziecka do druku, wiosna zagadki s\u0142owne, bajki do czytania dla ch\u0142opc\u00f3w, test z opowie\u015bci z narnii, zgadywanki dla dzieci, aaa kotki dwa tekst, zagadki dla dzieci 14 lat, test z ani z zielonego wzg\u00f3rza, flagi \u015bwiata quiz, bajki dla dzieci online, quiz flagi \u015bwiata, medrcy swiata, asiunia test, bajki dla chlopcow, zagadki dla 9 latk\u00f3w, zadania dla 7 latka do druku<\/p>\n<p>yyyyy<\/p>\n<p>&nbsp;<\/p>\n","protected":false},"excerpt":{"rendered":"<p>Mamas&amp;Papas Strada to bardzo kompaktowy w\u00f3zek, dzi\u0119ki czemu mo\u017cesz go \u0142atwo przechowywa\u0107 w samochodzie, w kawiarni lub w domu. Prowadzenie przez ciasne ulice i ruchliwe sklepy jest \u0142atwe dzi\u0119ki ma\u0142ej i lekkiej ramie, a mocny bie\u017cnik opony przydaje si\u0119, gdy chcesz dosta\u0107 si\u0119 do ulubionych miejsc piknikowych. Mamas&amp;Papas Strada Ivy Spacerowy Mamas&amp;Papas zaproszenie na urodziny [&hellip;]<\/p>\n","protected":false},"featured_media":6833,"comment_status":"closed","ping_status":"open","template":"","meta":[],"product_cat":[1476,71],"product_tag":[871,651,849],"class_list":["post-6832","product","type-product","status-publish","has-post-thumbnail","hentry","product_cat-mamaspapas","product_cat-wozki-spacerowe","product_tag-bajka-o-smoku-wawelskim","product_tag-quizy-online","product_tag-zagadki-matematyczne-dla-dzieci"],"_links":{"self":[{"href":"http:\/\/klubmamgdynia.pl\/index.php\/wp-json\/wp\/v2\/product\/6832","targetHints":{"allow":["GET"]}}],"collection":[{"href":"http:\/\/klubmamgdynia.pl\/index.php\/wp-json\/wp\/v2\/product"}],"about":[{"href":"http:\/\/klubmamgdynia.pl\/index.php\/wp-json\/wp\/v2\/types\/product"}],"replies":[{"embeddable":true,"href":"http:\/\/klubmamgdynia.pl\/index.php\/wp-json\/wp\/v2\/comments?post=6832"}],"wp:featuredmedia":[{"embeddable":true,"href":"http:\/\/klubmamgdynia.pl\/index.php\/wp-json\/wp\/v2\/media\/6833"}],"wp:attachment":[{"href":"http:\/\/klubmamgdynia.pl\/index.php\/wp-json\/wp\/v2\/media?parent=6832"}],"wp:term":[{"taxonomy":"product_cat","embeddable":true,"href":"http:\/\/klubmamgdynia.pl\/index.php\/wp-json\/wp\/v2\/product_cat?post=6832"},{"taxonomy":"product_tag","embeddable":true,"href":"http:\/\/klubmamgdynia.pl\/index.php\/wp-json\/wp\/v2\/product_tag?post=6832"}],"curies":[{"name":"wp","href":"https:\/\/api.w.org\/{rel}","templated":true}]}}