{"id":6836,"date":"2019-06-14T14:22:05","date_gmt":"2019-06-14T12:22:05","guid":{"rendered":"http:\/\/klubmamgdynia.pl\/index.php\/produkt\/vidaxl-krzeselko-do-karmienia-dzieci-rozowo-biale\/"},"modified":"2026-04-03T21:22:57","modified_gmt":"2026-04-03T19:22:57","slug":"vidaxl-krzeselko-do-karmienia-dzieci-rozowo-biale","status":"publish","type":"product","link":"http:\/\/klubmamgdynia.pl\/index.php\/produkt\/vidaxl-krzeselko-do-karmienia-dzieci-rozowo-biale\/","title":{"rendered":"VidaXL Krzese\u0142ko Do Karmienia Dzieci R\u00f3\u017cowo-Bia\u0142e"},"content":{"rendered":"<p>Dodaj rado\u015b\u0107 do posi\u0142k\u00f3w dzi\u0119ki temu sk\u0142adanemu krzese\u0142ku do karmienia dzieci! Wykonano je ze stalowej ramy i mocnego plastiku, aby zapewni\u0107 trwa\u0142o\u015b\u0107 i wytrzyma\u0142o\u015b\u0107, a tym samym znakomite podparcie dla Twojego maluszka. Wy\u015bcie\u0142ane siedzisko z mi\u0119kk\u0105 tkanin\u0105 zewn\u0119trzn\u0105 i 5-punktowymi pasami zapewnia wi\u0119kszy komfort i bezpiecze\u0144stwa dziecka w czasie posi\u0142ku. Przymocowan\u0105 tac\u0119 mo\u017cna \u0142atwo przetrze\u0107 wilgotn\u0105 \u015bciereczk\u0105. Krzese\u0142ko mo\u017cna rozstawi\u0107 w zaledwie kilka sekund, a podp\u00f3rk\u0119 na n\u00f3\u017cki dziecka mo\u017cna regulowa\u0107. Dzi\u0119ki kompaktowej konstrukcji to wysokie krzese\u0142ko sk\u0142ada si\u0119 szybko, u\u0142atwiaj\u0105c jego schowanie albo zapakowanie do samochodu na wyjazd.<\/p>\n<h2>VidaXL Krzese\u0142ko Do Karmienia Dzieci R\u00f3\u017cowo-Bia\u0142e VidaXL<\/h2>\n<p>test z lektury magiczne drzewo czerwone krzes\u0142o, praktyczny prezent dla rocznego dziecka, buziak gify na dobranoc smieszne, karty pracy dla dzieci z ukrainy pdf, prezent na roczek dla chrze\u015bniaka, rado\u015b\u0107 dziecka cytaty, alfabet kolorowanki, piosenka przyjed\u017a do nas miko\u0142aju, imi\u0119 r\u00f3\u017ca, \u015bwinka peppa kolorowanka do druku, bajki na dobranoc psi patrol, piosenka dla mamy tekst, wiosenna kolorowanka, peppa do czytania, roszpunka kolorowanka, jak narysowa\u0107 kota, paj\u0105czek na rowerze test, wierszyk o choince<\/p>\n<p>yyyyy<\/p>\n<p>&nbsp;<\/p>\n","protected":false},"excerpt":{"rendered":"<p>Dodaj rado\u015b\u0107 do posi\u0142k\u00f3w dzi\u0119ki temu sk\u0142adanemu krzese\u0142ku do karmienia dzieci! Wykonano je ze stalowej ramy i mocnego plastiku, aby zapewni\u0107 trwa\u0142o\u015b\u0107 i wytrzyma\u0142o\u015b\u0107, a tym samym znakomite podparcie dla Twojego maluszka. Wy\u015bcie\u0142ane siedzisko z mi\u0119kk\u0105 tkanin\u0105 zewn\u0119trzn\u0105 i 5-punktowymi pasami zapewnia wi\u0119kszy komfort i bezpiecze\u0144stwa dziecka w czasie posi\u0142ku. Przymocowan\u0105 tac\u0119 mo\u017cna \u0142atwo przetrze\u0107 [&hellip;]<\/p>\n","protected":false},"featured_media":6837,"comment_status":"closed","ping_status":"open","template":"","meta":[],"product_cat":[158,23],"product_tag":[776,740,667,659,712],"class_list":["post-6836","product","type-product","status-publish","has-post-thumbnail","hentry","product_cat-krzeselka-do-karmienia","product_cat-vidaxl","product_tag-dobrej-nocy","product_tag-fajne-prezenty-dla-nastolatkow","product_tag-kolorowanka-lol","product_tag-tupu-tup-po-sniegu-tekst","product_tag-zagadki-o-zwierzetach"],"_links":{"self":[{"href":"http:\/\/klubmamgdynia.pl\/index.php\/wp-json\/wp\/v2\/product\/6836","targetHints":{"allow":["GET"]}}],"collection":[{"href":"http:\/\/klubmamgdynia.pl\/index.php\/wp-json\/wp\/v2\/product"}],"about":[{"href":"http:\/\/klubmamgdynia.pl\/index.php\/wp-json\/wp\/v2\/types\/product"}],"replies":[{"embeddable":true,"href":"http:\/\/klubmamgdynia.pl\/index.php\/wp-json\/wp\/v2\/comments?post=6836"}],"wp:featuredmedia":[{"embeddable":true,"href":"http:\/\/klubmamgdynia.pl\/index.php\/wp-json\/wp\/v2\/media\/6837"}],"wp:attachment":[{"href":"http:\/\/klubmamgdynia.pl\/index.php\/wp-json\/wp\/v2\/media?parent=6836"}],"wp:term":[{"taxonomy":"product_cat","embeddable":true,"href":"http:\/\/klubmamgdynia.pl\/index.php\/wp-json\/wp\/v2\/product_cat?post=6836"},{"taxonomy":"product_tag","embeddable":true,"href":"http:\/\/klubmamgdynia.pl\/index.php\/wp-json\/wp\/v2\/product_tag?post=6836"}],"curies":[{"name":"wp","href":"https:\/\/api.w.org\/{rel}","templated":true}]}}