{"id":6838,"date":"2020-04-21T22:49:00","date_gmt":"2020-04-21T20:49:00","guid":{"rendered":"http:\/\/klubmamgdynia.pl\/index.php\/produkt\/goki-ukladanka-przebieranka-z-drewna\/"},"modified":"2026-04-04T06:44:51","modified_gmt":"2026-04-04T04:44:51","slug":"goki-ukladanka-przebieranka-z-drewna","status":"publish","type":"product","link":"http:\/\/klubmamgdynia.pl\/index.php\/produkt\/goki-ukladanka-przebieranka-z-drewna\/","title":{"rendered":"Goki Uk\u0142adanka Przebieranka Z Drewna"},"content":{"rendered":"<p>\u015awietna kreatywna zabawa mo\u017ce zacz\u0105\u0107 si\u0119 w\u0142a\u015bnie teraz! Przy pomocy uk\u0142adanki-przebieranki z drewna Nowy wygl\u0105d marki Goki wykonanej z drewna i pomalowanej na pi\u0119kne kolory, zabawa mo\u017ce trwa\u0107 ci\u0105gle.W pude\u0142eczku znajduje si\u0119 a\u017c 36 element\u00f3w, kt\u00f3re mo\u017cna wykorzysta\u0107 do ubierania i przebierania naszych dziewczynek i ch\u0142opczyk\u00f3w. R\u00f3\u017cne ciekawe stylizacje poprzez po\u0142\u0105czenie styl\u00f3w mog\u0105 da\u0107 piorunuj\u0105cy fina\u0142. Maluszki mog\u0105 obra\u0107 schemat i dopasowywa\u0107 ubranka kolorystycznie i dodatkowo uczy\u0107 si\u0119 nazw.Uk\u0142adanka Goki kszta\u0142tuje wyobra\u017ani\u0119, \u0107wiczy zdolno\u015bci manualne, a przy tym \u015bwietnie gospodaruje wolny czas. Taka ubieranka dla dzieci to ciekawy upominek na urodziny dla 3 latka.Wymiary zabawki: 21,2 x 14 x 4,2 cm<\/p>\n<h2>Goki Uk\u0142adanka Przebieranka Z Drewna Goki<\/h2>\n<p>opis rodzina, zagadki przyrodnicze, m\u0105dra my\u015bl na dobranoc, cytaty o dzieci\u0144stwie, kolorowanki my little pony, psikusy na prima aprilis, dalia imi\u0119<\/p>\n<p>yyyyy<\/p>\n<p>&nbsp;<\/p>\n","protected":false},"excerpt":{"rendered":"<p>\u015awietna kreatywna zabawa mo\u017ce zacz\u0105\u0107 si\u0119 w\u0142a\u015bnie teraz! Przy pomocy uk\u0142adanki-przebieranki z drewna Nowy wygl\u0105d marki Goki wykonanej z drewna i pomalowanej na pi\u0119kne kolory, zabawa mo\u017ce trwa\u0107 ci\u0105gle.W pude\u0142eczku znajduje si\u0119 a\u017c 36 element\u00f3w, kt\u00f3re mo\u017cna wykorzysta\u0107 do ubierania i przebierania naszych dziewczynek i ch\u0142opczyk\u00f3w. R\u00f3\u017cne ciekawe stylizacje poprzez po\u0142\u0105czenie styl\u00f3w mog\u0105 da\u0107 piorunuj\u0105cy [&hellip;]<\/p>\n","protected":false},"featured_media":6839,"comment_status":"closed","ping_status":"open","template":"","meta":[],"product_cat":[227,99],"product_tag":[839,716,607],"class_list":["post-6838","product","type-product","status-publish","has-post-thumbnail","hentry","product_cat-goki","product_cat-zabawki-ekologiczne","product_tag-bajki-na-dobranoc-do-czytania","product_tag-filmy-animowane-o-swietach","product_tag-zarty-na-prima-aprilis-dla-rodzicow"],"_links":{"self":[{"href":"http:\/\/klubmamgdynia.pl\/index.php\/wp-json\/wp\/v2\/product\/6838","targetHints":{"allow":["GET"]}}],"collection":[{"href":"http:\/\/klubmamgdynia.pl\/index.php\/wp-json\/wp\/v2\/product"}],"about":[{"href":"http:\/\/klubmamgdynia.pl\/index.php\/wp-json\/wp\/v2\/types\/product"}],"replies":[{"embeddable":true,"href":"http:\/\/klubmamgdynia.pl\/index.php\/wp-json\/wp\/v2\/comments?post=6838"}],"wp:featuredmedia":[{"embeddable":true,"href":"http:\/\/klubmamgdynia.pl\/index.php\/wp-json\/wp\/v2\/media\/6839"}],"wp:attachment":[{"href":"http:\/\/klubmamgdynia.pl\/index.php\/wp-json\/wp\/v2\/media?parent=6838"}],"wp:term":[{"taxonomy":"product_cat","embeddable":true,"href":"http:\/\/klubmamgdynia.pl\/index.php\/wp-json\/wp\/v2\/product_cat?post=6838"},{"taxonomy":"product_tag","embeddable":true,"href":"http:\/\/klubmamgdynia.pl\/index.php\/wp-json\/wp\/v2\/product_tag?post=6838"}],"curies":[{"name":"wp","href":"https:\/\/api.w.org\/{rel}","templated":true}]}}