{"id":6842,"date":"2024-03-20T02:19:01","date_gmt":"2024-03-20T01:19:01","guid":{"rendered":"http:\/\/klubmamgdynia.pl\/?post_type=product&#038;p=6842"},"modified":"2026-04-20T18:15:17","modified_gmt":"2026-04-20T16:15:17","slug":"prince-lionheart-prince-lionhearts-booster-krzeselko-turystyczne-szary","status":"publish","type":"product","link":"http:\/\/klubmamgdynia.pl\/index.php\/produkt\/prince-lionheart-prince-lionhearts-booster-krzeselko-turystyczne-szary\/","title":{"rendered":"Prince Lionheart Prince Lionhearts Booster Krzeselko Turystyczne &#8211; Szary"},"content":{"rendered":"<p>PRINCE LIONHEARTS BOOSTER To ju\u017c czas, aby nasze pociechy zasiad\u0142y przy stole z rodzin\u0105. Mocno wierzymy w &#8222;moc&#8221; rodzinnych obiad\u00f3w i odpowiednie maniery przy stole, wi\u0119c zaprojektowali\u015bmy to ma\u0142e siedzisko, aby pom\u00f3c nowicjuszom opanowa\u0107 swoje umiej\u0119tno\u015bci. Sztywna podstawa zapewnia bezpiecze\u0144stwo. Mi\u0119ciutkie siedzisko zapewnia wygod\u0119. Yin i yang. 18 miesi\u0119cy + CECHY Czas zasi\u0105\u015b\u0107 przy stole Trzypunktowe pasy bezpiecze\u0144stwa i system pas\u00f3w mocuj\u0105cych Idealne po\u0142\u0105czenie \u2013 stabilna baza i mi\u0119kkie siedzisko Antypo\u015blizgowa podstawa, zapobiegaj\u0105ca \u015bladom na meblach Wodoodporne, lekkie i \u0142atwe w czyszczeniu szeroko\u015b\u0107: ok. 36 cm wysoko\u015b\u0107: ok. 19,90 cm d\u0142ugo\u015b\u0107: ok. 37 cm<\/p>\n<h2>Prince Lionheart Prince Lionhearts Booster Krzeselko Turystyczne &#8211; Szary Prince Lionheart<\/h2>\n<p>lokomotywa kolorowanka, sa\u0142atki dla dzieci, kolorowanka wakacje, proste zagadki logiczne, janusz korczak cytaty, prima aprilis pomys\u0142y, co oznacza jordan, test wiedzy zemsta, kwiatek kwiaty do druku szablony, kolorowanki antystresowe, tekst ko\u0142ysanki, gry edukacyjne dla dzieci online za darmo, na roczek dla dziewczynki, quiz narnia lew czarownica i stara szafa, pia<\/p>\n<p>yyyyy<\/p>\n<p>&nbsp;<\/p>\n","protected":false},"excerpt":{"rendered":"<p>PRINCE LIONHEARTS BOOSTER To ju\u017c czas, aby nasze pociechy zasiad\u0142y przy stole z rodzin\u0105. Mocno wierzymy w &#8222;moc&#8221; rodzinnych obiad\u00f3w i odpowiednie maniery przy stole, wi\u0119c zaprojektowali\u015bmy to ma\u0142e siedzisko, aby pom\u00f3c nowicjuszom opanowa\u0107 swoje umiej\u0119tno\u015bci. Sztywna podstawa zapewnia bezpiecze\u0144stwo. Mi\u0119ciutkie siedzisko zapewnia wygod\u0119. Yin i yang. 18 miesi\u0119cy + CECHY Czas zasi\u0105\u015b\u0107 przy stole [&hellip;]<\/p>\n","protected":false},"featured_media":6843,"comment_status":"closed","ping_status":"open","template":"","meta":[],"product_cat":[158,1349],"product_tag":[766,645,661,778,592],"class_list":["post-6842","product","type-product","status-publish","has-post-thumbnail","hentry","product_cat-krzeselka-do-karmienia","product_cat-prince-lionheart","product_tag-kira","product_tag-latwe-zagadki","product_tag-swinka-peppa-kolorowanka","product_tag-zabawki-na-roczek-dla-chlopca","product_tag-zagadki-dla-dzieci"],"_links":{"self":[{"href":"http:\/\/klubmamgdynia.pl\/index.php\/wp-json\/wp\/v2\/product\/6842","targetHints":{"allow":["GET"]}}],"collection":[{"href":"http:\/\/klubmamgdynia.pl\/index.php\/wp-json\/wp\/v2\/product"}],"about":[{"href":"http:\/\/klubmamgdynia.pl\/index.php\/wp-json\/wp\/v2\/types\/product"}],"replies":[{"embeddable":true,"href":"http:\/\/klubmamgdynia.pl\/index.php\/wp-json\/wp\/v2\/comments?post=6842"}],"wp:featuredmedia":[{"embeddable":true,"href":"http:\/\/klubmamgdynia.pl\/index.php\/wp-json\/wp\/v2\/media\/6843"}],"wp:attachment":[{"href":"http:\/\/klubmamgdynia.pl\/index.php\/wp-json\/wp\/v2\/media?parent=6842"}],"wp:term":[{"taxonomy":"product_cat","embeddable":true,"href":"http:\/\/klubmamgdynia.pl\/index.php\/wp-json\/wp\/v2\/product_cat?post=6842"},{"taxonomy":"product_tag","embeddable":true,"href":"http:\/\/klubmamgdynia.pl\/index.php\/wp-json\/wp\/v2\/product_tag?post=6842"}],"curies":[{"name":"wp","href":"https:\/\/api.w.org\/{rel}","templated":true}]}}