{"id":6844,"date":"2011-09-17T23:52:44","date_gmt":"2011-09-17T21:52:44","guid":{"rendered":"http:\/\/klubmamgdynia.pl\/index.php\/produkt\/cybex-lemo-bouncer-lezaczek-czarny\/"},"modified":"2026-04-04T00:50:53","modified_gmt":"2026-04-03T22:50:53","slug":"cybex-lemo-bouncer-lezaczek-czarny","status":"publish","type":"product","link":"http:\/\/klubmamgdynia.pl\/index.php\/produkt\/cybex-lemo-bouncer-lezaczek-czarny\/","title":{"rendered":"Cybex Lemo Bouncer Le\u017caczek Czarny"},"content":{"rendered":"<p>Od narodzin do 6 miesi\u0119cy; ok. 9 kg \u2013 z systemem pi\u0119ciopunktowych pas\u00f3w bezpiecze\u0144stwa,Od 6 miesi\u0119cy do 3 lat; ok. 15 kg \u2013 bez systemu pi\u0119ciopunktowych pas\u00f3w bezpiecze\u0144stwa,Le\u017caczek gwarantuje maluchom doskona\u0142\u0105 zabaw\u0119 podczas weso\u0142ego odbijania i podskakiwania oraz idealne miejsce na wyciszenie i spokojn\u0105 drzemk\u0119 po zabawie,Regulowane oparcie le\u017caczka zapewnia idealn\u0105 pozycj\u0119 do spania i do karmienia, zapewniaj\u0105c maluszkowi mn\u00f3stwo wygody,Elegancki, minimalistyczny design nawi\u0105zuj\u0105cy do niemieckiej szko\u0142y projektowania Bauhaus,Siateczkowy oddychaj\u0105cy materia\u0142 zapewni Twojemu dziecku najwy\u017cszy komfort podczas upalnych dni,Mi\u0119kko wy\u015bcie\u0142ane szelki zapewniaj\u0105 dziecku najwy\u017cszy komfort. Opcjonalne paski naramienne zapewniaj\u0105 dodatkowe bezpiecze\u0144stwo i spok\u00f3j,Zawiera wk\u0142adk\u0119 dla noworodka, zapewniaj\u0105c\u0105 bezpiecze\u0144stwo, ergonomiczn\u0105 pozycj\u0119 i komfort ju\u017c od pierwszego dnia \u017cycia. Zag\u0142\u00f3wek stabilizuj\u0105cy g\u0142\u00f3wk\u0119 niemowl\u0119cia zapewnia dodatkowe wsparcie,LEMO Bouncer \u0142atwo si\u0119 sk\u0142ada i rozk\u0142ada dzi\u0119ki swojemu systemowi one-click,Zaprojektowany i skonstruowany w Niemczech,D\u0142ugo\u015b\u0107: 61 cm. Szeroko\u015b\u0107: 44 cm Wysoko\u015b\u0107: 46 cm,Waga: 3.6 kg,Piel\u0119gnacja: Tapicerk\u0119 mo\u017cna pra\u0107 w pralce automatycznej w temperaturze 30\u00b0,W zestawie: Stela\u017c Cybex\u00ae Lemo\u2122 Bouncer z szelkami, tapicerka le\u017caczka z wk\u0142adk\u0105 dla noworodka i zag\u0142\u00f3wkiem stabilizuj\u0105cym g\u0142\u00f3wk\u0119 niemowl\u0119cia,Numer katalogowy producenta: 521003263,Kod EAN: 4063846172054,Kolor: Sand White.<\/p>\n<h2>Cybex Lemo Bouncer Le\u017caczek Czarny Cybex<\/h2>\n<p>gad\u017cety dla m\u0142odzie\u017cy 2020, zagadki matematyczne dla dzieci 7 lat, sonia imi\u0119, maska dinozaura, wz\u00f3r dyplomu do pobrania, co na roczek dla dziewczynki, zagadki dla ma\u0142ych dzieci, atrakcje dla dzieci warszawa 2021, test znaki drogowe, oryginalny prezent na roczek dla ch\u0142opca, z\u0142ote my\u015bli pedagogiczne, tajemniczy ogr\u00f3d test z lektury, marianna imi\u0119, wzory dyplom\u00f3w do pobrania, z\u0142ote my\u015bli o przyja\u017ani<\/p>\n<p>yyyyy<\/p>\n<p>&nbsp;<\/p>\n","protected":false},"excerpt":{"rendered":"<p>Od narodzin do 6 miesi\u0119cy; ok. 9 kg \u2013 z systemem pi\u0119ciopunktowych pas\u00f3w bezpiecze\u0144stwa,Od 6 miesi\u0119cy do 3 lat; ok. 15 kg \u2013 bez systemu pi\u0119ciopunktowych pas\u00f3w bezpiecze\u0144stwa,Le\u017caczek gwarantuje maluchom doskona\u0142\u0105 zabaw\u0119 podczas weso\u0142ego odbijania i podskakiwania oraz idealne miejsce na wyciszenie i spokojn\u0105 drzemk\u0119 po zabawie,Regulowane oparcie le\u017caczka zapewnia idealn\u0105 pozycj\u0119 do spania i [&hellip;]<\/p>\n","protected":false},"featured_media":6845,"comment_status":"closed","ping_status":"open","template":"","meta":[],"product_cat":[34,158],"product_tag":[808,847,720,690,769,809,597],"class_list":["post-6844","product","type-product","status-publish","has-post-thumbnail","hentry","product_cat-cybex","product_cat-krzeselka-do-karmienia","product_tag-imie-mia","product_tag-kolorowanki-pokemon","product_tag-malowanki","product_tag-pieski-male-dwa-tekst","product_tag-psi-patrol-do-czytania","product_tag-zagadki","product_tag-zagadki-o-zimie"],"_links":{"self":[{"href":"http:\/\/klubmamgdynia.pl\/index.php\/wp-json\/wp\/v2\/product\/6844","targetHints":{"allow":["GET"]}}],"collection":[{"href":"http:\/\/klubmamgdynia.pl\/index.php\/wp-json\/wp\/v2\/product"}],"about":[{"href":"http:\/\/klubmamgdynia.pl\/index.php\/wp-json\/wp\/v2\/types\/product"}],"replies":[{"embeddable":true,"href":"http:\/\/klubmamgdynia.pl\/index.php\/wp-json\/wp\/v2\/comments?post=6844"}],"wp:featuredmedia":[{"embeddable":true,"href":"http:\/\/klubmamgdynia.pl\/index.php\/wp-json\/wp\/v2\/media\/6845"}],"wp:attachment":[{"href":"http:\/\/klubmamgdynia.pl\/index.php\/wp-json\/wp\/v2\/media?parent=6844"}],"wp:term":[{"taxonomy":"product_cat","embeddable":true,"href":"http:\/\/klubmamgdynia.pl\/index.php\/wp-json\/wp\/v2\/product_cat?post=6844"},{"taxonomy":"product_tag","embeddable":true,"href":"http:\/\/klubmamgdynia.pl\/index.php\/wp-json\/wp\/v2\/product_tag?post=6844"}],"curies":[{"name":"wp","href":"https:\/\/api.w.org\/{rel}","templated":true}]}}